{"id":956340,"date":"2024-03-19T12:55:51","date_gmt":"2024-03-19T11:55:51","guid":{"rendered":"https:\/\/www.claret.cat\/llibre\/marina-9788408285076\/"},"modified":"2026-02-21T10:50:56","modified_gmt":"2026-02-21T09:50:56","slug":"marina-9788408285076","status":"publish","type":"product","link":"https:\/\/www.claret.cat\/es\/libro\/marina-9788408285076\/","title":{"rendered":"MARINA"},"content":{"rendered":"<p>DONDE EMPIEZA LA LEYENDAEn la Barcelona de 1980 \u00d3scar Drai sue\u00f1a despierto, deslumbrado por los palacetes modernistas cercanos al internado en el que estudia. En una de sus escapadas conoce a Marina, una chica audaz que comparte con \u00d3scar la aventura de adentrarse en un enigma doloroso del pasado de la ciudad. Un misterioso personaje de la posguerra se propuso el mayor desaf\u00edo imaginable, pero su ambici\u00f3n lo arrastr\u00f3 por sendas siniestras cuyas consecuencias debe pagar alguien todav\u00eda hoy.<\/p>\n<p>\u00abQuince a\u00f1os m\u00e1s tarde, la memoria de aquel d\u00eda ha vuelto a m\u00ed. He visto a aquel muchacho vagando entre las brumas de la estaci\u00f3n de Francia y el nombre de Marina se ha encendido de nuevo como una herida fresca. Todos tenemos un secreto encerrado bajo llave en el \u00e1tico del alma. \u00c9ste es el m\u00edo.\u00bb<\/p>\n","protected":false},"excerpt":{"rendered":"<p>RUIZ ZAF\u00d3N, CARLOS<\/p>\n","protected":false},"featured_media":1085409,"template":"","meta":{"_acf_changed":false,"om_disable_all_campaigns":false,"rs_blank_template":"","rs_page_bg_color":"","slide_template_v7":"","inline_featured_image":false,"_monsterinsights_skip_tracking":false,"_monsterinsights_sitenote_active":false,"_monsterinsights_sitenote_note":"","_monsterinsights_sitenote_category":0},"product_brand":[],"product_cat":[127,357],"product_tag":[],"class_list":{"0":"post-956340","1":"product","2":"type-product","3":"status-publish","4":"has-post-thumbnail","6":"product_cat-novella-contemporania","7":"product_cat-novela-contemporanea","9":"first","10":"outofstock","11":"taxable","12":"shipping-taxable","13":"purchasable","14":"product-type-simple"},"acf":{"autor":"RUIZ ZAF\u00d3N, CARLOS","codart":"840828507","libros-coleccion":"Biblioteca Carlos Ruiz Zaf\u00f3n","ediciones":"1","encuadernacion":"R\u00fastica","fecha_de_publicacion":"01\/03\/2024","novedad":"0","paginas":"289","subtitulo":"EDICI\u00d3N 25. ANIVERSARIO","orden":"0","portada":"0","idioma":"spa","editorial":[{"ID":6233,"post_author":"3","post_date":"2022-07-28 17:47:48","post_date_gmt":"2022-07-28 15:47:48","post_content":"","post_title":"EDITORIAL PLANETA","post_excerpt":"","post_status":"publish","comment_status":"closed","ping_status":"closed","post_password":"","post_name":"editorial-planeta","to_ping":"","pinged":"","post_modified":"2022-07-28 17:47:48","post_modified_gmt":"2022-07-28 15:47:48","post_content_filtered":"","post_parent":0,"guid":"http:\/\/dev.claret.cat\/editorial\/editorial-planeta\/","menu_order":0,"post_type":"editorial","post_mime_type":"","comment_count":"0","filter":"raw"}],"booktrailer":"","resenas":""},"aioseo_notices":[],"_links":{"self":[{"href":"https:\/\/www.claret.cat\/es\/wp-json\/wp\/v2\/product\/956340","targetHints":{"allow":["GET"]}}],"collection":[{"href":"https:\/\/www.claret.cat\/es\/wp-json\/wp\/v2\/product"}],"about":[{"href":"https:\/\/www.claret.cat\/es\/wp-json\/wp\/v2\/types\/product"}],"wp:featuredmedia":[{"embeddable":true,"href":"https:\/\/www.claret.cat\/es\/wp-json\/wp\/v2\/media\/1085409"}],"wp:attachment":[{"href":"https:\/\/www.claret.cat\/es\/wp-json\/wp\/v2\/media?parent=956340"}],"wp:term":[{"taxonomy":"product_brand","embeddable":true,"href":"https:\/\/www.claret.cat\/es\/wp-json\/wp\/v2\/product_brand?post=956340"},{"taxonomy":"product_cat","embeddable":true,"href":"https:\/\/www.claret.cat\/es\/wp-json\/wp\/v2\/product_cat?post=956340"},{"taxonomy":"product_tag","embeddable":true,"href":"https:\/\/www.claret.cat\/es\/wp-json\/wp\/v2\/product_tag?post=956340"}],"curies":[{"name":"wp","href":"https:\/\/api.w.org\/{rel}","templated":true}]}}