{"id":956421,"date":"2024-03-19T13:04:26","date_gmt":"2024-03-19T12:04:26","guid":{"rendered":"https:\/\/www.claret.cat\/llibre\/principito-audiolibro-9788411507424\/"},"modified":"2024-03-19T13:04:37","modified_gmt":"2024-03-19T12:04:37","slug":"principito-audiolibro-9788411507424","status":"publish","type":"product","link":"https:\/\/www.claret.cat\/es\/libro\/principito-audiolibro-9788411507424\/","title":{"rendered":"PRINCIPITO AUDIOLIBRO"},"content":{"rendered":"<p>En este libro el Principito nos explica su historia, de viva voz. Es un maravilloso viaje por el mundo de la imaginaci\u00f3n, basado en la historia original de Antoine de Saint-Exup\u00e9ry.<\/p>\n<p>El libro, de cart\u00f3n blanco y robusto, va encabezado de un bl\u00edster que contiene 6 botones, con un dibujo diferente cada uno. Al pulsar el bot\u00f3n con el dibujo que se indica en cada doble p\u00e1gina,<\/p>\n<p>escuchamos como el Principito nos recita sus pensamientos y sus aventuras. Y podemos leerlo tambi\u00e9n a la vez.<\/p>\n<p>Un libro fant\u00e1stico para introducir el mundo de El Principito a los m\u00e1s peque\u00f1os, y que les acompa\u00f1a en la lectura, con el audio del Principito, de gran calidad.<\/p>\n<p>Este libro funciona con 3 pilas AG10\/LR1130 ya incluidas.<\/p>\n","protected":false},"excerpt":{"rendered":"<p>PANINI ESPA\u00d1A S.A.<\/p>\n","protected":false},"featured_media":956422,"template":"","meta":{"_acf_changed":false,"om_disable_all_campaigns":false,"rs_blank_template":"","rs_page_bg_color":"","slide_template_v7":"","inline_featured_image":false,"_monsterinsights_skip_tracking":false,"_monsterinsights_sitenote_active":false,"_monsterinsights_sitenote_note":"","_monsterinsights_sitenote_category":0},"product_brand":[],"product_cat":[131,361],"product_tag":[],"class_list":{"0":"post-956421","1":"product","2":"type-product","3":"status-publish","4":"has-post-thumbnail","6":"product_cat-contes-per-infants-0-6-anys","7":"product_cat-cuentos-para-ninos-0-6-anos","9":"first","10":"instock","11":"taxable","12":"shipping-taxable","13":"purchasable","14":"product-type-simple"},"acf":{"autor":"PANINI ESPA\u00d1A S.A.","codart":"841150742","libros-coleccion":"COMICS","ediciones":"1","encuadernacion":"Carpeta","fecha_de_publicacion":"01\/03\/2024","novedad":"1","paginas":"12","subtitulo":"","orden":"0","portada":"0","idioma":"spa"},"aioseo_notices":[],"_links":{"self":[{"href":"https:\/\/www.claret.cat\/es\/wp-json\/wp\/v2\/product\/956421","targetHints":{"allow":["GET"]}}],"collection":[{"href":"https:\/\/www.claret.cat\/es\/wp-json\/wp\/v2\/product"}],"about":[{"href":"https:\/\/www.claret.cat\/es\/wp-json\/wp\/v2\/types\/product"}],"wp:featuredmedia":[{"embeddable":true,"href":"https:\/\/www.claret.cat\/es\/wp-json\/wp\/v2\/media\/956422"}],"wp:attachment":[{"href":"https:\/\/www.claret.cat\/es\/wp-json\/wp\/v2\/media?parent=956421"}],"wp:term":[{"taxonomy":"product_brand","embeddable":true,"href":"https:\/\/www.claret.cat\/es\/wp-json\/wp\/v2\/product_brand?post=956421"},{"taxonomy":"product_cat","embeddable":true,"href":"https:\/\/www.claret.cat\/es\/wp-json\/wp\/v2\/product_cat?post=956421"},{"taxonomy":"product_tag","embeddable":true,"href":"https:\/\/www.claret.cat\/es\/wp-json\/wp\/v2\/product_tag?post=956421"}],"curies":[{"name":"wp","href":"https:\/\/api.w.org\/{rel}","templated":true}]}}