{"id":956523,"date":"2024-03-19T13:13:42","date_gmt":"2024-03-19T12:13:42","guid":{"rendered":"https:\/\/www.claret.cat\/llibre\/les-bestioles-van-a-lescola-1-pinzells-pintures-i-entremaliadures-9788413493350\/"},"modified":"2025-09-09T10:40:09","modified_gmt":"2025-09-09T08:40:09","slug":"les-bestioles-van-a-lescola-1-pinzells-pintures-i-entremaliadures-9788413493350","status":"publish","type":"product","link":"https:\/\/www.claret.cat\/es\/libro\/les-bestioles-van-a-lescola-1-pinzells-pintures-i-entremaliadures-9788413493350\/","title":{"rendered":"LES BESTIOLES VAN A L&#8217;ESCOLA, 1.  PINZELLS, PINTURES&#8230; I ENTREMALIADURES!"},"content":{"rendered":"<p>&#8216;Les bestioles van a l&#8217;escola&#8217; \u00e9s una col\u00b7lecci\u00f3 plena d&#8217;humor i aventures. Amb lletra de pal i text rimat, \u00e9s ideal perqu\u00e8 els infants aprenguin a llegir.<\/p>\n","protected":false},"excerpt":{"rendered":"<p>ISERN, SUSANNA<\/p>\n","protected":false},"featured_media":1050902,"template":"","meta":{"_acf_changed":false,"om_disable_all_campaigns":false,"rs_blank_template":"","rs_page_bg_color":"","slide_template_v7":"","inline_featured_image":false,"_monsterinsights_skip_tracking":false,"_monsterinsights_sitenote_active":false,"_monsterinsights_sitenote_note":"","_monsterinsights_sitenote_category":0},"product_brand":[],"product_cat":[131,361],"product_tag":[],"class_list":{"0":"post-956523","1":"product","2":"type-product","3":"status-publish","4":"has-post-thumbnail","6":"product_cat-contes-per-infants-0-6-anys","7":"product_cat-cuentos-para-ninos-0-6-anos","9":"first","10":"instock","11":"taxable","12":"shipping-taxable","13":"purchasable","14":"product-type-simple"},"acf":{"autor":"ISERN, SUSANNA","codart":"841349335","libros-coleccion":"Catal\u00e1 - A Partir De 3 Anys - Llibres Di","ediciones":"1","encuadernacion":"R\u00fastica","fecha_de_publicacion":"01\/03\/2024","novedad":"1","paginas":"48","subtitulo":"","orden":"0","portada":"0","idioma":"cat","booktrailer":"","resenas":"","editorial":[{"ID":147936,"post_author":"3","post_date":"2022-10-14 11:54:22","post_date_gmt":"2022-10-14 09:54:22","post_content":"","post_title":"Editorial Bru\u00f1o","post_excerpt":"","post_status":"publish","comment_status":"closed","ping_status":"closed","post_password":"","post_name":"editorial-bruno","to_ping":"","pinged":"","post_modified":"2022-10-14 11:54:22","post_modified_gmt":"2022-10-14 09:54:22","post_content_filtered":"","post_parent":0,"guid":"http:\/\/dev.claret.cat\/editorial\/editorial-bruno\/","menu_order":0,"post_type":"editorial","post_mime_type":"","comment_count":"0","filter":"raw"}]},"aioseo_notices":[],"_links":{"self":[{"href":"https:\/\/www.claret.cat\/es\/wp-json\/wp\/v2\/product\/956523","targetHints":{"allow":["GET"]}}],"collection":[{"href":"https:\/\/www.claret.cat\/es\/wp-json\/wp\/v2\/product"}],"about":[{"href":"https:\/\/www.claret.cat\/es\/wp-json\/wp\/v2\/types\/product"}],"wp:featuredmedia":[{"embeddable":true,"href":"https:\/\/www.claret.cat\/es\/wp-json\/wp\/v2\/media\/1050902"}],"wp:attachment":[{"href":"https:\/\/www.claret.cat\/es\/wp-json\/wp\/v2\/media?parent=956523"}],"wp:term":[{"taxonomy":"product_brand","embeddable":true,"href":"https:\/\/www.claret.cat\/es\/wp-json\/wp\/v2\/product_brand?post=956523"},{"taxonomy":"product_cat","embeddable":true,"href":"https:\/\/www.claret.cat\/es\/wp-json\/wp\/v2\/product_cat?post=956523"},{"taxonomy":"product_tag","embeddable":true,"href":"https:\/\/www.claret.cat\/es\/wp-json\/wp\/v2\/product_tag?post=956523"}],"curies":[{"name":"wp","href":"https:\/\/api.w.org\/{rel}","templated":true}]}}