{"id":956826,"date":"2024-03-19T13:43:18","date_gmt":"2024-03-19T12:43:18","guid":{"rendered":"https:\/\/www.claret.cat\/llibre\/los-alemanes-premio-alfaguara-de-novela-2024-9788420476827\/"},"modified":"2024-03-19T13:43:33","modified_gmt":"2024-03-19T12:43:33","slug":"los-alemanes-premio-alfaguara-de-novela-2024-9788420476827","status":"publish","type":"product","link":"https:\/\/www.claret.cat\/es\/libro\/los-alemanes-premio-alfaguara-de-novela-2024-9788420476827\/","title":{"rendered":"LOS ALEMANES (PREMIO ALFAGUARA DE NOVELA 2024)"},"content":{"rendered":"<p>PREMIO ALFAGUARA DE NOVELA 2024  Un acontecimiento poco conocido de la reciente historia de Espa\u00f1a. Una historia sobre la familia, la traici\u00f3n y la culpa.  \u00abOscuros secretos familiares encierran un pasado amenazador capaz de destruir el presente. \u00bfHeredan los hijos la culpa de los padres? Unanovela apasionante que pone a prueba la conciencia de los personajes y que sacude la del lector\u00bb&#8217;.<br \/>Del acta del jurado En 1916, en plena Primera Guerra Mundial, llegan a C\u00e1diz dos barcos con m\u00e1s de seiscientos alemanes provenientes de Camer\u00fan. Se han entregado en la frontera guineana a las autoridades coloniales por ser Espa\u00f1a pa\u00eds neutral. Se instalar\u00e1n, entre otros sitios, en Zaragoza y formar\u00e1n all\u00ed una peque\u00f1a comunidad que ya no volver\u00e1 a Alemania. Entre ellos estaba el bisabuelo de Eva y Fede, quienes, casi un siglo despu\u00e9s, se encuentran en el cementerio alem\u00e1n de Zaragoza en el entierro de Gabi, su hermano mayor. Junto con su padre, son los \u00faltimos supervivientes de los Schuster, una familia que lleg\u00f3 a formar un importante negocio de alimentaci\u00f3n. Pero en los tiempos que corren el pasado siempre puede regresar para levantar ampollas. Con una intriga que crece p\u00e1gina a p\u00e1gina, Los alemanes trata uno de los episodios m\u00e1s vergonzosos y menos pulgados de la historia de Espa\u00f1a: c\u00f3mo los nazis refugiados aqu\u00ed en un retiro dorado activaron el neonazismo en Alemania. Con sutileza alumbra el infierno que puede llegar a ser, en ocasiones, la familia, y deja en el aire dos preguntas inc\u00f3modas: \u00bfCu\u00e1ndo caducan las culpas de los padres? \u00bfLlega hasta los hijos la obligaci\u00f3n de redimirlas?La cr\u00edtica ha dicho sobre el autor:<br \/>\u00abSergio del Molino mira donde nadie mira y por eso ve lo que nadie ve. Y lo cuenta con trazo de escritor grande\u00bb.<br \/>I\u00f1aki Gabilondo \u00abDel Molino usa la primera persona del singular de una manera que no es muy habitual en espa\u00f1ol, y menos todav\u00eda en Espa\u00f1a: no para hacer un personaje de s\u00ed mismo, ni para dar doctrina, ni para ejercer una halagadora impostura, sino para contar lo que es, lo que hace, lo que le gusta, lo que se le pasa por la cabeza, lo que le provoca sarcasmo o ternura, el tono de su vida, su amor por su familia y por su ocio\u00bb.<br \/>Antonio Mu\u00f1oz Molina, Babelia \u00abEn el caso de Del Molino la escritura siempre es un trampol\u00edn sobre la an\u00e9cdota para alcanzar a trascenderla\u00bb.<br \/>Elena Hevia, El Peri\u00f3dico \u00abEl ensayista m\u00e1s original e imprevisible de Espa\u00f1a\u00bb.<br \/>Carlos Alsina\u00abSergio del Molino es un escritor excelente, me parece que es uno de los escritores m\u00e1s brillantes de mi generaci\u00f3n y que realiza unas indagaciones de una honestidad brutal, con una mezcla de crudeza y de ternura que me interesa mucho\u00bb.<br \/>Andr\u00e9s Neuman \u00abUna sensibilidad que traspasa. De lo mejor que ha sucedido en literatura en los \u00faltimos tiempos\u00bb.<br \/>Montero Glez\u00abExcelente prosista, capaz de hacer relevante lo trivial con el solo poder de la palabra exacta y la formulaci\u00f3n imaginativa\u00bb.<br \/>Ricardo Senabre, El Cultural\u00abUn escritor agudo y vers\u00e1til con una capacidad literaria todoterreno\u00bb.<br \/>Ra\u00fal Conde, El Mundo \u00abUn escritor agudo y agridulce, mordaz y elegante, contempor\u00e1neo y abisal\u00bb.<br \/>Mariano Garc\u00eda, Heraldo de Arag\u00f3n<\/p>\n","protected":false},"excerpt":{"rendered":"<p>MOLINO, SERGIO DEL<\/p>\n","protected":false},"featured_media":956827,"template":"","meta":{"_acf_changed":false,"om_disable_all_campaigns":false,"rs_blank_template":"","rs_page_bg_color":"","slide_template_v7":"","inline_featured_image":false,"_monsterinsights_skip_tracking":false,"_monsterinsights_sitenote_active":false,"_monsterinsights_sitenote_note":"","_monsterinsights_sitenote_category":0},"product_brand":[],"product_cat":[127,357],"product_tag":[],"class_list":{"0":"post-956826","1":"product","2":"type-product","3":"status-publish","4":"has-post-thumbnail","6":"product_cat-novella-contemporania","7":"product_cat-novela-contemporanea","9":"first","10":"instock","11":"taxable","12":"shipping-taxable","13":"purchasable","14":"product-type-simple"},"acf":{"autor":"MOLINO, SERGIO DEL","codart":"842047682","libros-coleccion":"HISP\u00c1NICA","ediciones":"1","encuadernacion":"R\u00fastica","fecha_de_publicacion":"01\/03\/2024","novedad":"1","paginas":"322","subtitulo":"","orden":"0","portada":"0","idioma":"spa"},"aioseo_notices":[],"_links":{"self":[{"href":"https:\/\/www.claret.cat\/es\/wp-json\/wp\/v2\/product\/956826","targetHints":{"allow":["GET"]}}],"collection":[{"href":"https:\/\/www.claret.cat\/es\/wp-json\/wp\/v2\/product"}],"about":[{"href":"https:\/\/www.claret.cat\/es\/wp-json\/wp\/v2\/types\/product"}],"wp:featuredmedia":[{"embeddable":true,"href":"https:\/\/www.claret.cat\/es\/wp-json\/wp\/v2\/media\/956827"}],"wp:attachment":[{"href":"https:\/\/www.claret.cat\/es\/wp-json\/wp\/v2\/media?parent=956826"}],"wp:term":[{"taxonomy":"product_brand","embeddable":true,"href":"https:\/\/www.claret.cat\/es\/wp-json\/wp\/v2\/product_brand?post=956826"},{"taxonomy":"product_cat","embeddable":true,"href":"https:\/\/www.claret.cat\/es\/wp-json\/wp\/v2\/product_cat?post=956826"},{"taxonomy":"product_tag","embeddable":true,"href":"https:\/\/www.claret.cat\/es\/wp-json\/wp\/v2\/product_tag?post=956826"}],"curies":[{"name":"wp","href":"https:\/\/api.w.org\/{rel}","templated":true}]}}