{"id":956868,"date":"2024-03-19T13:47:41","date_gmt":"2024-03-19T12:47:41","guid":{"rendered":"https:\/\/www.claret.cat\/llibre\/los-elementos-de-un-beso-9788427240742\/"},"modified":"2025-04-07T11:40:08","modified_gmt":"2025-04-07T09:40:08","slug":"los-elementos-de-un-beso-9788427240742","status":"publish","type":"product","link":"https:\/\/www.claret.cat\/es\/libro\/los-elementos-de-un-beso-9788427240742\/","title":{"rendered":"LOS ELEMENTOS DE UN BESO"},"content":{"rendered":"<p>LA F\u00d3RMULA DEL AMOR EXISTE. ESO NO SIGNIFICA QUE LEXI EST\u00c9 DISPUESTA A ACEPTAR LOS RESULTADOS.  La comedia rom\u00e1ntica perfecta para volver a enamorarte del amor. Toda la universidad conoce a @nosoycupido, la adictiva cuenta de Instagram que empareja a los estudiantes. Pero solo une a dos parejas por semestre, as\u00ed que las probabilidades de ser seleccionado son bajas. O eso cre\u00eda Lexi hasta que la emparejaron con Brice. Dedicada a sus estudios por completo, Lexi no tiene ninguna intenci\u00f3n de meterse en una relaci\u00f3n amorosa y el constante espionaje de la cuenta an\u00f3nima no hace m\u00e1s que sacarla de sus casillas. Por eso, cuando Brice se ofrece a iniciar una relaci\u00f3n falsa para desenmascarar a @nosoycupido, Lexi no lo duda ni un segundo.Pero con una legi\u00f3n de fans siguiendo todos sus movimientos, una beca en juego por la que compite con Brice y un novio falso demasiado perfecto para el bienestar de su ritmo card\u00edaco, la reacci\u00f3n en cadena es inminente&#8230; Y no hay enlace qu\u00edmico m\u00e1s inestable que el del amor.Rese\u00f1as:<br \/>\u00abLexi y Brice te tendr\u00e1n gritando y sonriendo hasta el final. Prep\u00e1rate para caer rendida ante la pareja favorita de Cupido&#8230;\u00bb.<br \/>Maryam Assakat, booktoker, (@maryam.and.books) \u00abLos elementos de un beso es un libro mon\u00edsimo y de lo m\u00e1s original. Ciencia, redes, amor&#8230;\u00a1Lo tiene todo! \u00a1Estoy convencida de que no podr\u00e1s parar de leer!\u00bb.<br \/>Gemma Gonz\u00e1lez, booktoker (@gemma.gonzalezu) \u00abUna novela que demuestra que el mejor elemento para encontrar el amor es el de creer en uno mismo\u00bb.<br \/>Ona Spell, autora de Hasta que dejemos de ser idiotas<\/p>\n","protected":false},"excerpt":{"rendered":"<p>LI, SHULA<\/p>\n","protected":false},"featured_media":956869,"template":"","meta":{"_acf_changed":false,"om_disable_all_campaigns":false,"rs_blank_template":"","rs_page_bg_color":"","slide_template_v7":"","inline_featured_image":false,"_monsterinsights_skip_tracking":false,"_monsterinsights_sitenote_active":false,"_monsterinsights_sitenote_note":"","_monsterinsights_sitenote_category":0},"product_brand":[],"product_cat":[133,566,117,363],"product_tag":[],"class_list":{"0":"post-956868","1":"product","2":"type-product","3":"status-publish","4":"has-post-thumbnail","6":"product_cat-lectures-per-adolescents-12-18-anys","7":"product_cat-juvenil-3_infantil-juvenil-spa-spa","8":"product_cat-juvenil","9":"product_cat-lecturas-por-adolescentes-12-18-anos","11":"first","12":"instock","13":"taxable","14":"shipping-taxable","15":"purchasable","16":"product-type-simple"},"acf":{"autor":"LI, SHULA","codart":"842724074","libros-coleccion":"FORA DE COL.LECCI\u00d3","ediciones":"1","encuadernacion":"R\u00fastica","fecha_de_publicacion":"01\/03\/2024","novedad":"1","paginas":"352","subtitulo":"","orden":"0","portada":"0","idioma":"spa","editorial":[{"ID":6346,"post_author":"3","post_date":"2022-07-28 17:50:13","post_date_gmt":"2022-07-28 15:50:13","post_content":"","post_title":"RBA Molino","post_excerpt":"","post_status":"publish","comment_status":"closed","ping_status":"closed","post_password":"","post_name":"rba-molino","to_ping":"","pinged":"","post_modified":"2022-07-28 17:50:13","post_modified_gmt":"2022-07-28 15:50:13","post_content_filtered":"","post_parent":0,"guid":"http:\/\/dev.claret.cat\/editorial\/rba-molino\/","menu_order":0,"post_type":"editorial","post_mime_type":"","comment_count":"0","filter":"raw"}]},"aioseo_notices":[],"_links":{"self":[{"href":"https:\/\/www.claret.cat\/es\/wp-json\/wp\/v2\/product\/956868","targetHints":{"allow":["GET"]}}],"collection":[{"href":"https:\/\/www.claret.cat\/es\/wp-json\/wp\/v2\/product"}],"about":[{"href":"https:\/\/www.claret.cat\/es\/wp-json\/wp\/v2\/types\/product"}],"wp:featuredmedia":[{"embeddable":true,"href":"https:\/\/www.claret.cat\/es\/wp-json\/wp\/v2\/media\/956869"}],"wp:attachment":[{"href":"https:\/\/www.claret.cat\/es\/wp-json\/wp\/v2\/media?parent=956868"}],"wp:term":[{"taxonomy":"product_brand","embeddable":true,"href":"https:\/\/www.claret.cat\/es\/wp-json\/wp\/v2\/product_brand?post=956868"},{"taxonomy":"product_cat","embeddable":true,"href":"https:\/\/www.claret.cat\/es\/wp-json\/wp\/v2\/product_cat?post=956868"},{"taxonomy":"product_tag","embeddable":true,"href":"https:\/\/www.claret.cat\/es\/wp-json\/wp\/v2\/product_tag?post=956868"}],"curies":[{"name":"wp","href":"https:\/\/api.w.org\/{rel}","templated":true}]}}