{"id":956928,"date":"2024-03-19T13:53:57","date_gmt":"2024-03-19T12:53:57","guid":{"rendered":"https:\/\/www.claret.cat\/llibre\/autoayuda-9788419812384\/"},"modified":"2024-03-19T13:54:12","modified_gmt":"2024-03-19T12:54:12","slug":"autoayuda-9788419812384","status":"publish","type":"product","link":"https:\/\/www.claret.cat\/es\/libro\/autoayuda-9788419812384\/","title":{"rendered":"AUTOAYUDA"},"content":{"rendered":"<p>Una divertid\u00edsima s\u00e1tira sobre la positividad t\u00f3xica.\u00bfSomos todos seres de luz?<br \/> Bajo la promesa de la sanaci\u00f3n, el \u00e9xito o el crecimiento personal, el negocio de la espiritualidad, la autoayuda, el esoterismo y el optimismo t\u00f3xico mueve m\u00e1s de dieciocho mil millones de d\u00f3lares al a\u00f1o solo en Europa y Latinoam\u00e9rica.<br \/> El discurso de que \u00abtodo es posible si te esfuerzas lo suficiente\u00bb puede motivarnos a veces, pero tambi\u00e9n nos hace responsables de problemas cuya soluci\u00f3n no est\u00e1 en nuestras manos. Pensar que si no lo logras, siempre es tu culpa, quiz\u00e1 no es el camino m\u00e1s directo a la felicidad. El vi\u00f1etista Alberto Montt lo sabe y nos arranca una sonrisa con sus chistes. Porque si hay algo sanador, es el humor.<\/p>\n","protected":false},"excerpt":{"rendered":"<p>MONTT, ALBERTO<\/p>\n","protected":false},"featured_media":956929,"template":"","meta":{"_acf_changed":false,"om_disable_all_campaigns":false,"rs_blank_template":"","rs_page_bg_color":"","slide_template_v7":"","inline_featured_image":false,"_monsterinsights_skip_tracking":false,"_monsterinsights_sitenote_active":false,"_monsterinsights_sitenote_note":"","_monsterinsights_sitenote_category":0},"product_brand":[],"product_cat":[114,563],"product_tag":[],"class_list":{"0":"post-956928","1":"product","2":"type-product","3":"status-publish","4":"has-post-thumbnail","6":"product_cat-humor-grafic","7":"product_cat-humor-grafico","9":"first","10":"instock","11":"taxable","12":"shipping-taxable","13":"purchasable","14":"product-type-simple"},"acf":{"autor":"MONTT, ALBERTO","codart":"841981238","libros-coleccion":"FORA DE COL.LECCI\u00d3","ediciones":"1","encuadernacion":"R\u00fastica","fecha_de_publicacion":"01\/03\/2024","novedad":"1","paginas":"169","subtitulo":"PEQUE\u00d1O MANUAL DE (NO) DESARROLLO PERSONAL","orden":"0","portada":"0","idioma":"spa"},"aioseo_notices":[],"_links":{"self":[{"href":"https:\/\/www.claret.cat\/es\/wp-json\/wp\/v2\/product\/956928","targetHints":{"allow":["GET"]}}],"collection":[{"href":"https:\/\/www.claret.cat\/es\/wp-json\/wp\/v2\/product"}],"about":[{"href":"https:\/\/www.claret.cat\/es\/wp-json\/wp\/v2\/types\/product"}],"wp:featuredmedia":[{"embeddable":true,"href":"https:\/\/www.claret.cat\/es\/wp-json\/wp\/v2\/media\/956929"}],"wp:attachment":[{"href":"https:\/\/www.claret.cat\/es\/wp-json\/wp\/v2\/media?parent=956928"}],"wp:term":[{"taxonomy":"product_brand","embeddable":true,"href":"https:\/\/www.claret.cat\/es\/wp-json\/wp\/v2\/product_brand?post=956928"},{"taxonomy":"product_cat","embeddable":true,"href":"https:\/\/www.claret.cat\/es\/wp-json\/wp\/v2\/product_cat?post=956928"},{"taxonomy":"product_tag","embeddable":true,"href":"https:\/\/www.claret.cat\/es\/wp-json\/wp\/v2\/product_tag?post=956928"}],"curies":[{"name":"wp","href":"https:\/\/api.w.org\/{rel}","templated":true}]}}