{"id":956982,"date":"2024-03-19T13:59:17","date_gmt":"2024-03-19T12:59:17","guid":{"rendered":"https:\/\/www.claret.cat\/llibre\/adn-barca-9788419965004\/"},"modified":"2026-02-23T16:10:08","modified_gmt":"2026-02-23T15:10:08","slug":"adn-barca-9788419965004","status":"publish","type":"product","link":"https:\/\/www.claret.cat\/es\/libro\/adn-barca-9788419965004\/","title":{"rendered":"ADN BAR\u00c7A"},"content":{"rendered":"<p>\u00bfQu\u00e9 hace del Bar\u00e7a \u00abm\u00e9s que un club\u00bb?<br \/>El m\u00edtico Paco Seirul\u00b7disecciona el ADN de un equipo \u00fanico. La biblia cul\u00e9 definitiva, por quien fuera mano derecha de Cruyff y de Guardiola. Paco Seirul\u00b7lo fue una instituci\u00f3n del club desde los setenta hasta 2022. En sus \u00faltimos a\u00f1os, estuvo en el \u00e1rea de metodolog\u00eda, donde ha formado a los entrenadores de La Mas\u00eda.Ahora, plasma en un libro c\u00f3mo es el estilo Bar\u00e7a y c\u00f3mo se trabajaba en el club de las leyendas. Tambi\u00e9n se atreve a vislumbrar lo que se debe hacer en un futuro. Y, sobre todo, descifra algo tan complejo como es el ADN de una entidad que es m\u00e1s que un club. Estas p\u00e1ginas son el legado de Seirul\u00b7lo, ya que contienen todo el conocimiento acumulado con el paso de los a\u00f1os asesorando a los grandes visionarios y aprendiendo de ellos.\u00ab\u00a1Sencillamente gracias, Paco!\u00bb, Pep GuardiolaHan dicho de ADN Bar\u00e7a:<br \/>\u00abPaco, lo que has propuesto en estos textos no constituye un libro de f\u00fatbol, sino del f\u00fatbol. De esa forma de jugarlo que hemos tenido la inmensa fortuna de compartir durante a\u00f1os, siendo el resultado de un proceso y producto de entenderlo y practicarlo desde la inteligencia, disciplina y talento de aquellos que se juntaban para disfrutar, teniendo siempre en cuenta a su equipo, al objeto de ganar&#8230; Has logrado abrir una diferente y nueva forma de ver, jugar, entrenar y disfrutar de jugar al f\u00fatbol, y as\u00ed ganar. \u00a1Sencillamente gracias, Paco!\u00bb<br \/>Pep Guardiola \u00abPara m\u00ed, todo lo aqu\u00ed propuesto podr\u00eda ser el ADN Bar\u00e7a del que todos hablan y nadie hasta ahora hab\u00eda expuesto con claridad, para deleite tanto de aficionados como de profesionales y estudiosos de este JUEGO DE JUEGOS, como dice Paco\u00bb.<br \/>Jordi Cruyff<\/p>\n","protected":false},"excerpt":{"rendered":"<p>SEIRUL\u00b7LO, PACO<\/p>\n","protected":false},"featured_media":956983,"template":"","meta":{"_acf_changed":false,"om_disable_all_campaigns":false,"rs_blank_template":"","rs_page_bg_color":"","slide_template_v7":"","inline_featured_image":false,"_monsterinsights_skip_tracking":false,"_monsterinsights_sitenote_active":false,"_monsterinsights_sitenote_note":"","_monsterinsights_sitenote_category":0},"product_brand":[],"product_cat":[90,540],"product_tag":[],"class_list":{"0":"post-956982","1":"product","2":"type-product","3":"status-publish","4":"has-post-thumbnail","6":"product_cat-altres","7":"product_cat-otros","9":"first","10":"instock","11":"taxable","12":"shipping-taxable","13":"purchasable","14":"product-type-simple"},"acf":{"autor":"SEIRUL\u00b7LO, PACO","codart":"841996500","libros-coleccion":"C\u00f3rner","ediciones":"1","encuadernacion":"R\u00fastica","fecha_de_publicacion":"01\/03\/2024","novedad":"1","paginas":"446","subtitulo":"","orden":"0","portada":"0","idioma":"spa","booktrailer":"","resenas":"","editorial":[{"ID":148755,"post_author":"3","post_date":"2022-10-14 12:00:44","post_date_gmt":"2022-10-14 10:00:44","post_content":"","post_title":"Roca Editorial","post_excerpt":"","post_status":"publish","comment_status":"closed","ping_status":"closed","post_password":"","post_name":"roca-editorial","to_ping":"","pinged":"","post_modified":"2022-10-14 12:00:44","post_modified_gmt":"2022-10-14 10:00:44","post_content_filtered":"","post_parent":0,"guid":"http:\/\/dev.claret.cat\/editorial\/roca-editorial\/","menu_order":0,"post_type":"editorial","post_mime_type":"","comment_count":"0","filter":"raw"}]},"aioseo_notices":[],"_links":{"self":[{"href":"https:\/\/www.claret.cat\/es\/wp-json\/wp\/v2\/product\/956982","targetHints":{"allow":["GET"]}}],"collection":[{"href":"https:\/\/www.claret.cat\/es\/wp-json\/wp\/v2\/product"}],"about":[{"href":"https:\/\/www.claret.cat\/es\/wp-json\/wp\/v2\/types\/product"}],"wp:featuredmedia":[{"embeddable":true,"href":"https:\/\/www.claret.cat\/es\/wp-json\/wp\/v2\/media\/956983"}],"wp:attachment":[{"href":"https:\/\/www.claret.cat\/es\/wp-json\/wp\/v2\/media?parent=956982"}],"wp:term":[{"taxonomy":"product_brand","embeddable":true,"href":"https:\/\/www.claret.cat\/es\/wp-json\/wp\/v2\/product_brand?post=956982"},{"taxonomy":"product_cat","embeddable":true,"href":"https:\/\/www.claret.cat\/es\/wp-json\/wp\/v2\/product_cat?post=956982"},{"taxonomy":"product_tag","embeddable":true,"href":"https:\/\/www.claret.cat\/es\/wp-json\/wp\/v2\/product_tag?post=956982"}],"curies":[{"name":"wp","href":"https:\/\/api.w.org\/{rel}","templated":true}]}}