{"id":957039,"date":"2024-03-19T14:05:03","date_gmt":"2024-03-19T13:05:03","guid":{"rendered":"https:\/\/www.claret.cat\/llibre\/la-fantastica-enciclopedia-de-dracs-i-altres-criatures-9788448963088\/"},"modified":"2024-04-12T13:30:23","modified_gmt":"2024-04-12T11:30:23","slug":"la-fantastica-enciclopedia-de-dracs-i-altres-criatures-9788448963088","status":"publish","type":"product","link":"https:\/\/www.claret.cat\/es\/libro\/la-fantastica-enciclopedia-de-dracs-i-altres-criatures-9788448963088\/","title":{"rendered":"LA FANT\u00c0STICA ENCICLOP\u00c8DIA DE DRACS I ALTRES CRIATURES"},"content":{"rendered":"<p>Estimada princesa, <br \/> Entenem que est\u00e0 cansada del drac que la mant\u00e9 presonera i que l&#8217;obliga a ballar i tocar l&#8217;arpa. Comprenem que aquest captor no est\u00e0 a l&#8217;al\u00e7ada del seu estatus. Per tant, trobareu adjunt un cat\u00e0leg que recull els nostres millors candidats, perqu\u00e8 pugui triar el seu nou guardi\u00e0.<\/p>\n","protected":false},"excerpt":{"rendered":"<p>KUBLER, LAURENCE<\/p>\n","protected":false},"featured_media":957040,"template":"","meta":{"_acf_changed":false,"om_disable_all_campaigns":false,"rs_blank_template":"","rs_page_bg_color":"","slide_template_v7":"","inline_featured_image":false,"_monsterinsights_skip_tracking":false,"_monsterinsights_sitenote_active":false,"_monsterinsights_sitenote_note":"","_monsterinsights_sitenote_category":0},"product_brand":[],"product_cat":[131,361],"product_tag":[],"class_list":{"0":"post-957039","1":"product","2":"type-product","3":"status-publish","4":"has-post-thumbnail","6":"product_cat-contes-per-infants-0-6-anys","7":"product_cat-cuentos-para-ninos-0-6-anos","9":"first","10":"instock","11":"taxable","12":"shipping-taxable","13":"purchasable","14":"product-type-simple"},"acf":{"autor":"KUBLER, LAURENCE","codart":"844896308","libros-coleccion":"Llibres Infantils I Juvenils - Diversos","ediciones":"1","encuadernacion":"Carton\u00e9","fecha_de_publicacion":"01\/03\/2024","novedad":"1","paginas":"64","subtitulo":"","orden":"0","portada":"0","idioma":"cat","editorial":[{"ID":147525,"post_author":"3","post_date":"2022-10-14 11:51:14","post_date_gmt":"2022-10-14 09:51:14","post_content":"","post_title":"BARCANOVA","post_excerpt":"","post_status":"publish","comment_status":"closed","ping_status":"closed","post_password":"","post_name":"barcanova","to_ping":"","pinged":"","post_modified":"2022-10-14 11:51:14","post_modified_gmt":"2022-10-14 09:51:14","post_content_filtered":"","post_parent":0,"guid":"http:\/\/dev.claret.cat\/editorial\/barcanova\/","menu_order":0,"post_type":"editorial","post_mime_type":"","comment_count":"0","filter":"raw"}]},"aioseo_notices":[],"_links":{"self":[{"href":"https:\/\/www.claret.cat\/es\/wp-json\/wp\/v2\/product\/957039","targetHints":{"allow":["GET"]}}],"collection":[{"href":"https:\/\/www.claret.cat\/es\/wp-json\/wp\/v2\/product"}],"about":[{"href":"https:\/\/www.claret.cat\/es\/wp-json\/wp\/v2\/types\/product"}],"wp:featuredmedia":[{"embeddable":true,"href":"https:\/\/www.claret.cat\/es\/wp-json\/wp\/v2\/media\/957040"}],"wp:attachment":[{"href":"https:\/\/www.claret.cat\/es\/wp-json\/wp\/v2\/media?parent=957039"}],"wp:term":[{"taxonomy":"product_brand","embeddable":true,"href":"https:\/\/www.claret.cat\/es\/wp-json\/wp\/v2\/product_brand?post=957039"},{"taxonomy":"product_cat","embeddable":true,"href":"https:\/\/www.claret.cat\/es\/wp-json\/wp\/v2\/product_cat?post=957039"},{"taxonomy":"product_tag","embeddable":true,"href":"https:\/\/www.claret.cat\/es\/wp-json\/wp\/v2\/product_tag?post=957039"}],"curies":[{"name":"wp","href":"https:\/\/api.w.org\/{rel}","templated":true}]}}