{"id":95706,"date":"2022-10-12T06:48:08","date_gmt":"2022-10-12T04:48:08","guid":{"rendered":"http:\/\/dev.claret.cat\/producte\/esplendor-y-vileza\/"},"modified":"2023-01-28T17:38:26","modified_gmt":"2023-01-28T16:38:26","slug":"esplendor-y-vileza-9788434433212","status":"publish","type":"product","link":"https:\/\/www.claret.cat\/es\/libro\/esplendor-y-vileza-9788434433212\/","title":{"rendered":"ESPLENDOR Y VILEZA"},"content":{"rendered":"<p>Se dir\u00eda que sabemos todo (o casi todo) de Winston Churchill. Y, sin embargo, como en toda vida, siempre se nos escapa algo. Y es ah\u00ed, en esos resquicios dejados de lado por la historiograf\u00eda oficial o cr\u00edtica, donde entra el excepcional talento narrativo de Erik Larson. Circunscrito a un per\u00edodo muy concreto, de mayo de 1940 a mayo de 1941, el per\u00edodo m\u00e1s cruento del Blitz, este libro narra, casi como una novela, \u00abc\u00f3mo Churchill y su c\u00edrculo sobreviv\u00edan cotidianamente: los peque\u00f1os episodios que revelan c\u00f3mo se viv\u00eda de verdad bajo la tempestad de acero de Hitler. Ese fue el momento en que Churchill se convirti\u00f3 en Churchill, cuando realiz\u00f3 sus discursos m\u00e1s impresionantes y mostr\u00f3 al mundo qu\u00e9 eran el valor y el liderazgo\u00bb.<br \/> En esta obra tenemos al gran estadista, al orador y al l\u00edder que nunca parec\u00eda perder el norte, pero tambi\u00e9n al hombre que dudaba de sus propias decisiones, al arist\u00f3crata y bon vivant que echaba de menos la juventud, al sentimental y al iracundo. El poli\u00e9drico Churchill se construy\u00f3 un personaje a medida de una Historia con may\u00fascula. Larson lo cuenta rastreando los claroscuros de las min\u00fasculas. Al fin y al cabo, como dijo el propio Churchill a su secretario: \u00abSi las palabras importasen, deber\u00edamos ganar esta guerra\u00bb.<\/p>\n","protected":false},"excerpt":{"rendered":"<p>LARSON, ERIK<\/p>\n","protected":false},"featured_media":95707,"template":"","meta":{"_acf_changed":false,"om_disable_all_campaigns":false,"rs_blank_template":"","rs_page_bg_color":"","slide_template_v7":"","inline_featured_image":false,"_monsterinsights_skip_tracking":false,"_monsterinsights_sitenote_active":false,"_monsterinsights_sitenote_note":"","_monsterinsights_sitenote_category":0},"product_brand":[],"product_cat":[151,127],"product_tag":[],"class_list":{"0":"post-95706","1":"product","2":"type-product","3":"status-publish","4":"has-post-thumbnail","6":"product_cat-contemporania","7":"product_cat-novella-contemporania","9":"first","10":"instock","11":"taxable","12":"shipping-taxable","13":"purchasable","14":"product-type-simple"},"acf":{"editorial":[{"ID":6220,"post_author":"3","post_date":"2022-07-28 17:47:28","post_date_gmt":"2022-07-28 15:47:28","post_content":"","post_title":"Editorial Ariel","post_excerpt":"","post_status":"publish","comment_status":"closed","ping_status":"closed","post_password":"","post_name":"editorial-ariel","to_ping":"","pinged":"","post_modified":"2022-07-28 17:47:28","post_modified_gmt":"2022-07-28 15:47:28","post_content_filtered":"","post_parent":0,"guid":"http:\/\/dev.claret.cat\/editorial\/editorial-ariel\/","menu_order":0,"post_type":"editorial","post_mime_type":"","comment_count":"0","filter":"raw"}],"autor":"LARSON, ERIK","codart":"843443321","libros-coleccion":"Ariel","ediciones":"1","encuadernacion":"Carton\u00e9","fecha_de_publicacion":"01\/02\/2021","novedad":"1","paginas":"702","subtitulo":"LA HISTORIA DE CHURCHILL Y SU ENTORNO FAMILIAR DURANTE EL PER\u00cdODO M\u00c1S CR\u00cdTICO DE","orden":"0","portada":"0","idioma":"spa","autores-libros":[{"ID":155284,"post_author":"3","post_date":"2022-10-14 15:11:36","post_date_gmt":"2022-10-14 13:11:36","post_content":"","post_title":"ERIK LARSON","post_excerpt":"","post_status":"publish","comment_status":"closed","ping_status":"closed","post_password":"","post_name":"erik-larson","to_ping":"","pinged":"","post_modified":"2022-10-14 15:11:36","post_modified_gmt":"2022-10-14 13:11:36","post_content_filtered":"","post_parent":0,"guid":"http:\/\/dev.claret.cat\/autor\/erik-larson\/","menu_order":0,"post_type":"autor","post_mime_type":"","comment_count":"0","filter":"raw"}]},"aioseo_notices":[],"_links":{"self":[{"href":"https:\/\/www.claret.cat\/es\/wp-json\/wp\/v2\/product\/95706","targetHints":{"allow":["GET"]}}],"collection":[{"href":"https:\/\/www.claret.cat\/es\/wp-json\/wp\/v2\/product"}],"about":[{"href":"https:\/\/www.claret.cat\/es\/wp-json\/wp\/v2\/types\/product"}],"wp:featuredmedia":[{"embeddable":true,"href":"https:\/\/www.claret.cat\/es\/wp-json\/wp\/v2\/media\/95707"}],"wp:attachment":[{"href":"https:\/\/www.claret.cat\/es\/wp-json\/wp\/v2\/media?parent=95706"}],"wp:term":[{"taxonomy":"product_brand","embeddable":true,"href":"https:\/\/www.claret.cat\/es\/wp-json\/wp\/v2\/product_brand?post=95706"},{"taxonomy":"product_cat","embeddable":true,"href":"https:\/\/www.claret.cat\/es\/wp-json\/wp\/v2\/product_cat?post=95706"},{"taxonomy":"product_tag","embeddable":true,"href":"https:\/\/www.claret.cat\/es\/wp-json\/wp\/v2\/product_tag?post=95706"}],"curies":[{"name":"wp","href":"https:\/\/api.w.org\/{rel}","templated":true}]}}