{"id":957126,"date":"2024-03-19T14:13:12","date_gmt":"2024-03-19T13:13:12","guid":{"rendered":"https:\/\/www.claret.cat\/llibre\/roma-y-el-vaticano-9788491587071\/"},"modified":"2025-04-07T16:02:40","modified_gmt":"2025-04-07T14:02:40","slug":"roma-y-el-vaticano-9788491587071","status":"publish","type":"product","link":"https:\/\/www.claret.cat\/es\/libro\/roma-y-el-vaticano-9788491587071\/","title":{"rendered":"ROMA Y EL VATICANO"},"content":{"rendered":"<p>A diferencia de otras ciudades con abolengo, Roma posee un casco hist\u00f3rico peculiar. M\u00e1s que de una zona precisa, se puede hablar de varios n\u00facleos, cada uno de los cuales se explica por su propia motivaci\u00f3n hist\u00f3rica y cultural, urban\u00edstica y social. El primero de todos, el Campidoglio, se eleva sobre la explanada del Foro Romano, donde por espacio de m\u00e1s de 1.200 a\u00f1os se decidieron los destinos del reino, de la rep\u00fablica y del imperio. Tras el ocaso de la potencia romana, fue aqu\u00ed donde, a finales de la Edad Media, volvi\u00f3 a latir de nuevo el pulso c\u00edvico de Roma. Sin embargo el poder religioso, con el transcurso de los siglos, se trasladar\u00eda desde Letr\u00e1n hacia San Pedro y el Vaticano. Roma es una ciudad habituada a la inmigraci\u00f3n: as\u00ed ha sido desde la \u00e9poca de los c\u00e9sares y hasta los a\u00f1os en que se convirti\u00f3 en la capital de Italia, cuando sus dimensiones crecieron desmesuradamente. Las cosas no son muy diferentes en la actualidad, como demuestran las estad\u00edsticas seg\u00fan las cuales, al menos uno de cada diez romanos procede de otro pa\u00eds. Como prueba de la importancia de la diversidad en la historia de Roma, el gueto jud\u00edo, recuerdo indeleble de una presencia religiosa y cultural diferente, ahonda sus ra\u00edces en el tejido de la ciudad. <br \/> Al final del detallado recorrido monumental por todos los barrios de Roma  se ofrecen noticias y consejos de car\u00e1cter general, subdivididos en: Informaciones \u00fatiles, Hoteles, Restaurantes, Actividades y Compras. Adem\u00e1s de un pr\u00e1ctico plano desplegable de la ciudad, con todos los ambiente que ofrece de d\u00eda y de noche.<\/p>\n","protected":false},"excerpt":{"rendered":"<p>ANAYA TOURING<\/p>\n","protected":false},"featured_media":1017098,"template":"","meta":{"_acf_changed":false,"om_disable_all_campaigns":false,"rs_blank_template":"","rs_page_bg_color":"","slide_template_v7":"","inline_featured_image":false,"_monsterinsights_skip_tracking":false,"_monsterinsights_sitenote_active":false,"_monsterinsights_sitenote_note":"","_monsterinsights_sitenote_category":0},"product_brand":[],"product_cat":[557,107],"product_tag":[],"class_list":{"0":"post-957126","1":"product","2":"type-product","3":"status-publish","4":"has-post-thumbnail","6":"product_cat-guias-de-viaje","7":"product_cat-guies-de-viatge","9":"first","10":"instock","11":"taxable","12":"shipping-taxable","13":"purchasable","14":"product-type-simple"},"acf":{"autor":"ANAYA TOURING","codart":"849158707","libros-coleccion":"Gu\u00eda Total - Internacional","ediciones":"1","encuadernacion":"R\u00fastica","fecha_de_publicacion":"01\/03\/2024","novedad":"1","paginas":"308","subtitulo":"","orden":"0","portada":"0","idioma":"spa","editorial":[{"ID":147435,"post_author":"3","post_date":"2022-10-14 11:50:33","post_date_gmt":"2022-10-14 09:50:33","post_content":"","post_title":"Anaya Touring","post_excerpt":"","post_status":"publish","comment_status":"closed","ping_status":"closed","post_password":"","post_name":"anaya-touring","to_ping":"","pinged":"","post_modified":"2022-10-14 11:50:33","post_modified_gmt":"2022-10-14 09:50:33","post_content_filtered":"","post_parent":0,"guid":"http:\/\/dev.claret.cat\/editorial\/anaya-touring\/","menu_order":0,"post_type":"editorial","post_mime_type":"","comment_count":"0","filter":"raw"}]},"aioseo_notices":[],"_links":{"self":[{"href":"https:\/\/www.claret.cat\/es\/wp-json\/wp\/v2\/product\/957126","targetHints":{"allow":["GET"]}}],"collection":[{"href":"https:\/\/www.claret.cat\/es\/wp-json\/wp\/v2\/product"}],"about":[{"href":"https:\/\/www.claret.cat\/es\/wp-json\/wp\/v2\/types\/product"}],"wp:featuredmedia":[{"embeddable":true,"href":"https:\/\/www.claret.cat\/es\/wp-json\/wp\/v2\/media\/1017098"}],"wp:attachment":[{"href":"https:\/\/www.claret.cat\/es\/wp-json\/wp\/v2\/media?parent=957126"}],"wp:term":[{"taxonomy":"product_brand","embeddable":true,"href":"https:\/\/www.claret.cat\/es\/wp-json\/wp\/v2\/product_brand?post=957126"},{"taxonomy":"product_cat","embeddable":true,"href":"https:\/\/www.claret.cat\/es\/wp-json\/wp\/v2\/product_cat?post=957126"},{"taxonomy":"product_tag","embeddable":true,"href":"https:\/\/www.claret.cat\/es\/wp-json\/wp\/v2\/product_tag?post=957126"}],"curies":[{"name":"wp","href":"https:\/\/api.w.org\/{rel}","templated":true}]}}