{"id":957186,"date":"2024-03-19T14:18:59","date_gmt":"2024-03-19T13:18:59","guid":{"rendered":"https:\/\/www.claret.cat\/llibre\/adolescencia-en-clave-de-dios-9788412598698\/"},"modified":"2024-05-03T17:55:13","modified_gmt":"2024-05-03T15:55:13","slug":"adolescencia-en-clave-de-dios-9788412598698","status":"publish","type":"product","link":"https:\/\/www.claret.cat\/es\/libro\/adolescencia-en-clave-de-dios-9788412598698\/","title":{"rendered":"ADOLESCENCIA EN CLAVE DE DIOS"},"content":{"rendered":"<p>Los adolescentes son rebeldes por naturaleza. Su tendencia es al exceso y al desorden. En esta etapa, quiz\u00e1 m\u00e1s que nunca, la sabidur\u00eda de los que formamos la raza de los padres de familia, fruto de nuestros a\u00f1os y de la experiencia, tendr\u00e1 que ponerse a su servicio para defenderles de s\u00ed mismos. Pero nunca desde arriba. Tan lejos somos de poca ayuda. No, los pedestales no ayudan. Nuestra pole position con los adolescentes es a su altura, donde puedan apoyarse en nosotros ante la tentaci\u00f3n de la ca\u00edda. Nos necesitan fuertes, pero a su lado, donde puedan tocarnos. Y a partir de ah\u00ed, debemos procurar ponerlo todo de nuestra parte para hacer las cosas bien, con los pies firmes en la tierra, pero siempre mirando al Cielo, desde donde el Se\u00f1or no deja de contemplarnos. Dios tiene un plan y todo lo que ocurre en nuestra familia forma parte de su designio. Por eso, cuanto m\u00e1s cerca est\u00e1n nuestros adolescentes \u2014y nosotros mismos\u2014 de \u00c9l, m\u00e1s tiempo pasar\u00e1n en la calle de la alegr\u00eda, so\u00f1ando a lo grande, y abri\u00e9ndole de par en par las puertas de su coraz\u00f3n.<\/p>\n","protected":false},"excerpt":{"rendered":"<p>DORRIO LOURIDO, MAR<\/p>\n","protected":false},"featured_media":957187,"template":"","meta":{"_acf_changed":false,"om_disable_all_campaigns":false,"rs_blank_template":"","rs_page_bg_color":"","slide_template_v7":"","inline_featured_image":false,"_monsterinsights_skip_tracking":false,"_monsterinsights_sitenote_active":false,"_monsterinsights_sitenote_note":"","_monsterinsights_sitenote_category":0},"product_brand":[],"product_cat":[220,479],"product_tag":[],"class_list":{"0":"post-957186","1":"product","2":"type-product","3":"status-publish","4":"has-post-thumbnail","6":"product_cat-juvenil-catequesi","7":"product_cat-juvenil-catequesis-1_espiritualidad","9":"first","10":"instock","11":"taxable","12":"shipping-taxable","13":"purchasable","14":"product-type-simple"},"acf":{"autor":"DORRIO LOURIDO, MAR","codart":"841259869","libros-coleccion":"","ediciones":"1","encuadernacion":"R\u00fastica","fecha_de_publicacion":"01\/02\/2024","novedad":"1","paginas":"221","subtitulo":"PARA PADRES QUE QUIEREN EDUCAR MIRANDO AL CIELO","orden":"0","portada":"0","idioma":"spa","editorial":[{"ID":6316,"post_author":"3","post_date":"2022-07-28 17:49:34","post_date_gmt":"2022-07-28 15:49:34","post_content":"","post_title":"Nueva Eva","post_excerpt":"","post_status":"publish","comment_status":"closed","ping_status":"closed","post_password":"","post_name":"nueva-eva","to_ping":"","pinged":"","post_modified":"2022-07-28 17:49:34","post_modified_gmt":"2022-07-28 15:49:34","post_content_filtered":"","post_parent":0,"guid":"http:\/\/dev.claret.cat\/editorial\/nueva-eva\/","menu_order":0,"post_type":"editorial","post_mime_type":"","comment_count":"0","filter":"raw"}]},"aioseo_notices":[],"_links":{"self":[{"href":"https:\/\/www.claret.cat\/es\/wp-json\/wp\/v2\/product\/957186","targetHints":{"allow":["GET"]}}],"collection":[{"href":"https:\/\/www.claret.cat\/es\/wp-json\/wp\/v2\/product"}],"about":[{"href":"https:\/\/www.claret.cat\/es\/wp-json\/wp\/v2\/types\/product"}],"wp:featuredmedia":[{"embeddable":true,"href":"https:\/\/www.claret.cat\/es\/wp-json\/wp\/v2\/media\/957187"}],"wp:attachment":[{"href":"https:\/\/www.claret.cat\/es\/wp-json\/wp\/v2\/media?parent=957186"}],"wp:term":[{"taxonomy":"product_brand","embeddable":true,"href":"https:\/\/www.claret.cat\/es\/wp-json\/wp\/v2\/product_brand?post=957186"},{"taxonomy":"product_cat","embeddable":true,"href":"https:\/\/www.claret.cat\/es\/wp-json\/wp\/v2\/product_cat?post=957186"},{"taxonomy":"product_tag","embeddable":true,"href":"https:\/\/www.claret.cat\/es\/wp-json\/wp\/v2\/product_tag?post=957186"}],"curies":[{"name":"wp","href":"https:\/\/api.w.org\/{rel}","templated":true}]}}