{"id":95721,"date":"2022-10-12T06:48:21","date_gmt":"2022-10-12T04:48:21","guid":{"rendered":"http:\/\/dev.claret.cat\/producte\/sabiduria-2\/"},"modified":"2023-01-28T20:39:17","modified_gmt":"2023-01-28T19:39:17","slug":"sabiduria-9788449337864","status":"publish","type":"product","link":"https:\/\/www.claret.cat\/es\/libro\/sabiduria-9788449337864\/","title":{"rendered":"SABIDUR\u00cdA"},"content":{"rendered":"<p>\u00bfC\u00f3mo comportarse en una civilizaci\u00f3n que amenaza con el colapso? Leyendo a los romanos cuya filosof\u00eda se basa en ejemplos a seguir y no en teor\u00edas confusas.<br \/> Este libro responde a preguntas muy concretas: \u00bfc\u00f3mo utilizar el tiempo? \u00bfC\u00f3mo ser firme en el dolor? \u00bfEs posible envejecer bien? \u00bfC\u00f3mo domesticar la muerte? \u00bfDeber\u00edamos tener hijos? \u00bfQu\u00e9 significa cumplir mi palabra? \u00bfQu\u00e9 significa amar con amor o amistad? \u00bfPodemos poseer sin ser pose\u00eddos? \u00bfDeber\u00edamos preocuparnos por la pol\u00edtica? \u00bfQu\u00e9 nos ense\u00f1a la naturaleza? \u00bfC\u00f3mo se ve una moralidad del honor?<br \/> Para Michel Onfray la sabidur\u00eda es volver nuestra mirada a la Antigua Roma, como si estuvi\u00e9ramos viendo una pel\u00edcula, y asistir a la muerte de Plinio el Viejo y a las luchas de gladiadores, ser testigos de suicidios grandiosos y banquetes de fil\u00f3sofos rid\u00edculos, de amistades sublimes y asesinatos que cambian el rumbo. Vivir la historia y acompa\u00f1ar a S\u00e9neca y Cicer\u00f3n, Epicteto y Marco Aurelio.<br \/> Mientras se espera la cat\u00e1strofe, siempre se puede vivir como un romano: es decir, erguido y recto.<\/p>\n","protected":false},"excerpt":{"rendered":"<p>ONFRAY, MICHEL<\/p>\n","protected":false},"featured_media":95722,"template":"","meta":{"_acf_changed":false,"om_disable_all_campaigns":false,"rs_blank_template":"","rs_page_bg_color":"","slide_template_v7":"","inline_featured_image":false,"_monsterinsights_skip_tracking":false,"_monsterinsights_sitenote_active":false,"_monsterinsights_sitenote_note":"","_monsterinsights_sitenote_category":0},"product_brand":[],"product_cat":[166],"product_tag":[],"class_list":{"0":"post-95721","1":"product","2":"type-product","3":"status-publish","4":"has-post-thumbnail","6":"product_cat-autors-filosofia","8":"first","9":"instock","10":"taxable","11":"shipping-taxable","12":"purchasable","13":"product-type-simple"},"acf":{"editorial":[{"ID":6206,"post_author":"3","post_date":"2022-07-28 17:47:08","post_date_gmt":"2022-07-28 15:47:08","post_content":"","post_title":"Ediciones Paid\u00f3s","post_excerpt":"","post_status":"publish","comment_status":"closed","ping_status":"closed","post_password":"","post_name":"ediciones-paidos","to_ping":"","pinged":"","post_modified":"2022-07-28 17:47:08","post_modified_gmt":"2022-07-28 15:47:08","post_content_filtered":"","post_parent":0,"guid":"http:\/\/dev.claret.cat\/editorial\/ediciones-paidos\/","menu_order":0,"post_type":"editorial","post_mime_type":"","comment_count":"0","filter":"raw"}],"autores-libros":[{"ID":5846,"post_author":"3","post_date":"2022-07-28 17:32:44","post_date_gmt":"2022-07-28 15:32:44","post_content":"","post_title":"MICHEL ONFRAY","post_excerpt":"","post_status":"publish","comment_status":"closed","ping_status":"closed","post_password":"","post_name":"michel-onfray","to_ping":"","pinged":"","post_modified":"2022-07-28 17:32:44","post_modified_gmt":"2022-07-28 15:32:44","post_content_filtered":"","post_parent":0,"guid":"http:\/\/dev.claret.cat\/autor\/michel-onfray\/","menu_order":0,"post_type":"autor","post_mime_type":"","comment_count":"0","filter":"raw"}],"autor":"ONFRAY, MICHEL","codart":"844933786","libros-coleccion":"Contextos","ediciones":"1","encuadernacion":"R\u00fastica","fecha_de_publicacion":"01\/02\/2021","novedad":"1","paginas":"442","subtitulo":"SABER VIVIR AL PIE DE UN VOLC\u00c1N","orden":"0","portada":"0","idioma":"spa"},"aioseo_notices":[],"_links":{"self":[{"href":"https:\/\/www.claret.cat\/es\/wp-json\/wp\/v2\/product\/95721","targetHints":{"allow":["GET"]}}],"collection":[{"href":"https:\/\/www.claret.cat\/es\/wp-json\/wp\/v2\/product"}],"about":[{"href":"https:\/\/www.claret.cat\/es\/wp-json\/wp\/v2\/types\/product"}],"wp:featuredmedia":[{"embeddable":true,"href":"https:\/\/www.claret.cat\/es\/wp-json\/wp\/v2\/media\/95722"}],"wp:attachment":[{"href":"https:\/\/www.claret.cat\/es\/wp-json\/wp\/v2\/media?parent=95721"}],"wp:term":[{"taxonomy":"product_brand","embeddable":true,"href":"https:\/\/www.claret.cat\/es\/wp-json\/wp\/v2\/product_brand?post=95721"},{"taxonomy":"product_cat","embeddable":true,"href":"https:\/\/www.claret.cat\/es\/wp-json\/wp\/v2\/product_cat?post=95721"},{"taxonomy":"product_tag","embeddable":true,"href":"https:\/\/www.claret.cat\/es\/wp-json\/wp\/v2\/product_tag?post=95721"}],"curies":[{"name":"wp","href":"https:\/\/api.w.org\/{rel}","templated":true}]}}