{"id":957421,"date":"2024-03-19T14:40:47","date_gmt":"2024-03-19T13:40:47","guid":{"rendered":"https:\/\/www.claret.cat\/llibre\/llegeixo-tot-solet-amb-el-petit-princep-9788413492742\/"},"modified":"2024-12-24T12:30:33","modified_gmt":"2024-12-24T11:30:33","slug":"llegeixo-tot-solet-amb-el-petit-princep-9788413492742","status":"publish","type":"product","link":"https:\/\/www.claret.cat\/es\/libro\/llegeixo-tot-solet-amb-el-petit-princep-9788413492742\/","title":{"rendered":"LLEGEIXO TOT SOLET AMB EL PETIT PR\u00cdNCEP"},"content":{"rendered":"<p>Llegir tot solet mai ha estat tan f\u00e0cil i bonic! El personatge de Saint-Exup\u00e9ry i el text, clar i senzill, el garanteixen! A m\u00e9s, el vocabulari i les activitats proposades al final conviden a aprendre a llegir de manera l\u00fadica i divertida.<\/p>\n","protected":false},"excerpt":{"rendered":"<p>DE SAINT-EXUP\u00c9RY, ANTOINE<\/p>\n","protected":false},"featured_media":957422,"template":"","meta":{"_acf_changed":false,"om_disable_all_campaigns":false,"rs_blank_template":"","rs_page_bg_color":"","slide_template_v7":"","inline_featured_image":false,"_monsterinsights_skip_tracking":false,"_monsterinsights_sitenote_active":false,"_monsterinsights_sitenote_note":"","_monsterinsights_sitenote_category":0},"product_brand":[],"product_cat":[131,361],"product_tag":[],"class_list":{"0":"post-957421","1":"product","2":"type-product","3":"status-publish","4":"has-post-thumbnail","6":"product_cat-contes-per-infants-0-6-anys","7":"product_cat-cuentos-para-ninos-0-6-anos","9":"first","10":"instock","11":"taxable","12":"shipping-taxable","13":"purchasable","14":"product-type-simple"},"acf":{"autor":"DE SAINT-EXUP\u00c9RY, ANTOINE","codart":"841349274","libros-coleccion":"Catal\u00e1 - A Partir De 3 Anys - Personatge","ediciones":"1","encuadernacion":"R\u00fastica","fecha_de_publicacion":"01\/05\/2023","novedad":"1","paginas":"48","subtitulo":"","orden":"0","portada":"0","idioma":"cat","editorial":[{"ID":147936,"post_author":"3","post_date":"2022-10-14 11:54:22","post_date_gmt":"2022-10-14 09:54:22","post_content":"","post_title":"Editorial Bru\u00f1o","post_excerpt":"","post_status":"publish","comment_status":"closed","ping_status":"closed","post_password":"","post_name":"editorial-bruno","to_ping":"","pinged":"","post_modified":"2022-10-14 11:54:22","post_modified_gmt":"2022-10-14 09:54:22","post_content_filtered":"","post_parent":0,"guid":"http:\/\/dev.claret.cat\/editorial\/editorial-bruno\/","menu_order":0,"post_type":"editorial","post_mime_type":"","comment_count":"0","filter":"raw"}]},"aioseo_notices":[],"_links":{"self":[{"href":"https:\/\/www.claret.cat\/es\/wp-json\/wp\/v2\/product\/957421","targetHints":{"allow":["GET"]}}],"collection":[{"href":"https:\/\/www.claret.cat\/es\/wp-json\/wp\/v2\/product"}],"about":[{"href":"https:\/\/www.claret.cat\/es\/wp-json\/wp\/v2\/types\/product"}],"wp:featuredmedia":[{"embeddable":true,"href":"https:\/\/www.claret.cat\/es\/wp-json\/wp\/v2\/media\/957422"}],"wp:attachment":[{"href":"https:\/\/www.claret.cat\/es\/wp-json\/wp\/v2\/media?parent=957421"}],"wp:term":[{"taxonomy":"product_brand","embeddable":true,"href":"https:\/\/www.claret.cat\/es\/wp-json\/wp\/v2\/product_brand?post=957421"},{"taxonomy":"product_cat","embeddable":true,"href":"https:\/\/www.claret.cat\/es\/wp-json\/wp\/v2\/product_cat?post=957421"},{"taxonomy":"product_tag","embeddable":true,"href":"https:\/\/www.claret.cat\/es\/wp-json\/wp\/v2\/product_tag?post=957421"}],"curies":[{"name":"wp","href":"https:\/\/api.w.org\/{rel}","templated":true}]}}