{"id":957445,"date":"2024-03-19T14:43:14","date_gmt":"2024-03-19T13:43:14","guid":{"rendered":"https:\/\/www.claret.cat\/llibre\/trilogia-de-los-tres-cuerpos-estuche-con-el-problema-de-los-tres-cuerpos-el-9788413146928\/"},"modified":"2024-03-19T14:43:31","modified_gmt":"2024-03-19T13:43:31","slug":"trilogia-de-los-tres-cuerpos-estuche-con-el-problema-de-los-tres-cuerpos-el-9788413146928","status":"publish","type":"product","link":"https:\/\/www.claret.cat\/es\/libro\/trilogia-de-los-tres-cuerpos-estuche-con-el-problema-de-los-tres-cuerpos-el-9788413146928\/","title":{"rendered":"TRILOG\u00cdA DE LOS TRES CUERPOS (ESTUCHE CON: EL PROBLEMA DE LOS TRES CUERPOS | EL"},"content":{"rendered":"<p>Bienvenido a El problema de los tres cuerpos, una obra maestra, enormemente visionaria, sobre el papel de la ciencia en nuestra sociedad. El fen\u00f3meno editorial chino que ha conquistado el mundo y ha ganado el Premio Hugo 2015 a la mejor novela.  M\u00c1S DE 32 MILLONES DE EJEMPLARES VENDIDOS EN TODO EL MUNDO Un misterioso juego en l\u00ednea. Un mundo virtual gobernado por la intratable e impredecible interacci\u00f3n de sus tres soles. Este es el problema de los tres cuerpos y es la clave de todo: la clave de la muerte de los cient\u00edficos, la clave de una conspiraci\u00f3n que abarca a\u00f1os luz y la clave de la amenaza de extinci\u00f3n a la que se enfrenta ahora la humanidad. Esta caja recoge los tres libros que componen la trilog\u00eda El problema de los tres cuerpos. El p\u00fablico y la cr\u00edtica de los cinco continentes se rinden a esta obra maestra, que nos ayuda a comprender el pasado y el futuro del mundo en que vivimos.<\/p>\n","protected":false},"excerpt":{"rendered":"<p>LIU, CIXIN<\/p>\n","protected":false},"featured_media":957446,"template":"","meta":{"_acf_changed":false,"om_disable_all_campaigns":false,"rs_blank_template":"","rs_page_bg_color":"","slide_template_v7":"","inline_featured_image":false,"_monsterinsights_skip_tracking":false,"_monsterinsights_sitenote_active":false,"_monsterinsights_sitenote_note":"","_monsterinsights_sitenote_category":0},"product_brand":[],"product_cat":[127,357],"product_tag":[],"class_list":{"0":"post-957445","1":"product","2":"type-product","3":"status-publish","4":"has-post-thumbnail","6":"product_cat-novella-contemporania","7":"product_cat-novela-contemporanea","9":"first","10":"instock","11":"taxable","12":"shipping-taxable","13":"purchasable","14":"product-type-simple"},"acf":{"autor":"LIU, CIXIN","codart":"841314692","libros-coleccion":"Ficci\u00f3n","ediciones":"1","encuadernacion":"R\u00fastica","fecha_de_publicacion":"01\/04\/2023","novedad":"1","paginas":"0","subtitulo":"","orden":"0","portada":"0","idioma":"spa"},"aioseo_notices":[],"_links":{"self":[{"href":"https:\/\/www.claret.cat\/es\/wp-json\/wp\/v2\/product\/957445","targetHints":{"allow":["GET"]}}],"collection":[{"href":"https:\/\/www.claret.cat\/es\/wp-json\/wp\/v2\/product"}],"about":[{"href":"https:\/\/www.claret.cat\/es\/wp-json\/wp\/v2\/types\/product"}],"wp:featuredmedia":[{"embeddable":true,"href":"https:\/\/www.claret.cat\/es\/wp-json\/wp\/v2\/media\/957446"}],"wp:attachment":[{"href":"https:\/\/www.claret.cat\/es\/wp-json\/wp\/v2\/media?parent=957445"}],"wp:term":[{"taxonomy":"product_brand","embeddable":true,"href":"https:\/\/www.claret.cat\/es\/wp-json\/wp\/v2\/product_brand?post=957445"},{"taxonomy":"product_cat","embeddable":true,"href":"https:\/\/www.claret.cat\/es\/wp-json\/wp\/v2\/product_cat?post=957445"},{"taxonomy":"product_tag","embeddable":true,"href":"https:\/\/www.claret.cat\/es\/wp-json\/wp\/v2\/product_tag?post=957445"}],"curies":[{"name":"wp","href":"https:\/\/api.w.org\/{rel}","templated":true}]}}