{"id":957741,"date":"2024-03-19T15:23:58","date_gmt":"2024-03-19T14:23:58","guid":{"rendered":"https:\/\/www.claret.cat\/llibre\/padre-rico-padre-pobre-edicion-especial-ampliada-actualizada-y-en-tapa-dura-9788403522527\/"},"modified":"2024-04-10T11:25:18","modified_gmt":"2024-04-10T09:25:18","slug":"padre-rico-padre-pobre-edicion-especial-ampliada-actualizada-y-en-tapa-dura-9788403522527","status":"publish","type":"product","link":"https:\/\/www.claret.cat\/es\/libro\/padre-rico-padre-pobre-edicion-especial-ampliada-actualizada-y-en-tapa-dura-9788403522527\/","title":{"rendered":"PADRE RICO, PADRE POBRE (EDICI\u00d3N ESPECIAL AMPLIADA, ACTUALIZADA Y EN TAPA DURA)"},"content":{"rendered":"<p>EDICI\u00d3N 25 ANIVERSARIO, AMPLIADA Y ACTUALIZADA El libro de finanzas personales n\u00famero 1 en todo el mundo,<br \/>el manual de Robert T. Kiyosaki que ense\u00f1a a las personas a hacerse millonarias.  M\u00c1S DE 1.500.000 DE EJEMPLARES VENDIDOS Una nueva edici\u00f3n revisada y actualizada del bestseller que revolucion\u00f3 la forma de entender las finanzas personales. Las premisas que Robert T. Kiyosaki estableci\u00f3 en esta obra han trascendido hasta hoy. Veinticinco a\u00f1os despu\u00e9s de su lanzamiento, sigue siendo el libro de finanzas personales m\u00e1s vendido. El estudio es parte de la filosof\u00eda de Rich Dad: leer, discutir, estudiar&#8230; y discutir de nuevo. Esta edici\u00f3n del 25 aniversario incluye una revisi\u00f3n completa del autor y nueve sesiones de estudio para usar como gu\u00edas conforme lees, relees, discutes y estudias este libro con tus amigos y familiares. *Derriba el mito de que es necesario tener unos ingresos elevados para hacerse rico, especialmente en un mundo donde la tecnolog\u00eda, los robots y la econom\u00eda global est\u00e1n cambiando las reglas del juego.*Ense\u00f1a por qu\u00e9 la adquisici\u00f3n y la construcci\u00f3n de activos puede ser mucho m\u00e1s importante para el futuro que un salario elevado, as\u00ed como las ventajas fiscales que disfrutan los inversores y los due\u00f1os de negocios. *Desaf\u00eda la creencia de que una casa es un activo, como miles de personas aprendieron de la forma m\u00e1s dif\u00edcil durante el colapso de la burbuja inmobiliaria.*Nos recuerda por qu\u00e9 no podemos contar con el sistema educativo para ense\u00f1ar a nuestros hijos acerca del dinero, y por qu\u00e9, hoy m\u00e1s que nunca, tener esta habilidad es tan crucial en la vida. *Explica qu\u00e9 ense\u00f1ar a los hijos acerca del dinero para que puedan afrontar los retos y oportunidades del mundo moderno y disfrutar de la vida millonaria que merecen. \u00abLa raz\u00f3n principal por la cual las personas luchan financieramente es porque han pasado a\u00f1os en los colegios, pero no han aprendido nada acerca del dinero. El resultado es que la gente aprende a trabajar por dinero&#8230; pero nunca aprende a tener el dinero trabajando para ellos\u00bb. ROBERT T. KIYOSAKI Robert T. Kiyosaki ha transformado de manera radical la forma en la que millones de personas perciben el dinero. Con perspectivas que contradicen el conocimiento convencional, Kiyosaki se ha ganado una gran reputaci\u00f3n por la irreverencia, claridad y valor con los que expresa sus ideas. Es reconocido en todo el mundo como un defensor apasionado de la educaci\u00f3n financiera.La cr\u00edtica ha dicho&#8230;<br \/>\u00abEl punto de partida para quien quiera tomar el control de su futuro financiero.\u00bb<br \/>USA Today<br \/> \u00abKiyosaki insiste en la importancia de impartir una educaci\u00f3n financiera que divulgue sobre deuda e impuestos.\u00bb<br \/>El Mundo<\/p>\n","protected":false},"excerpt":{"rendered":"<p>KIYOSAKI, ROBERT T.<\/p>\n","protected":false},"featured_media":961189,"template":"","meta":{"_acf_changed":false,"om_disable_all_campaigns":false,"rs_blank_template":"","rs_page_bg_color":"","slide_template_v7":"","inline_featured_image":false,"_monsterinsights_skip_tracking":false,"_monsterinsights_sitenote_active":false,"_monsterinsights_sitenote_note":"","_monsterinsights_sitenote_category":0},"product_brand":[],"product_cat":[162,436],"product_tag":[],"class_list":{"0":"post-957741","1":"product","2":"type-product","3":"status-publish","4":"has-post-thumbnail","6":"product_cat-economica-i-politica","7":"product_cat-economica-y-politica","9":"first","10":"instock","11":"taxable","12":"shipping-taxable","13":"purchasable","14":"product-type-simple"},"acf":{"autor":"KIYOSAKI, ROBERT T.","codart":"840352252","libros-coleccion":"Divulgaci\u00f3n","ediciones":"1","encuadernacion":"Carton\u00e9","fecha_de_publicacion":"01\/09\/2021","novedad":"1","paginas":"384","subtitulo":"QU\u00c9 LES ENSE\u00d1AN LOS RICOS A SUS HIJOS ACERCA DEL DINERO, QUE LOS POBRES Y LA CLA","orden":"0","portada":"0","idioma":"spa","editorial":[{"ID":6113,"post_author":"3","post_date":"2022-07-28 17:45:10","post_date_gmt":"2022-07-28 15:45:10","post_content":"","post_title":"AGUILAR","post_excerpt":"","post_status":"publish","comment_status":"closed","ping_status":"closed","post_password":"","post_name":"aguilar","to_ping":"","pinged":"","post_modified":"2022-07-28 17:45:10","post_modified_gmt":"2022-07-28 15:45:10","post_content_filtered":"","post_parent":0,"guid":"http:\/\/dev.claret.cat\/editorial\/aguilar\/","menu_order":0,"post_type":"editorial","post_mime_type":"","comment_count":"0","filter":"raw"}]},"aioseo_notices":[],"_links":{"self":[{"href":"https:\/\/www.claret.cat\/es\/wp-json\/wp\/v2\/product\/957741","targetHints":{"allow":["GET"]}}],"collection":[{"href":"https:\/\/www.claret.cat\/es\/wp-json\/wp\/v2\/product"}],"about":[{"href":"https:\/\/www.claret.cat\/es\/wp-json\/wp\/v2\/types\/product"}],"wp:featuredmedia":[{"embeddable":true,"href":"https:\/\/www.claret.cat\/es\/wp-json\/wp\/v2\/media\/961189"}],"wp:attachment":[{"href":"https:\/\/www.claret.cat\/es\/wp-json\/wp\/v2\/media?parent=957741"}],"wp:term":[{"taxonomy":"product_brand","embeddable":true,"href":"https:\/\/www.claret.cat\/es\/wp-json\/wp\/v2\/product_brand?post=957741"},{"taxonomy":"product_cat","embeddable":true,"href":"https:\/\/www.claret.cat\/es\/wp-json\/wp\/v2\/product_cat?post=957741"},{"taxonomy":"product_tag","embeddable":true,"href":"https:\/\/www.claret.cat\/es\/wp-json\/wp\/v2\/product_tag?post=957741"}],"curies":[{"name":"wp","href":"https:\/\/api.w.org\/{rel}","templated":true}]}}