{"id":95778,"date":"2022-10-12T06:49:07","date_gmt":"2022-10-12T04:49:07","guid":{"rendered":"http:\/\/dev.claret.cat\/producte\/entusiasmo-rustica\/"},"modified":"2026-04-02T10:55:22","modified_gmt":"2026-04-02T08:55:22","slug":"entusiasmo-rustica-9788418526039","status":"publish","type":"product","link":"https:\/\/www.claret.cat\/es\/libro\/entusiasmo-rustica-9788418526039\/","title":{"rendered":"ENTUSIASMO (R\u00daSTICA)"},"content":{"rendered":"<p>&#8221;El momento en que un joven toma una decisi\u00f3n y se pone en camino para hacerla realidad es sin duda el m\u00e1s hermoso que una vida pueda brindar.&#8221; Y ese precisamente es el momento que se relata en estas p\u00e1ginas vibrantes y conmovedoras. Una novela que se lee pr\u00e1cticamente de un tir\u00f3n y que suscita comprensi\u00f3n hacia el ser humano, esperanza en su destino y, algo a\u00fan m\u00e1s ins\u00f3lito en la narrativa contempor\u00e1nea, piedad. Un relato lleno de im\u00e1genes indelebles, l\u00facidos pensamientos y episodios trepidantes. El que a\u00fan ame la vida con todas sus polaridades y contradicciones podr\u00e1 identificarse con el protagonista, siempre a caballo entre la escritura y la espiritualidad. Con notable maestr\u00eda narrativa, Pablo d&#8217;Ors despliega aqu\u00ed una historia sospechosamente parecida a la suya: la de un hombre que, para responder a una inapelable llamada interior, se abre al amor y a la amistad, por supuesto, pero tambi\u00e9n a la incoherencia y al dolor y, en definitiva, al sentido de la vida entendida como servicio a los dem\u00e1s. Un delicioso juego auto-ficticio de consecuencias incalculables. Una botella que se tira al mar para que la recoja quien a\u00fan cree que es posible una literatura del alma. Con exquisito sentido del humor y admirable claridad narrativa, este novelista nos brinda aqu\u00ed, seguramente, la obra que sus muchos lectores estaban esperando. Con un estilo l\u00edmpido y eficaz, d&#8221;Ors -sin duda uno de los narradores espa\u00f1oles vivos m\u00e1s singulares- contagia mediante la intensidad de su prosa una actitud entusiasta y vital. Un relato sobre las experiencias inici\u00e1ticas propias de la juventud. Un homenaje, tan humilde como rotundo, a la luz.<\/p>\n","protected":false},"excerpt":{"rendered":"<p>D&#8217;ORS, PABLO<\/p>\n","protected":false},"featured_media":451302,"template":"","meta":{"_acf_changed":false,"om_disable_all_campaigns":false,"rs_blank_template":"","rs_page_bg_color":"","slide_template_v7":"","inline_featured_image":false,"_monsterinsights_skip_tracking":false,"_monsterinsights_sitenote_active":false,"_monsterinsights_sitenote_note":"","_monsterinsights_sitenote_category":0},"product_brand":[],"product_cat":[485,232],"product_tag":[],"class_list":{"0":"post-95778","1":"product","2":"type-product","3":"status-publish","4":"has-post-thumbnail","6":"product_cat-autores-espiritualidad-1_espiritualidad","7":"product_cat-autors-espiritualitat","9":"first","10":"instock","11":"taxable","12":"shipping-taxable","13":"purchasable","14":"product-type-simple"},"acf":{"editorial":[{"ID":6260,"post_author":"3","post_date":"2022-07-28 17:48:23","post_date_gmt":"2022-07-28 15:48:23","post_content":"","post_title":"Galaxia Gutenberg","post_excerpt":"","post_status":"publish","comment_status":"closed","ping_status":"closed","post_password":"","post_name":"galaxia-gutenberg","to_ping":"","pinged":"","post_modified":"2022-07-28 17:48:23","post_modified_gmt":"2022-07-28 15:48:23","post_content_filtered":"","post_parent":0,"guid":"http:\/\/dev.claret.cat\/editorial\/galaxia-gutenberg\/","menu_order":0,"post_type":"editorial","post_mime_type":"","comment_count":"0","filter":"raw"}],"autores-libros":[{"ID":5913,"post_author":"3","post_date":"2022-07-28 17:34:10","post_date_gmt":"2022-07-28 15:34:10","post_content":"","post_title":"PABLO D\u00b4ORS","post_excerpt":"","post_status":"publish","comment_status":"closed","ping_status":"closed","post_password":"","post_name":"pablo-dors","to_ping":"","pinged":"","post_modified":"2022-07-28 17:34:10","post_modified_gmt":"2022-07-28 15:34:10","post_content_filtered":"","post_parent":0,"guid":"http:\/\/dev.claret.cat\/autor\/pablo-dors\/","menu_order":0,"post_type":"autor","post_mime_type":"","comment_count":"0","filter":"raw"}],"autor":"D'ORS, PABLO","codart":"841852603","libros-coleccion":"Narrativa","ediciones":"1","encuadernacion":"R\u00fastica","fecha_de_publicacion":"01\/02\/2021","novedad":"1","paginas":"440","subtitulo":"","orden":"0","portada":"0","idioma":"spa","booktrailer":"","resenas":""},"aioseo_notices":[],"_links":{"self":[{"href":"https:\/\/www.claret.cat\/es\/wp-json\/wp\/v2\/product\/95778","targetHints":{"allow":["GET"]}}],"collection":[{"href":"https:\/\/www.claret.cat\/es\/wp-json\/wp\/v2\/product"}],"about":[{"href":"https:\/\/www.claret.cat\/es\/wp-json\/wp\/v2\/types\/product"}],"wp:featuredmedia":[{"embeddable":true,"href":"https:\/\/www.claret.cat\/es\/wp-json\/wp\/v2\/media\/451302"}],"wp:attachment":[{"href":"https:\/\/www.claret.cat\/es\/wp-json\/wp\/v2\/media?parent=95778"}],"wp:term":[{"taxonomy":"product_brand","embeddable":true,"href":"https:\/\/www.claret.cat\/es\/wp-json\/wp\/v2\/product_brand?post=95778"},{"taxonomy":"product_cat","embeddable":true,"href":"https:\/\/www.claret.cat\/es\/wp-json\/wp\/v2\/product_cat?post=95778"},{"taxonomy":"product_tag","embeddable":true,"href":"https:\/\/www.claret.cat\/es\/wp-json\/wp\/v2\/product_tag?post=95778"}],"curies":[{"name":"wp","href":"https:\/\/api.w.org\/{rel}","templated":true}]}}