{"id":957987,"date":"2024-03-19T18:54:11","date_gmt":"2024-03-19T17:54:11","guid":{"rendered":"https:\/\/www.claret.cat\/llibre\/pack-los-crimenes-de-chopin-la-ultima-melodia-de-chopin-9788408285267\/"},"modified":"2024-03-19T18:58:38","modified_gmt":"2024-03-19T17:58:38","slug":"pack-los-crimenes-de-chopin-la-ultima-melodia-de-chopin-9788408285267","status":"publish","type":"product","link":"https:\/\/www.claret.cat\/es\/libro\/pack-los-crimenes-de-chopin-la-ultima-melodia-de-chopin-9788408285267\/","title":{"rendered":"PACK LOS CR\u00cdMENES DE CHOPIN + LA \u00daLTIMA MELOD\u00cdA DE CHOPIN"},"content":{"rendered":"<p>El maestro del thriller juvenil que ha cautivado a m\u00e1s de 2 millones de lectores.Intriga, misterio, amor y cr\u00edmenes son la base de esta bilog\u00eda ambientada en las enigm\u00e1ticas calles de Sevilla, en la que el lector formar\u00e1 parte de la investigaci\u00f3n. \u00bfConseguir\u00e1s adivinar qui\u00e9n es el culpable?<br \/> Los cr\u00edmenes de Chopin<br \/> En varias casas de Sevilla se han producido una serie de robos que preocupan a toda la ciudad. El ladr\u00f3n, al que apodan \u00abChopin\u00bb porque siempre deja una partitura del famoso compositor para firmar el robo, se lleva dinero, joyas y diferentes art\u00edculos de valor. Una noche aparece un cad\u00e1ver en una de esas viviendas y la tensi\u00f3n aumenta.<br \/> Nikolai Olejnik es un joven polaco que lleg\u00f3 a Espa\u00f1a con su abuelo hace varios a\u00f1os y que sobrevive a base de delinquir. Su mayor pasi\u00f3n es tocar el piano. De repente, todo se complica y se convierte en el principal sospechoso de un asesinato. Niko acude al despacho de Celia Mayo, detective privado, a pedirle ayuda y all\u00ed conoce a Triana, la hija de Celia. La joven enseguida llama su atenci\u00f3n, aunque no es el mejor momento para enamorarse.<br \/> Blanca Sanz apenas lleva cinco meses trabajando en el peri\u00f3dico El Guadalquivir cuando le filtran datos sobre el caso Chopin, que nadie m\u00e1s conoce. Desde ese momento se obsesiona con la investigaci\u00f3n e intenta averiguar qui\u00e9n est\u00e1 detr\u00e1s de aquellos robos.<br \/> La \u00faltima melod\u00eda de Chopin<br \/> La detective privado Celia Mayo ha desaparecido. Triana y Niko todav\u00eda tienen esperanza de encontrarla, aunque saben que las posibilidades son cada vez m\u00e1s escasas. Un d\u00eda, los j\u00f3venes reciben una llamada an\u00f3nima que les asegura que est\u00e1 viva. \u00bfSer\u00e1 esta vez cierto o se trata de una broma de mal gusto?<br \/> Mientras tanto, Blanca se recupera de las lesiones que sufri\u00f3 tras el accidente de helic\u00f3ptero. Su compa\u00f1era periodista Luna Gonz\u00e1lez est\u00e1 investigando y no parar\u00e1 hasta descubrir lo que ocurri\u00f3, aunque eso la ponga en riesgo.<br \/> Sevilla se ha convertido en una ciudad peligrosa en la que nadie parece a salvo. Los misterios y las muertes sospechosas se van produciendo y la polic\u00eda no logra encontrar a los culpables.<br \/> \u00bfConseguir\u00e1n averiguar la verdad de esos sucesos?<\/p>\n","protected":false},"excerpt":{"rendered":"<p>BLUE JEANS<\/p>\n","protected":false},"featured_media":957988,"template":"","meta":{"_acf_changed":false,"om_disable_all_campaigns":false,"rs_blank_template":"","rs_page_bg_color":"","slide_template_v7":"","inline_featured_image":false,"_monsterinsights_skip_tracking":false,"_monsterinsights_sitenote_active":false,"_monsterinsights_sitenote_note":"","_monsterinsights_sitenote_category":0},"product_brand":[],"product_cat":[133,566,117,363],"product_tag":[],"class_list":{"0":"post-957987","1":"product","2":"type-product","3":"status-publish","4":"has-post-thumbnail","6":"product_cat-lectures-per-adolescents-12-18-anys","7":"product_cat-juvenil-3_infantil-juvenil-spa-spa","8":"product_cat-juvenil","9":"product_cat-lecturas-por-adolescentes-12-18-anos","11":"first","12":"instock","13":"taxable","14":"shipping-taxable","15":"purchasable","16":"product-type-simple"},"acf":{"autor":"BLUE JEANS","codart":"840828526","libros-coleccion":"Crimen y Misterio","ediciones":"1","encuadernacion":"R\u00fastica","fecha_de_publicacion":"01\/03\/2024","novedad":"1","paginas":"1","subtitulo":"INCLUYE LOS CR\u00cdMENES DE CHOPIN + LA \u00daLTIMA MELOD\u00cdA DE CHOPIN","orden":"0","portada":"0","idioma":"spa","editorial":[{"ID":6233,"post_author":"3","post_date":"2022-07-28 17:47:48","post_date_gmt":"2022-07-28 15:47:48","post_content":"","post_title":"EDITORIAL PLANETA","post_excerpt":"","post_status":"publish","comment_status":"closed","ping_status":"closed","post_password":"","post_name":"editorial-planeta","to_ping":"","pinged":"","post_modified":"2022-07-28 17:47:48","post_modified_gmt":"2022-07-28 15:47:48","post_content_filtered":"","post_parent":0,"guid":"http:\/\/dev.claret.cat\/editorial\/editorial-planeta\/","menu_order":0,"post_type":"editorial","post_mime_type":"","comment_count":"0","filter":"raw"}]},"aioseo_notices":[],"_links":{"self":[{"href":"https:\/\/www.claret.cat\/es\/wp-json\/wp\/v2\/product\/957987","targetHints":{"allow":["GET"]}}],"collection":[{"href":"https:\/\/www.claret.cat\/es\/wp-json\/wp\/v2\/product"}],"about":[{"href":"https:\/\/www.claret.cat\/es\/wp-json\/wp\/v2\/types\/product"}],"wp:featuredmedia":[{"embeddable":true,"href":"https:\/\/www.claret.cat\/es\/wp-json\/wp\/v2\/media\/957988"}],"wp:attachment":[{"href":"https:\/\/www.claret.cat\/es\/wp-json\/wp\/v2\/media?parent=957987"}],"wp:term":[{"taxonomy":"product_brand","embeddable":true,"href":"https:\/\/www.claret.cat\/es\/wp-json\/wp\/v2\/product_brand?post=957987"},{"taxonomy":"product_cat","embeddable":true,"href":"https:\/\/www.claret.cat\/es\/wp-json\/wp\/v2\/product_cat?post=957987"},{"taxonomy":"product_tag","embeddable":true,"href":"https:\/\/www.claret.cat\/es\/wp-json\/wp\/v2\/product_tag?post=957987"}],"curies":[{"name":"wp","href":"https:\/\/api.w.org\/{rel}","templated":true}]}}