{"id":958,"date":"2022-07-27T15:40:49","date_gmt":"2022-07-27T13:40:49","guid":{"rendered":"http:\/\/dev.claret.cat\/producto\/la-buena-noticia-de-cada-dia-2023-letra-grande-9788490737767\/"},"modified":"2024-05-23T04:53:51","modified_gmt":"2024-05-23T02:53:51","slug":"la-buena-noticia-de-cada-dia-2023-letra-grande-9788490737767","status":"publish","type":"product","link":"https:\/\/www.claret.cat\/es\/libro\/la-buena-noticia-de-cada-dia-2023-letra-grande-9788490737767\/","title":{"rendered":"LA BUENA NOTICIA DE CADA D\u00cdA &#8211; 2023 &#8211; LETRA GRANDE"},"content":{"rendered":"<p>La Buena Noticia de cada d\u00eda 2023 ofrece:    &#8211; Indicaci\u00f3n de las lecturas y Salmo de cada d\u00eda.  &#8211; Texto completo del evangelio.  &#8211; Comentarios al evangelio del d\u00eda desde una lectura actual y prof\u00e9tica.  &#8211; Comentarios extensos de los textos b\u00edblicos del domingo en clave de lectio divina.  &#8211; Domingos y festivos con las tres lecturas y el salmo.   Y adem\u00e1s:   &#8211; Color lit\u00fargico, semana del salterio y santo del d\u00eda.  &#8211; Oraciones y reflexiones para la meditaci\u00f3n y el crecimiento personal.  &#8211; Ap\u00e9ndices finales que potencian nuestra fe y el crecimiento espiritual.  &#8211; Dibujos ilustrativos del evangelio del domingo. &#8211; Un peque\u00f1o dosier en siete p\u00e1ginas con un acercamiento creyente y orante al evangelio de Juan.<\/p>\n","protected":false},"excerpt":{"rendered":"<p>VERBO DIVINO<\/p>\n","protected":false},"featured_media":373081,"template":"","meta":{"_acf_changed":false,"om_disable_all_campaigns":false,"rs_blank_template":"","rs_page_bg_color":"","slide_template_v7":"","inline_featured_image":false,"_monsterinsights_skip_tracking":false,"_monsterinsights_sitenote_active":false,"_monsterinsights_sitenote_note":"","_monsterinsights_sitenote_category":0},"product_brand":[],"product_cat":[500,255],"product_tag":[],"class_list":{"0":"post-958","1":"product","2":"type-product","3":"status-publish","4":"has-post-thumbnail","6":"product_cat-misales","7":"product_cat-missals","9":"first","10":"outofstock","11":"taxable","12":"shipping-taxable","13":"purchasable","14":"product-type-simple"},"acf":{"autor":"VERBO DIVINO","codart":"849073776","ediciones":"1","encuadernacion":"R\u00fastica","fecha_de_publicacion":"01\/07\/2022","novedad":"1","paginas":"640","subtitulo":"CON EL EVANGELIO DEL DOMINGO EN CLAVE DE LECTIO DIVINA - EDICI\u00d3N ESPA\u00d1A - LETRA GRANDE","orden":"0","portada":"0","idioma":"spa","libros-coleccion":"","autores-libros":[{"ID":6074,"post_author":"3","post_date":"2022-07-28 17:37:35","post_date_gmt":"2022-07-28 15:37:35","post_content":"","post_title":"VERBO DIVINO","post_excerpt":"","post_status":"publish","comment_status":"closed","ping_status":"closed","post_password":"","post_name":"verbo-divino","to_ping":"","pinged":"","post_modified":"2022-07-28 17:37:35","post_modified_gmt":"2022-07-28 15:37:35","post_content_filtered":"","post_parent":0,"guid":"http:\/\/dev.claret.cat\/autor\/verbo-divino\/","menu_order":0,"post_type":"autor","post_mime_type":"","comment_count":"0","filter":"raw"}],"editorial":[{"ID":6390,"post_author":"3","post_date":"2022-07-28 17:51:08","post_date_gmt":"2022-07-28 15:51:08","post_content":"","post_title":"VERBO DIVINO","post_excerpt":"","post_status":"publish","comment_status":"closed","ping_status":"closed","post_password":"","post_name":"verbo-divino","to_ping":"","pinged":"","post_modified":"2022-07-28 17:51:08","post_modified_gmt":"2022-07-28 15:51:08","post_content_filtered":"","post_parent":0,"guid":"http:\/\/dev.claret.cat\/editorial\/verbo-divino\/","menu_order":0,"post_type":"editorial","post_mime_type":"","comment_count":"0","filter":"raw"}]},"aioseo_notices":[],"_links":{"self":[{"href":"https:\/\/www.claret.cat\/es\/wp-json\/wp\/v2\/product\/958","targetHints":{"allow":["GET"]}}],"collection":[{"href":"https:\/\/www.claret.cat\/es\/wp-json\/wp\/v2\/product"}],"about":[{"href":"https:\/\/www.claret.cat\/es\/wp-json\/wp\/v2\/types\/product"}],"wp:featuredmedia":[{"embeddable":true,"href":"https:\/\/www.claret.cat\/es\/wp-json\/wp\/v2\/media\/373081"}],"wp:attachment":[{"href":"https:\/\/www.claret.cat\/es\/wp-json\/wp\/v2\/media?parent=958"}],"wp:term":[{"taxonomy":"product_brand","embeddable":true,"href":"https:\/\/www.claret.cat\/es\/wp-json\/wp\/v2\/product_brand?post=958"},{"taxonomy":"product_cat","embeddable":true,"href":"https:\/\/www.claret.cat\/es\/wp-json\/wp\/v2\/product_cat?post=958"},{"taxonomy":"product_tag","embeddable":true,"href":"https:\/\/www.claret.cat\/es\/wp-json\/wp\/v2\/product_tag?post=958"}],"curies":[{"name":"wp","href":"https:\/\/api.w.org\/{rel}","templated":true}]}}