{"id":958043,"date":"2024-03-19T19:40:02","date_gmt":"2024-03-19T18:40:02","guid":{"rendered":"https:\/\/www.claret.cat\/llibre\/un-dos-tres-pica-paret-un-recorregut-ludic-per-la-historia-de-larquitectura-9788411580601\/"},"modified":"2024-03-19T19:41:25","modified_gmt":"2024-03-19T18:41:25","slug":"un-dos-tres-pica-paret-un-recorregut-ludic-per-la-historia-de-larquitectura-9788411580601","status":"publish","type":"product","link":"https:\/\/www.claret.cat\/es\/libro\/un-dos-tres-pica-paret-un-recorregut-ludic-per-la-historia-de-larquitectura-9788411580601\/","title":{"rendered":"UN, DOS, TRES, PICA PARET. UN RECORREGUT L\u00daDIC PER LA HIST\u00d2RIA DE L&#8221;ARQUITECTURA"},"content":{"rendered":"<p>Endinsa&#8221;t en un viatge a trav\u00e9s de la hist\u00f2ria de l&#8221;arquitectura, des dels menhirs de la prehist\u00f2ria fins als edificis m\u00e9s moderns i singulars de l&#8221;actualitat. De la m\u00e0 d&#8221;un nen i una nena que viatgen a trav\u00e9s del temps amb una nau, el llibre recorre les construccions m\u00e9s emblem\u00e0tiques dels principals per\u00edodes hist\u00f2rics i, al darrere de cada solapa, intercala una proposta de joc diferent per a cadascun.<\/p>\n","protected":false},"excerpt":{"rendered":"<p>VERA GUARDIOLA, LUISA<\/p>\n","protected":false},"featured_media":958044,"template":"","meta":{"_acf_changed":false,"om_disable_all_campaigns":false,"rs_blank_template":"","rs_page_bg_color":"","slide_template_v7":"","inline_featured_image":false,"_monsterinsights_skip_tracking":false,"_monsterinsights_sitenote_active":false,"_monsterinsights_sitenote_note":"","_monsterinsights_sitenote_category":0},"product_brand":[],"product_cat":[131,361],"product_tag":[],"class_list":{"0":"post-958043","1":"product","2":"type-product","3":"status-publish","4":"has-post-thumbnail","6":"product_cat-contes-per-infants-0-6-anys","7":"product_cat-cuentos-para-ninos-0-6-anos","9":"first","10":"instock","11":"taxable","12":"shipping-taxable","13":"purchasable","14":"product-type-simple"},"acf":{"autor":"VERA GUARDIOLA, LUISA","codart":"841158060","libros-coleccion":"FORA DE COL.LECCI\u00d3","ediciones":"1","encuadernacion":"Carton\u00e9","fecha_de_publicacion":"01\/02\/2024","novedad":"1","paginas":"0","subtitulo":"","orden":"0","portada":"0","idioma":"cat","editorial":[{"ID":147649,"post_author":"3","post_date":"2022-10-14 11:52:11","post_date_gmt":"2022-10-14 09:52:11","post_content":"","post_title":"COMBEL EDITORIAL","post_excerpt":"","post_status":"publish","comment_status":"closed","ping_status":"closed","post_password":"","post_name":"combel-editorial","to_ping":"","pinged":"","post_modified":"2022-10-14 11:52:11","post_modified_gmt":"2022-10-14 09:52:11","post_content_filtered":"","post_parent":0,"guid":"http:\/\/dev.claret.cat\/editorial\/combel-editorial\/","menu_order":0,"post_type":"editorial","post_mime_type":"","comment_count":"0","filter":"raw"}]},"aioseo_notices":[],"_links":{"self":[{"href":"https:\/\/www.claret.cat\/es\/wp-json\/wp\/v2\/product\/958043","targetHints":{"allow":["GET"]}}],"collection":[{"href":"https:\/\/www.claret.cat\/es\/wp-json\/wp\/v2\/product"}],"about":[{"href":"https:\/\/www.claret.cat\/es\/wp-json\/wp\/v2\/types\/product"}],"wp:featuredmedia":[{"embeddable":true,"href":"https:\/\/www.claret.cat\/es\/wp-json\/wp\/v2\/media\/958044"}],"wp:attachment":[{"href":"https:\/\/www.claret.cat\/es\/wp-json\/wp\/v2\/media?parent=958043"}],"wp:term":[{"taxonomy":"product_brand","embeddable":true,"href":"https:\/\/www.claret.cat\/es\/wp-json\/wp\/v2\/product_brand?post=958043"},{"taxonomy":"product_cat","embeddable":true,"href":"https:\/\/www.claret.cat\/es\/wp-json\/wp\/v2\/product_cat?post=958043"},{"taxonomy":"product_tag","embeddable":true,"href":"https:\/\/www.claret.cat\/es\/wp-json\/wp\/v2\/product_tag?post=958043"}],"curies":[{"name":"wp","href":"https:\/\/api.w.org\/{rel}","templated":true}]}}