{"id":958046,"date":"2024-03-19T19:40:20","date_gmt":"2024-03-19T18:40:20","guid":{"rendered":"https:\/\/www.claret.cat\/llibre\/manos-a-la-obra-un-recorrido-ludico-por-la-historia-de-la-arquitectura-9788411580618\/"},"modified":"2024-03-19T19:41:33","modified_gmt":"2024-03-19T18:41:33","slug":"manos-a-la-obra-un-recorrido-ludico-por-la-historia-de-la-arquitectura-9788411580618","status":"publish","type":"product","link":"https:\/\/www.claret.cat\/es\/libro\/manos-a-la-obra-un-recorrido-ludico-por-la-historia-de-la-arquitectura-9788411580618\/","title":{"rendered":"MANOS A LA OBRA. UN RECORRIDO L\u00daDICO POR LA HISTORIA DE LA ARQUITECTURA"},"content":{"rendered":"<p>Ad\u00e9ntrate en un viaje a trav\u00e9s de la historia de la arquitectura, desde los menhires de la prehistoria hasta los edificios m\u00e1s modernos y singulares de la actualidad. De la mano de un ni\u00f1o y una ni\u00f1a que viajan en el tiempo a bordo de una nave, el libro recorre las construcciones m\u00e1s emblem\u00e1ticas de los principales per\u00edodos hist\u00f3ricos e intercala, tras las solapas, una propuesta de juego diferente para cada uno.<\/p>\n","protected":false},"excerpt":{"rendered":"<p>VERA GUARDIOLA, LUISA<\/p>\n","protected":false},"featured_media":958047,"template":"","meta":{"_acf_changed":false,"om_disable_all_campaigns":false,"rs_blank_template":"","rs_page_bg_color":"","slide_template_v7":"","inline_featured_image":false,"_monsterinsights_skip_tracking":false,"_monsterinsights_sitenote_active":false,"_monsterinsights_sitenote_note":"","_monsterinsights_sitenote_category":0},"product_brand":[],"product_cat":[131,361],"product_tag":[],"class_list":{"0":"post-958046","1":"product","2":"type-product","3":"status-publish","4":"has-post-thumbnail","6":"product_cat-contes-per-infants-0-6-anys","7":"product_cat-cuentos-para-ninos-0-6-anos","9":"first","10":"instock","11":"taxable","12":"shipping-taxable","13":"purchasable","14":"product-type-simple"},"acf":{"autor":"VERA GUARDIOLA, LUISA","codart":"841158061","libros-coleccion":"FORA DE COL.LECCI\u00d3","ediciones":"1","encuadernacion":"Carton\u00e9","fecha_de_publicacion":"01\/02\/2024","novedad":"1","paginas":"0","subtitulo":"","orden":"0","portada":"0","idioma":"spa","editorial":[{"ID":147649,"post_author":"3","post_date":"2022-10-14 11:52:11","post_date_gmt":"2022-10-14 09:52:11","post_content":"","post_title":"COMBEL EDITORIAL","post_excerpt":"","post_status":"publish","comment_status":"closed","ping_status":"closed","post_password":"","post_name":"combel-editorial","to_ping":"","pinged":"","post_modified":"2022-10-14 11:52:11","post_modified_gmt":"2022-10-14 09:52:11","post_content_filtered":"","post_parent":0,"guid":"http:\/\/dev.claret.cat\/editorial\/combel-editorial\/","menu_order":0,"post_type":"editorial","post_mime_type":"","comment_count":"0","filter":"raw"}]},"aioseo_notices":[],"_links":{"self":[{"href":"https:\/\/www.claret.cat\/es\/wp-json\/wp\/v2\/product\/958046","targetHints":{"allow":["GET"]}}],"collection":[{"href":"https:\/\/www.claret.cat\/es\/wp-json\/wp\/v2\/product"}],"about":[{"href":"https:\/\/www.claret.cat\/es\/wp-json\/wp\/v2\/types\/product"}],"wp:featuredmedia":[{"embeddable":true,"href":"https:\/\/www.claret.cat\/es\/wp-json\/wp\/v2\/media\/958047"}],"wp:attachment":[{"href":"https:\/\/www.claret.cat\/es\/wp-json\/wp\/v2\/media?parent=958046"}],"wp:term":[{"taxonomy":"product_brand","embeddable":true,"href":"https:\/\/www.claret.cat\/es\/wp-json\/wp\/v2\/product_brand?post=958046"},{"taxonomy":"product_cat","embeddable":true,"href":"https:\/\/www.claret.cat\/es\/wp-json\/wp\/v2\/product_cat?post=958046"},{"taxonomy":"product_tag","embeddable":true,"href":"https:\/\/www.claret.cat\/es\/wp-json\/wp\/v2\/product_tag?post=958046"}],"curies":[{"name":"wp","href":"https:\/\/api.w.org\/{rel}","templated":true}]}}