{"id":958148,"date":"2024-03-20T12:55:25","date_gmt":"2024-03-20T11:55:25","guid":{"rendered":"https:\/\/www.claret.cat\/llibre\/decidido-9788412779837\/"},"modified":"2024-09-27T16:10:26","modified_gmt":"2024-09-27T14:10:26","slug":"decidido-9788412779837","status":"publish","type":"product","link":"https:\/\/www.claret.cat\/es\/libro\/decidido-9788412779837\/","title":{"rendered":"DECIDIDO"},"content":{"rendered":"<p>Uno de nuestros grandes cient\u00edficos del comportamiento, el autor del bestseller \u00e6Comp\u00f3rtate\u00c6, sondea las profundidades de la ciencia y la filosof\u00eda de la toma de decisiones para presentar un argumento devastador contra el libre albedr\u00edo, un planteamiento con profundas consecuencias.&nbsp;En \u00e6Comp\u00f3rtate\u00c6, su ya cl\u00e1sico ensayo sobre por qu\u00e9 los seres humanos hacen el bien y por qu\u00e9 hacen el mal, apuntaba a una conclusi\u00f3n inquietante: puede que no comprendamos la combinaci\u00f3n precisa de naturaleza y crianza que crea la f\u00edsica y la qu\u00edmica en la base del comportamiento humano, pero eso no significa que no exista. Ahora, en \u00e6Decidido\u00c6, Sapolsky lleva su argumento hasta el final, montando un brillante (y a su inimitable manera, delicioso) asalto frontal a la agradable fantas\u00eda de que existe un yo separado que dice a nuestra biolog\u00eda lo que tiene que hacer.&nbsp;\u00e6Decidido\u00c6 ofrece una s\u00edntesis maravillosa de lo que sabemos sobre el funcionamiento de la conciencia: el tupido tejido entre raz\u00f3n y emoci\u00f3n y entre est\u00edmulo y respuesta en el momento y a lo largo de la vida. Uno a uno, Sapolsky aborda los principales argum<\/p>\n","protected":false},"excerpt":{"rendered":"<p>SAPOLSKY, ROBERT<\/p>\n","protected":false},"featured_media":982455,"template":"","meta":{"_acf_changed":false,"om_disable_all_campaigns":false,"rs_blank_template":"","rs_page_bg_color":"","slide_template_v7":"","inline_featured_image":false,"_monsterinsights_skip_tracking":false,"_monsterinsights_sitenote_active":false,"_monsterinsights_sitenote_note":"","_monsterinsights_sitenote_category":0},"product_brand":[],"product_cat":[373,166],"product_tag":[],"class_list":{"0":"post-958148","1":"product","2":"type-product","3":"status-publish","4":"has-post-thumbnail","6":"product_cat-autores","7":"product_cat-autors-filosofia","9":"first","10":"instock","11":"taxable","12":"shipping-taxable","13":"purchasable","14":"product-type-simple"},"acf":{"autor":"SAPOLSKY, ROBERT","codart":"841277983","libros-coleccion":"Ensayo","ediciones":"1","encuadernacion":"R\u00fastica","fecha_de_publicacion":"01\/03\/2024","novedad":"1","paginas":"552","subtitulo":"UNA CIENCIA DE LA VIDA SIN LIBRE ALBEDR\u00cdO","orden":"0","portada":"0","idioma":"spa","editorial":[{"ID":6152,"post_author":"3","post_date":"2022-07-28 17:46:00","post_date_gmt":"2022-07-28 15:46:00","post_content":"","post_title":"Capitan swing","post_excerpt":"","post_status":"publish","comment_status":"closed","ping_status":"closed","post_password":"","post_name":"capitan-swing","to_ping":"","pinged":"","post_modified":"2022-07-28 17:46:00","post_modified_gmt":"2022-07-28 15:46:00","post_content_filtered":"","post_parent":0,"guid":"http:\/\/dev.claret.cat\/editorial\/capitan-swing\/","menu_order":0,"post_type":"editorial","post_mime_type":"","comment_count":"0","filter":"raw"}]},"aioseo_notices":[],"_links":{"self":[{"href":"https:\/\/www.claret.cat\/es\/wp-json\/wp\/v2\/product\/958148","targetHints":{"allow":["GET"]}}],"collection":[{"href":"https:\/\/www.claret.cat\/es\/wp-json\/wp\/v2\/product"}],"about":[{"href":"https:\/\/www.claret.cat\/es\/wp-json\/wp\/v2\/types\/product"}],"wp:featuredmedia":[{"embeddable":true,"href":"https:\/\/www.claret.cat\/es\/wp-json\/wp\/v2\/media\/982455"}],"wp:attachment":[{"href":"https:\/\/www.claret.cat\/es\/wp-json\/wp\/v2\/media?parent=958148"}],"wp:term":[{"taxonomy":"product_brand","embeddable":true,"href":"https:\/\/www.claret.cat\/es\/wp-json\/wp\/v2\/product_brand?post=958148"},{"taxonomy":"product_cat","embeddable":true,"href":"https:\/\/www.claret.cat\/es\/wp-json\/wp\/v2\/product_cat?post=958148"},{"taxonomy":"product_tag","embeddable":true,"href":"https:\/\/www.claret.cat\/es\/wp-json\/wp\/v2\/product_tag?post=958148"}],"curies":[{"name":"wp","href":"https:\/\/api.w.org\/{rel}","templated":true}]}}