{"id":958278,"date":"2024-03-20T16:15:02","date_gmt":"2024-03-20T15:15:02","guid":{"rendered":"https:\/\/www.claret.cat\/llibre\/forja-bolsillo-rustica-color-9788432166488\/"},"modified":"2024-10-04T12:35:36","modified_gmt":"2024-10-04T10:35:36","slug":"forja-bolsillo-rustica-color-9788432166488","status":"publish","type":"product","link":"https:\/\/www.claret.cat\/es\/libro\/forja-bolsillo-rustica-color-9788432166488\/","title":{"rendered":"FORJA. (BOLSILLO, R\u00daSTICA, COLOR)"},"content":{"rendered":"<p>\u00abES UN LIBRO DE FUEGO, CUYA LECTURA Y MEDITACI\u00d3N PUEDE METER A MUCHAS ALMAS EN LA FRAGUA DEL AMOR DIVINO, Y ENCENDERLAS EN AFANES DE SANTIDAD Y APOSTOLADO\u00bb (DEL PR\u00d3LOGO DE MONS. ALVARO DEL PORTILLO). LA PRIMERA EDICI\u00d3N ES DE 1987.<\/p>\n<p>\u00abForja es un libro de fuego, cuya lectura y meditaci\u00f3n puede meter a muchas almas en la fragua del Amor divino, y encenderlas en afanes de santidad y apostolado.<\/p>\n<p><\/p>\n<p>Con 1055 puntos de meditaci\u00f3n, distribuidos en trece cap\u00edtulos (&#8230;), Forja acompa\u00f1a al alma en el recorrido de su santificaci\u00f3n, desde que percibe la luz de la vocaci\u00f3n cristiana hasta que la vida terrena se abre a la eternidad (&#8230;).<\/p>\n<p><\/p>\n<p>Me atrevo a asegurarte, amigo lector, que si t\u00fa y yo nos metemos en esa forja del Amor de Dios, nuestras almas se har\u00e1n mejores (&#8230;). San Josemar\u00eda Escriv\u00e1 nos guiar\u00e1 por los caminos de la vida interior, con paso seguro, como quien conoce el terreno palmo a palmo, porque lo ha recorrido muchas veces.\u00bb (del Pr\u00f3logo de Mons. \u00c1lvaro del Portillo).<\/p>\n<p><\/p>\n<p>La primera edici\u00f3n es de 1987. Hasta el momento se han publicado m\u00e1s de 40 ediciones en 12 idiomas.<\/p>\n","protected":false},"excerpt":{"rendered":"<p>ESCRIVA DE BALAGUER, JOSEMARIA<\/p>\n","protected":false},"featured_media":964192,"template":"","meta":{"_acf_changed":false,"om_disable_all_campaigns":false,"rs_blank_template":"","rs_page_bg_color":"","slide_template_v7":"","inline_featured_image":false,"_monsterinsights_skip_tracking":false,"_monsterinsights_sitenote_active":false,"_monsterinsights_sitenote_note":"","_monsterinsights_sitenote_category":0},"product_brand":[],"product_cat":[90,540],"product_tag":[],"class_list":{"0":"post-958278","1":"product","2":"type-product","3":"status-publish","4":"has-post-thumbnail","6":"product_cat-altres","7":"product_cat-otros","9":"first","10":"instock","11":"taxable","12":"shipping-taxable","13":"purchasable","14":"product-type-simple"},"acf":{"autor":"ESCRIVA DE BALAGUER, JOSEMARIA","codart":"843216648","libros-coleccion":"LIBROS DE JOSEMAR\u00cdA ESCRIV\u00c1 DE BALAGUER","ediciones":"19","encuadernacion":"Tela","fecha_de_publicacion":"20\/03\/2024","novedad":"0","paginas":"372","subtitulo":"","orden":"0","portada":"0","idioma":"spa","editorial":[{"ID":6348,"post_author":"3","post_date":"2022-07-28 17:50:16","post_date_gmt":"2022-07-28 15:50:16","post_content":"","post_title":"Rialp","post_excerpt":"","post_status":"publish","comment_status":"closed","ping_status":"closed","post_password":"","post_name":"rialp","to_ping":"","pinged":"","post_modified":"2022-07-28 17:50:16","post_modified_gmt":"2022-07-28 15:50:16","post_content_filtered":"","post_parent":0,"guid":"http:\/\/dev.claret.cat\/editorial\/rialp\/","menu_order":0,"post_type":"editorial","post_mime_type":"","comment_count":"0","filter":"raw"}],"autores-libros":[{"ID":160616,"post_author":"3","post_date":"2022-10-14 15:54:31","post_date_gmt":"2022-10-14 13:54:31","post_content":"","post_title":"JOSEMARIA ESCRIVA DE BALAGUER","post_excerpt":"","post_status":"publish","comment_status":"closed","ping_status":"closed","post_password":"","post_name":"josemaria-escriva-de-balaguer","to_ping":"","pinged":"","post_modified":"2022-10-14 15:54:31","post_modified_gmt":"2022-10-14 13:54:31","post_content_filtered":"","post_parent":0,"guid":"http:\/\/dev.claret.cat\/autor\/josemaria-escriva-de-balaguer\/","menu_order":0,"post_type":"autor","post_mime_type":"","comment_count":"0","filter":"raw"}]},"aioseo_notices":[],"_links":{"self":[{"href":"https:\/\/www.claret.cat\/es\/wp-json\/wp\/v2\/product\/958278","targetHints":{"allow":["GET"]}}],"collection":[{"href":"https:\/\/www.claret.cat\/es\/wp-json\/wp\/v2\/product"}],"about":[{"href":"https:\/\/www.claret.cat\/es\/wp-json\/wp\/v2\/types\/product"}],"wp:featuredmedia":[{"embeddable":true,"href":"https:\/\/www.claret.cat\/es\/wp-json\/wp\/v2\/media\/964192"}],"wp:attachment":[{"href":"https:\/\/www.claret.cat\/es\/wp-json\/wp\/v2\/media?parent=958278"}],"wp:term":[{"taxonomy":"product_brand","embeddable":true,"href":"https:\/\/www.claret.cat\/es\/wp-json\/wp\/v2\/product_brand?post=958278"},{"taxonomy":"product_cat","embeddable":true,"href":"https:\/\/www.claret.cat\/es\/wp-json\/wp\/v2\/product_cat?post=958278"},{"taxonomy":"product_tag","embeddable":true,"href":"https:\/\/www.claret.cat\/es\/wp-json\/wp\/v2\/product_tag?post=958278"}],"curies":[{"name":"wp","href":"https:\/\/api.w.org\/{rel}","templated":true}]}}