{"id":95832,"date":"2022-10-12T06:49:52","date_gmt":"2022-10-12T04:49:52","guid":{"rendered":"http:\/\/dev.claret.cat\/producte\/el-hechicero-del-norte\/"},"modified":"2023-01-28T11:17:12","modified_gmt":"2023-01-28T10:17:12","slug":"el-hechicero-del-norte-9788417390655","status":"publish","type":"product","link":"https:\/\/www.claret.cat\/es\/libro\/el-hechicero-del-norte-9788417390655\/","title":{"rendered":"EL HECHICERO DEL NORTE"},"content":{"rendered":"<p>Will es finalmente un Guardi\u00e1n de pleno derecho con su propio feudo que cuidar, pero su nueva tierra ya est\u00e1 bajo amenaza. La aterradora figura del guerrero nocturno ha aparecido en el bosque de Grimsdell. \u00bfPodr\u00eda ser fruto de la brujer\u00eda? Acompa\u00f1ado por su amigo Alyss, Will vive una aventura extraordinaria. Mientras Will lucha contra la creciente histeria, los traidores y, sobre todo, el tiempo, Alyss es tomado como reh\u00e9n y Will se ve obligado a tomar una decisi\u00f3n desesperada entre su misi\u00f3n y su amigo. Perfecto para los fans de &#8216;El se\u00f1or de los anillos&#8217;, &#8216;Eragon&#8217; o &#8216;Percy Jackson&#8217;.<\/p>\n","protected":false},"excerpt":{"rendered":"<p>FLANAGAN, JOHN<\/p>\n","protected":false},"featured_media":95833,"template":"","meta":{"_acf_changed":false,"om_disable_all_campaigns":false,"rs_blank_template":"","rs_page_bg_color":"","slide_template_v7":"","inline_featured_image":false,"_monsterinsights_skip_tracking":false,"_monsterinsights_sitenote_active":false,"_monsterinsights_sitenote_note":"","_monsterinsights_sitenote_category":0},"product_brand":[],"product_cat":[16],"product_tag":[],"class_list":{"0":"post-95832","1":"product","2":"type-product","3":"status-publish","4":"has-post-thumbnail","6":"product_cat-sense-categoria","8":"first","9":"instock","10":"taxable","11":"shipping-taxable","12":"purchasable","13":"product-type-simple"},"acf":{"autor":"FLANAGAN, JOHN","codart":"841739065","libros-coleccion":"FORA DE COL.LECCI\u00d3","ediciones":"1","encuadernacion":"R\u00fastica","fecha_de_publicacion":"01\/03\/2019","novedad":"1","paginas":"0","subtitulo":"","orden":"0","portada":"0","idioma":"spa","editorial":[{"ID":147988,"post_author":"3","post_date":"2022-10-14 11:54:46","post_date_gmt":"2022-10-14 09:54:46","post_content":"","post_title":"Editorial Hidra","post_excerpt":"","post_status":"publish","comment_status":"closed","ping_status":"closed","post_password":"","post_name":"editorial-hidra","to_ping":"","pinged":"","post_modified":"2022-10-14 11:54:46","post_modified_gmt":"2022-10-14 09:54:46","post_content_filtered":"","post_parent":0,"guid":"http:\/\/dev.claret.cat\/editorial\/editorial-hidra\/","menu_order":0,"post_type":"editorial","post_mime_type":"","comment_count":"0","filter":"raw"}],"autores-libros":[{"ID":159638,"post_author":"3","post_date":"2022-10-14 15:46:29","post_date_gmt":"2022-10-14 13:46:29","post_content":"","post_title":"JOHN FLANAGAN","post_excerpt":"","post_status":"publish","comment_status":"closed","ping_status":"closed","post_password":"","post_name":"john-flanagan","to_ping":"","pinged":"","post_modified":"2022-10-14 15:46:29","post_modified_gmt":"2022-10-14 13:46:29","post_content_filtered":"","post_parent":0,"guid":"http:\/\/dev.claret.cat\/autor\/john-flanagan\/","menu_order":0,"post_type":"autor","post_mime_type":"","comment_count":"0","filter":"raw"}]},"aioseo_notices":[],"_links":{"self":[{"href":"https:\/\/www.claret.cat\/es\/wp-json\/wp\/v2\/product\/95832","targetHints":{"allow":["GET"]}}],"collection":[{"href":"https:\/\/www.claret.cat\/es\/wp-json\/wp\/v2\/product"}],"about":[{"href":"https:\/\/www.claret.cat\/es\/wp-json\/wp\/v2\/types\/product"}],"wp:featuredmedia":[{"embeddable":true,"href":"https:\/\/www.claret.cat\/es\/wp-json\/wp\/v2\/media\/95833"}],"wp:attachment":[{"href":"https:\/\/www.claret.cat\/es\/wp-json\/wp\/v2\/media?parent=95832"}],"wp:term":[{"taxonomy":"product_brand","embeddable":true,"href":"https:\/\/www.claret.cat\/es\/wp-json\/wp\/v2\/product_brand?post=95832"},{"taxonomy":"product_cat","embeddable":true,"href":"https:\/\/www.claret.cat\/es\/wp-json\/wp\/v2\/product_cat?post=95832"},{"taxonomy":"product_tag","embeddable":true,"href":"https:\/\/www.claret.cat\/es\/wp-json\/wp\/v2\/product_tag?post=95832"}],"curies":[{"name":"wp","href":"https:\/\/api.w.org\/{rel}","templated":true}]}}