{"id":958337,"date":"2024-03-20T17:35:18","date_gmt":"2024-03-20T16:35:18","guid":{"rendered":"https:\/\/www.claret.cat\/llibre\/el-libro-de-las-biblias-9783836559119\/"},"modified":"2024-03-20T17:35:29","modified_gmt":"2024-03-20T16:35:29","slug":"el-libro-de-las-biblias-9783836559119","status":"publish","type":"product","link":"https:\/\/www.claret.cat\/es\/libro\/el-libro-de-las-biblias-9783836559119\/","title":{"rendered":"EL LIBRO DE LAS BIBLIAS"},"content":{"rendered":"<p>En el principio era el Verbo y en la Edad Media fueron los reyes, los pr\u00edncipes y los personajes religiosos de alto rango quienes produjeron biblias ilustradas con un extraordinario trabajo artesanal mediante su riqueza e influencia.<\/p>\n<p>Esta edici\u00f3n de la Bibliotheca Universalis recopila 50 de los mejores manuscritos medievales de la Biblia depositados en la Biblioteca Nacional Austriaca. Con ejemplos de todas las \u00e9pocas de la Edad Media, esta colecci\u00f3n estudia representaciones de la Biblia en diversos contextos teol\u00f3gicos e hist\u00f3ricos. Con una calidad de reproducci\u00f3n impecable, estas incre\u00edbles im\u00e1genes destacan por ser tanto tesoros art\u00edsticos hist\u00f3ricos como importantes objetos religiosos.<\/p>\n<p>Los textos de Andreas Fingernagel, Stephan F\u00fcssel, Christian Gastgeber y un equipo de 15 autores cient\u00edficos describen al detalle cada manuscrito: estudian tanto la evoluci\u00f3n de la Biblia como la interpretaci\u00f3n medieval de la historia. Adem\u00e1s, se incluye un glosario de t\u00e9rminos fundamentales para que los lectores no versados en la historia b\u00edblica puedan disfrutar tambi\u00e9n de los textos.<\/p>\n","protected":false},"excerpt":{"rendered":"<p>AA.VV<\/p>\n","protected":false},"featured_media":958338,"template":"","meta":{"_acf_changed":false,"om_disable_all_campaigns":false,"rs_blank_template":"","rs_page_bg_color":"","slide_template_v7":"","inline_featured_image":false,"_monsterinsights_skip_tracking":false,"_monsterinsights_sitenote_active":false,"_monsterinsights_sitenote_note":"","_monsterinsights_sitenote_category":0},"product_brand":[],"product_cat":[110,560],"product_tag":[],"class_list":{"0":"post-958337","1":"product","2":"type-product","3":"status-publish","4":"has-post-thumbnail","6":"product_cat-art","7":"product_cat-arte","9":"first","10":"instock","11":"taxable","12":"shipping-taxable","13":"purchasable","14":"product-type-simple"},"acf":{"autor":"AA.VV","codart":"383655911","libros-coleccion":"Cuadernos","ediciones":"1","encuadernacion":"Carton\u00e9","fecha_de_publicacion":"01\/11\/2015","novedad":"0","paginas":"464","subtitulo":"","orden":"0","portada":"0","idioma":"spa","editorial":[{"ID":147541,"post_author":"3","post_date":"2022-10-14 11:51:22","post_date_gmt":"2022-10-14 09:51:22","post_content":"","post_title":"BENEDIKT TASCHEN VERLAG, GMBH","post_excerpt":"","post_status":"publish","comment_status":"closed","ping_status":"closed","post_password":"","post_name":"benedikt-taschen-verlag-gmbh","to_ping":"","pinged":"","post_modified":"2022-10-14 11:51:22","post_modified_gmt":"2022-10-14 09:51:22","post_content_filtered":"","post_parent":0,"guid":"http:\/\/dev.claret.cat\/editorial\/benedikt-taschen-verlag-gmbh\/","menu_order":0,"post_type":"editorial","post_mime_type":"","comment_count":"0","filter":"raw"}],"autores-libros":[{"ID":5198,"post_author":"3","post_date":"2022-07-28 17:16:52","post_date_gmt":"2022-07-28 15:16:52","post_content":"","post_title":"AA.VV","post_excerpt":"","post_status":"publish","comment_status":"closed","ping_status":"closed","post_password":"","post_name":"aa-vv-2","to_ping":"","pinged":"","post_modified":"2022-07-28 17:16:52","post_modified_gmt":"2022-07-28 15:16:52","post_content_filtered":"","post_parent":0,"guid":"http:\/\/dev.claret.cat\/autor\/aa-vv-2\/","menu_order":0,"post_type":"autor","post_mime_type":"","comment_count":"0","filter":"raw"}]},"aioseo_notices":[],"_links":{"self":[{"href":"https:\/\/www.claret.cat\/es\/wp-json\/wp\/v2\/product\/958337","targetHints":{"allow":["GET"]}}],"collection":[{"href":"https:\/\/www.claret.cat\/es\/wp-json\/wp\/v2\/product"}],"about":[{"href":"https:\/\/www.claret.cat\/es\/wp-json\/wp\/v2\/types\/product"}],"wp:featuredmedia":[{"embeddable":true,"href":"https:\/\/www.claret.cat\/es\/wp-json\/wp\/v2\/media\/958338"}],"wp:attachment":[{"href":"https:\/\/www.claret.cat\/es\/wp-json\/wp\/v2\/media?parent=958337"}],"wp:term":[{"taxonomy":"product_brand","embeddable":true,"href":"https:\/\/www.claret.cat\/es\/wp-json\/wp\/v2\/product_brand?post=958337"},{"taxonomy":"product_cat","embeddable":true,"href":"https:\/\/www.claret.cat\/es\/wp-json\/wp\/v2\/product_cat?post=958337"},{"taxonomy":"product_tag","embeddable":true,"href":"https:\/\/www.claret.cat\/es\/wp-json\/wp\/v2\/product_tag?post=958337"}],"curies":[{"name":"wp","href":"https:\/\/api.w.org\/{rel}","templated":true}]}}