{"id":95835,"date":"2022-10-12T06:49:54","date_gmt":"2022-10-12T04:49:54","guid":{"rendered":"http:\/\/dev.claret.cat\/producte\/la-batalla-por-skandia\/"},"modified":"2023-01-28T07:32:26","modified_gmt":"2023-01-28T06:32:26","slug":"la-batalla-por-skandia-9788417390648","status":"publish","type":"product","link":"https:\/\/www.claret.cat\/es\/libro\/la-batalla-por-skandia-9788417390648\/","title":{"rendered":"LA BATALLA POR SKANDIA"},"content":{"rendered":"<p>Todav\u00eda lejos de su hogar tras huir de la esclavitud de las heladas tierras de Skandia, los planes de Will y Evanlyn para volver a Araluen se ven arruinados cuando Evanlyn es tomada como prisionera.<\/p>\n<p> Will utiliza su entrenamiento como Guardi\u00e1n para localizar a su amiga, pero pronto se ve superado en n\u00famero por sus contrincantes, hasta que Halt y Horace consiguen salvarlo gracias a una aparici\u00f3n triunfal en el \u00faltimo minuto. Sin embargo, su reencuentro se ve interrumpido cuando descubren que las fronteras de Skandia han sido traspasadas por el ej\u00e9rcito Temujai  y Araluen es su pr\u00f3ximo objetivo. Solo una uni\u00f3n poco probable podr\u00e1 salvar a los dos reinos, pero \u00bfpodr\u00e1 mantenerse esa alianza durante el tiempo necesario para derrotar a un nuevo y despiadado enemigo?<\/p>\n","protected":false},"excerpt":{"rendered":"<p>FLANAGAN, JOHN<\/p>\n","protected":false},"featured_media":95836,"template":"","meta":{"_acf_changed":false,"om_disable_all_campaigns":false,"rs_blank_template":"","rs_page_bg_color":"","slide_template_v7":"","inline_featured_image":false,"_monsterinsights_skip_tracking":false,"_monsterinsights_sitenote_active":false,"_monsterinsights_sitenote_note":"","_monsterinsights_sitenote_category":0},"product_brand":[],"product_cat":[16],"product_tag":[],"class_list":{"0":"post-95835","1":"product","2":"type-product","3":"status-publish","4":"has-post-thumbnail","6":"product_cat-sense-categoria","8":"first","9":"instock","10":"taxable","11":"shipping-taxable","12":"purchasable","13":"product-type-simple"},"acf":{"autor":"FLANAGAN, JOHN","codart":"841739064","libros-coleccion":"FORA DE COL.LECCI\u00d3","ediciones":"1","encuadernacion":"R\u00fastica","fecha_de_publicacion":"01\/11\/2018","novedad":"1","paginas":"0","subtitulo":"","orden":"0","portada":"0","idioma":"spa","editorial":[{"ID":147988,"post_author":"3","post_date":"2022-10-14 11:54:46","post_date_gmt":"2022-10-14 09:54:46","post_content":"","post_title":"Editorial Hidra","post_excerpt":"","post_status":"publish","comment_status":"closed","ping_status":"closed","post_password":"","post_name":"editorial-hidra","to_ping":"","pinged":"","post_modified":"2022-10-14 11:54:46","post_modified_gmt":"2022-10-14 09:54:46","post_content_filtered":"","post_parent":0,"guid":"http:\/\/dev.claret.cat\/editorial\/editorial-hidra\/","menu_order":0,"post_type":"editorial","post_mime_type":"","comment_count":"0","filter":"raw"}],"autores-libros":[{"ID":159638,"post_author":"3","post_date":"2022-10-14 15:46:29","post_date_gmt":"2022-10-14 13:46:29","post_content":"","post_title":"JOHN FLANAGAN","post_excerpt":"","post_status":"publish","comment_status":"closed","ping_status":"closed","post_password":"","post_name":"john-flanagan","to_ping":"","pinged":"","post_modified":"2022-10-14 15:46:29","post_modified_gmt":"2022-10-14 13:46:29","post_content_filtered":"","post_parent":0,"guid":"http:\/\/dev.claret.cat\/autor\/john-flanagan\/","menu_order":0,"post_type":"autor","post_mime_type":"","comment_count":"0","filter":"raw"}]},"aioseo_notices":[],"_links":{"self":[{"href":"https:\/\/www.claret.cat\/es\/wp-json\/wp\/v2\/product\/95835","targetHints":{"allow":["GET"]}}],"collection":[{"href":"https:\/\/www.claret.cat\/es\/wp-json\/wp\/v2\/product"}],"about":[{"href":"https:\/\/www.claret.cat\/es\/wp-json\/wp\/v2\/types\/product"}],"wp:featuredmedia":[{"embeddable":true,"href":"https:\/\/www.claret.cat\/es\/wp-json\/wp\/v2\/media\/95836"}],"wp:attachment":[{"href":"https:\/\/www.claret.cat\/es\/wp-json\/wp\/v2\/media?parent=95835"}],"wp:term":[{"taxonomy":"product_brand","embeddable":true,"href":"https:\/\/www.claret.cat\/es\/wp-json\/wp\/v2\/product_brand?post=95835"},{"taxonomy":"product_cat","embeddable":true,"href":"https:\/\/www.claret.cat\/es\/wp-json\/wp\/v2\/product_cat?post=95835"},{"taxonomy":"product_tag","embeddable":true,"href":"https:\/\/www.claret.cat\/es\/wp-json\/wp\/v2\/product_tag?post=95835"}],"curies":[{"name":"wp","href":"https:\/\/api.w.org\/{rel}","templated":true}]}}