{"id":95838,"date":"2022-10-12T06:49:56","date_gmt":"2022-10-12T04:49:56","guid":{"rendered":"http:\/\/dev.claret.cat\/producte\/las-tierras-del-hielo\/"},"modified":"2023-01-28T23:42:48","modified_gmt":"2023-01-28T22:42:48","slug":"las-tierras-del-hielo-9788416387861","status":"publish","type":"product","link":"https:\/\/www.claret.cat\/es\/libro\/las-tierras-del-hielo-9788416387861\/","title":{"rendered":"LAS TIERRAS DEL HIELO"},"content":{"rendered":"<p>Secuestrados despu\u00e9s de la dura batalla contra Morgarath, Will y Evanlyn est\u00e1n en Skandia como prisioneros a bordo de un aterrador barco extranjero. Halt ha jurado rescatar a Will y har\u00e1 todo lo posible para cumplir su promesa, incluso desafiar a su rey.<br \/>Expulsado de los Guardianes a los que ha servido con tanta lealtad, Halt se une a Horace, el amigo de Will, en su camino hacia Skandia. Durante el viaje, son retados constantemente por caballeros libres, pero Horace se sabe defender en combate. Pronto comienza a atraer la atenci\u00f3n de los caballeros y se\u00f1ores de la guerra de la zona con sus asombrosas habilidades. Pero, \u00bfllegar\u00e1n a tiempo de rescatar a Will de una horrible vida de esclavitud?<\/p>\n","protected":false},"excerpt":{"rendered":"<p>FLANAGAN, JOHN<\/p>\n","protected":false},"featured_media":95839,"template":"","meta":{"_acf_changed":false,"om_disable_all_campaigns":false,"rs_blank_template":"","rs_page_bg_color":"","slide_template_v7":"","inline_featured_image":false,"_monsterinsights_skip_tracking":false,"_monsterinsights_sitenote_active":false,"_monsterinsights_sitenote_note":"","_monsterinsights_sitenote_category":0},"product_brand":[],"product_cat":[16],"product_tag":[],"class_list":{"0":"post-95838","1":"product","2":"type-product","3":"status-publish","4":"has-post-thumbnail","6":"product_cat-sense-categoria","8":"first","9":"instock","10":"taxable","11":"shipping-taxable","12":"purchasable","13":"product-type-simple"},"acf":{"editorial":[{"ID":147988,"post_author":"3","post_date":"2022-10-14 11:54:46","post_date_gmt":"2022-10-14 09:54:46","post_content":"","post_title":"Editorial Hidra","post_excerpt":"","post_status":"publish","comment_status":"closed","ping_status":"closed","post_password":"","post_name":"editorial-hidra","to_ping":"","pinged":"","post_modified":"2022-10-14 11:54:46","post_modified_gmt":"2022-10-14 09:54:46","post_content_filtered":"","post_parent":0,"guid":"http:\/\/dev.claret.cat\/editorial\/editorial-hidra\/","menu_order":0,"post_type":"editorial","post_mime_type":"","comment_count":"0","filter":"raw"}],"autores-libros":[{"ID":159638,"post_author":"3","post_date":"2022-10-14 15:46:29","post_date_gmt":"2022-10-14 13:46:29","post_content":"","post_title":"JOHN FLANAGAN","post_excerpt":"","post_status":"publish","comment_status":"closed","ping_status":"closed","post_password":"","post_name":"john-flanagan","to_ping":"","pinged":"","post_modified":"2022-10-14 15:46:29","post_modified_gmt":"2022-10-14 13:46:29","post_content_filtered":"","post_parent":0,"guid":"http:\/\/dev.claret.cat\/autor\/john-flanagan\/","menu_order":0,"post_type":"autor","post_mime_type":"","comment_count":"0","filter":"raw"}],"autor":"FLANAGAN, JOHN","codart":"841638786","libros-coleccion":"FORA DE COL.LECCI\u00d3","ediciones":"1","encuadernacion":"Carpeta","fecha_de_publicacion":"01\/10\/2017","novedad":"1","paginas":"0","subtitulo":"APRENDIZ DE GUARDI\u00c1N 3","orden":"0","portada":"0","idioma":"spa"},"aioseo_notices":[],"_links":{"self":[{"href":"https:\/\/www.claret.cat\/es\/wp-json\/wp\/v2\/product\/95838","targetHints":{"allow":["GET"]}}],"collection":[{"href":"https:\/\/www.claret.cat\/es\/wp-json\/wp\/v2\/product"}],"about":[{"href":"https:\/\/www.claret.cat\/es\/wp-json\/wp\/v2\/types\/product"}],"wp:featuredmedia":[{"embeddable":true,"href":"https:\/\/www.claret.cat\/es\/wp-json\/wp\/v2\/media\/95839"}],"wp:attachment":[{"href":"https:\/\/www.claret.cat\/es\/wp-json\/wp\/v2\/media?parent=95838"}],"wp:term":[{"taxonomy":"product_brand","embeddable":true,"href":"https:\/\/www.claret.cat\/es\/wp-json\/wp\/v2\/product_brand?post=95838"},{"taxonomy":"product_cat","embeddable":true,"href":"https:\/\/www.claret.cat\/es\/wp-json\/wp\/v2\/product_cat?post=95838"},{"taxonomy":"product_tag","embeddable":true,"href":"https:\/\/www.claret.cat\/es\/wp-json\/wp\/v2\/product_tag?post=95838"}],"curies":[{"name":"wp","href":"https:\/\/api.w.org\/{rel}","templated":true}]}}