{"id":95847,"date":"2022-10-12T06:50:03","date_gmt":"2022-10-12T04:50:03","guid":{"rendered":"http:\/\/dev.claret.cat\/producte\/nace-un-hijo-espiritual\/"},"modified":"2026-02-23T16:23:15","modified_gmt":"2026-02-23T15:23:15","slug":"nace-un-hijo-espiritual-9788428559195","status":"publish","type":"product","link":"https:\/\/www.claret.cat\/es\/libro\/nace-un-hijo-espiritual-9788428559195\/","title":{"rendered":"NACE UN HIJO ESPIRITUAL"},"content":{"rendered":"<p>El peque\u00f1o Fernando Felipe naci\u00f3 con una cardiopat\u00eda cong\u00e9nita. Sus padres se encomendaron a Dios por medio de la poderosa intercesi\u00f3n del Padre P\u00edo de Pietrelcina. Con la idea de que el testimonio permita renovar la fe y la esperanza de quienes se encuentren en b\u00fasqueda y necesiten la misericordia de Dios, el padre de Fernando Felipe narra en este libro \u00abcon la voz del coraz\u00f3n\u00bb su sanaci\u00f3n, y c\u00f3mo esta experiencia ha impactado su vida y la de su familia en lo personal, lo profesional, lo familiar y, sobre todo, lo espiritual. Con pr\u00f3logo de Eduardo Vio Grossi, juez de la Corte Interamericana de Derechos Humanos; presentaci\u00f3n de fray Carlo Mar\u00eda Laborde, guardi\u00e1n del Convento de los Frailes Capuchinos Menores en San Giovanni Rotondo, y comentarios de los cardenales Luis Antonio Tagle y Angelo Amato.<\/p>\n","protected":false},"excerpt":{"rendered":"<p>S\u00c1NCHEZ CAMPOS, FERNANDO F.<\/p>\n","protected":false},"featured_media":1085675,"template":"","meta":{"_acf_changed":false,"om_disable_all_campaigns":false,"rs_blank_template":"","rs_page_bg_color":"","slide_template_v7":"","inline_featured_image":false,"_monsterinsights_skip_tracking":false,"_monsterinsights_sitenote_active":false,"_monsterinsights_sitenote_note":"","_monsterinsights_sitenote_category":0},"product_brand":[],"product_cat":[485,232,237,488,92,542],"product_tag":[],"class_list":{"0":"post-95847","1":"product","2":"type-product","3":"status-publish","4":"has-post-thumbnail","6":"product_cat-autores-espiritualidad-1_espiritualidad","7":"product_cat-autors-espiritualitat","8":"product_cat-cami-de-perfeccionament","9":"product_cat-camino-de-perfeccionamiento","10":"product_cat-vida-religiosa","11":"product_cat-vida-religiosa-1_espiritualidad-spa","13":"first","14":"instock","15":"taxable","16":"shipping-taxable","17":"purchasable","18":"product-type-simple"},"acf":{"editorial":[{"ID":6356,"post_author":"3","post_date":"2022-07-28 17:50:26","post_date_gmt":"2022-07-28 15:50:26","post_content":"","post_title":"SAN PABLO COMUNICACI\u00d3N","post_excerpt":"","post_status":"publish","comment_status":"closed","ping_status":"closed","post_password":"","post_name":"san-pablo-comunicacion","to_ping":"","pinged":"","post_modified":"2022-07-28 17:50:26","post_modified_gmt":"2022-07-28 15:50:26","post_content_filtered":"","post_parent":0,"guid":"http:\/\/dev.claret.cat\/editorial\/san-pablo-comunicacion\/","menu_order":0,"post_type":"editorial","post_mime_type":"","comment_count":"0","filter":"raw"}],"autor":"S\u00c1NCHEZ CAMPOS, FERNANDO F.","codart":"842855919","libros-coleccion":"TESTIGOS","ediciones":"1","encuadernacion":"R\u00fastica","fecha_de_publicacion":"22\/02\/2021","novedad":"1","paginas":"244","subtitulo":"NUESTRA HISTORIA CON EL PADRE P\u00cdO DE PIETRELCINA","orden":"0","portada":"0","idioma":"spa","autores-libros":[{"ID":155822,"post_author":"3","post_date":"2022-10-14 15:15:54","post_date_gmt":"2022-10-14 13:15:54","post_content":"","post_title":"FERNANDO F. S\u00c1NCHEZ CAMPOS","post_excerpt":"","post_status":"publish","comment_status":"closed","ping_status":"closed","post_password":"","post_name":"fernando-f-sanchez-campos","to_ping":"","pinged":"","post_modified":"2022-10-14 15:15:54","post_modified_gmt":"2022-10-14 13:15:54","post_content_filtered":"","post_parent":0,"guid":"http:\/\/dev.claret.cat\/autor\/fernando-f-sanchez-campos\/","menu_order":0,"post_type":"autor","post_mime_type":"","comment_count":"0","filter":"raw"}],"booktrailer":"","resenas":""},"aioseo_notices":[],"_links":{"self":[{"href":"https:\/\/www.claret.cat\/es\/wp-json\/wp\/v2\/product\/95847","targetHints":{"allow":["GET"]}}],"collection":[{"href":"https:\/\/www.claret.cat\/es\/wp-json\/wp\/v2\/product"}],"about":[{"href":"https:\/\/www.claret.cat\/es\/wp-json\/wp\/v2\/types\/product"}],"wp:featuredmedia":[{"embeddable":true,"href":"https:\/\/www.claret.cat\/es\/wp-json\/wp\/v2\/media\/1085675"}],"wp:attachment":[{"href":"https:\/\/www.claret.cat\/es\/wp-json\/wp\/v2\/media?parent=95847"}],"wp:term":[{"taxonomy":"product_brand","embeddable":true,"href":"https:\/\/www.claret.cat\/es\/wp-json\/wp\/v2\/product_brand?post=95847"},{"taxonomy":"product_cat","embeddable":true,"href":"https:\/\/www.claret.cat\/es\/wp-json\/wp\/v2\/product_cat?post=95847"},{"taxonomy":"product_tag","embeddable":true,"href":"https:\/\/www.claret.cat\/es\/wp-json\/wp\/v2\/product_tag?post=95847"}],"curies":[{"name":"wp","href":"https:\/\/api.w.org\/{rel}","templated":true}]}}