{"id":958785,"date":"2024-03-22T13:45:16","date_gmt":"2024-03-22T12:45:16","guid":{"rendered":"https:\/\/www.claret.cat\/llibre\/mireu-els-lliris-del-camp-bisbe-joan-carrera-un-testimoniatge-de-fe-9788491656067\/"},"modified":"2025-05-07T14:05:13","modified_gmt":"2025-05-07T12:05:13","slug":"mireu-els-lliris-del-camp-bisbe-joan-carrera-un-testimoniatge-de-fe-9788491656067","status":"publish","type":"product","link":"https:\/\/www.claret.cat\/es\/libro\/mireu-els-lliris-del-camp-bisbe-joan-carrera-un-testimoniatge-de-fe-9788491656067\/","title":{"rendered":"MIREU ELS LLIRIS DEL CAMP. BISBE JOAN CARRERA, UN TESTIMONIATGE DE FE"},"content":{"rendered":"<p><span>Per alguns era el senyor bisbe, per d?altres el bisbe Joan o el pare Joan i per alguns era simplement moss\u00e8n Joan, podr\u00edem dir-li de moltes maneres, per\u00f2, per a tots, Joan Carrera era: una bona persona, un home bo, senzill, de tracte afable, proper, planer, prudent, humil, savi, gener\u00f3s, valent, pedagog i un gran mestre. Un pastor que sempre tingu\u00e9 l?exemple de Jesucrist i les paraules de l?evangeli, la Bona Nova, com a llum de la seva vida i de servei a l?Esgl\u00e9sia i la seva estima a Catalunya. Mireu els lliris del camp com creixen (Mt 6, 28) \u00e9s el lema episcopal del bisbe Joan. Ell va explicar que va triar aquestes paraules de l?evangeli, senzilles, per\u00f2 fonamentals per a tot creient, perqu\u00e8 posen l?accent en la confian\u00e7a en el fet que D\u00e9u fa cr\u00e9ixer la vida i, citant les seves paraules: \u00abQuan vaig haver d?escollir el lema episcopal vaig escollir un text molt simple que per a mi \u00e9s fonamental quan el Senyor diu: ?Mireu els lliris del camp com creixen? en el context de fiar-se de D\u00e9u de creure que hi ha l?acci\u00f3 de D\u00e9u que fa cr\u00e9ixer la vida i donar prioritat a la seva acci\u00f3 per damunt de la meva\u00bb<\/span><\/p>\n","protected":false},"excerpt":{"rendered":"<p>MEMORIAL BISBE JOAN CARRERA <\/p>\n","protected":false},"featured_media":958786,"template":"","meta":{"_acf_changed":false,"om_disable_all_campaigns":false,"rs_blank_template":"","rs_page_bg_color":"","slide_template_v7":"","inline_featured_image":false,"_monsterinsights_skip_tracking":false,"_monsterinsights_sitenote_active":false,"_monsterinsights_sitenote_note":"","_monsterinsights_sitenote_category":0},"product_brand":[],"product_cat":[542,92],"product_tag":[],"class_list":{"0":"post-958785","1":"product","2":"type-product","3":"status-publish","4":"has-post-thumbnail","6":"product_cat-vida-religiosa-1_espiritualidad-spa","7":"product_cat-vida-religiosa","9":"first","10":"instock","11":"taxable","12":"shipping-taxable","13":"purchasable","14":"product-type-simple"},"acf":{"autor":"MEMORIAL BISBE JOAN CARRERA ","codart":"849165606","libros-coleccion":"","ediciones":"1","encuadernacion":"R\u00fastica","fecha_de_publicacion":"22\/03\/2024","novedad":"1","paginas":"280","subtitulo":"BISBE JOAN CARRERA, UN TESTIMONIATGE DE FE","orden":"0","portada":"0","idioma":"cat","editorial":[{"ID":6172,"post_author":"3","post_date":"2022-07-28 17:46:27","post_date_gmt":"2022-07-28 15:46:27","post_content":"","post_title":"CPL","post_excerpt":"","post_status":"publish","comment_status":"closed","ping_status":"closed","post_password":"","post_name":"cpl","to_ping":"","pinged":"","post_modified":"2022-07-28 17:46:27","post_modified_gmt":"2022-07-28 15:46:27","post_content_filtered":"","post_parent":0,"guid":"http:\/\/dev.claret.cat\/editorial\/cpl\/","menu_order":0,"post_type":"editorial","post_mime_type":"","comment_count":"0","filter":"raw"}],"booktrailer":"","resenas":""},"aioseo_notices":[],"_links":{"self":[{"href":"https:\/\/www.claret.cat\/es\/wp-json\/wp\/v2\/product\/958785","targetHints":{"allow":["GET"]}}],"collection":[{"href":"https:\/\/www.claret.cat\/es\/wp-json\/wp\/v2\/product"}],"about":[{"href":"https:\/\/www.claret.cat\/es\/wp-json\/wp\/v2\/types\/product"}],"wp:featuredmedia":[{"embeddable":true,"href":"https:\/\/www.claret.cat\/es\/wp-json\/wp\/v2\/media\/958786"}],"wp:attachment":[{"href":"https:\/\/www.claret.cat\/es\/wp-json\/wp\/v2\/media?parent=958785"}],"wp:term":[{"taxonomy":"product_brand","embeddable":true,"href":"https:\/\/www.claret.cat\/es\/wp-json\/wp\/v2\/product_brand?post=958785"},{"taxonomy":"product_cat","embeddable":true,"href":"https:\/\/www.claret.cat\/es\/wp-json\/wp\/v2\/product_cat?post=958785"},{"taxonomy":"product_tag","embeddable":true,"href":"https:\/\/www.claret.cat\/es\/wp-json\/wp\/v2\/product_tag?post=958785"}],"curies":[{"name":"wp","href":"https:\/\/api.w.org\/{rel}","templated":true}]}}