{"id":959152,"date":"2024-03-26T15:55:02","date_gmt":"2024-03-26T14:55:02","guid":{"rendered":"https:\/\/www.claret.cat\/llibre\/la-tonalidad-del-pensamiento-9788449342042\/"},"modified":"2024-10-22T16:57:13","modified_gmt":"2024-10-22T14:57:13","slug":"la-tonalidad-del-pensamiento-9788449342042","status":"publish","type":"product","link":"https:\/\/www.claret.cat\/es\/libro\/la-tonalidad-del-pensamiento-9788449342042\/","title":{"rendered":"LA TONALIDAD DEL PENSAMIENTO"},"content":{"rendered":"<p>Byung-Chul Han, el fil\u00f3sofo contempor\u00e1neo m\u00e1s conocido de la actualidad y uno de los m\u00e1s le\u00eddos en el mundo, publica con Paid\u00f3s La tonalidad del pensamiento, el primer volumen de la Trilog\u00eda de las conferencias.En abril de 2023, Byung-Chul Han viaj\u00f3 por primera vez a Portugal e imparti\u00f3 unas conferencias en Oporto y Lisboa. D\u00edas despu\u00e9s ofreci\u00f3, tambi\u00e9n por primera vez, una conferencia musical en Leipzig. De ah\u00ed nace La tonalidad del pensamiento, el libro que el lector tiene hoy en sus manos y que re\u00fane estas conferencias.\u00a0<br \/> En la primera de ellas, de t\u00edtulo \u00abAmor \/ Eros\u00bb, el autor se pregunta por el sentido del amor en una sociedad en la que el otro se desvanece por falta de contacto f\u00edsico y personal.\u00a0<br \/> La segunda, \u00abSobre la esperanza\u00bb, es una reflexi\u00f3n sobre la transcendencia de esta virtud que, en palabras del fil\u00f3sofo, \u00abes el esp\u00edritu de una idea que va m\u00e1s all\u00e1 de lo que podemos imaginar\u00bb.\u00a0<br \/> La \u00faltima ponencia da t\u00edtulo a esta obra: en \u00abLa tonalidad del pensamiento\u00bb, Han expone los tonos y temas que atraviesan su filosof\u00eda. Sus libros, dice, no son repeticiones, sino variaciones: notas que van despleg\u00e1ndose en torno a grandes conceptos. Por ello, la conferencia cont\u00f3 con la interpretaci\u00f3n en piano de las piezas favoritas del autor: las Variaciones Goldberg y las Suites francesas de Bach y las Kinderszenen de Schumann.\u00a0<br \/> La tonalidad del pensamiento es el primer volumen de la Trilog\u00eda de las conferencias, una obra que pone al alcance de los lectores los textos, las fotograf\u00edas y el acceso en exclusiva a las grabaciones de las conferencias m\u00e1s recientes del autor.<\/p>\n","protected":false},"excerpt":{"rendered":"<p>HAN, BYUNG-CHUL<\/p>\n","protected":false},"featured_media":959200,"template":"","meta":{"_acf_changed":false,"om_disable_all_campaigns":false,"rs_blank_template":"","rs_page_bg_color":"","slide_template_v7":"","inline_featured_image":false,"_monsterinsights_skip_tracking":false,"_monsterinsights_sitenote_active":false,"_monsterinsights_sitenote_note":"","_monsterinsights_sitenote_category":0},"product_brand":[],"product_cat":[373,166],"product_tag":[],"class_list":{"0":"post-959152","1":"product","2":"type-product","3":"status-publish","4":"has-post-thumbnail","6":"product_cat-autores","7":"product_cat-autors-filosofia","9":"first","10":"instock","11":"taxable","12":"shipping-taxable","13":"purchasable","14":"product-type-simple"},"acf":{"autor":"HAN, BYUNG-CHUL","codart":"844934204","libros-coleccion":"Contextos","ediciones":"1","encuadernacion":"Carton\u00e9","fecha_de_publicacion":"01\/03\/2024","novedad":"1","paginas":"149","subtitulo":"TRILOG\u00cdA DE LAS CONFERENCIAS VOL. I","orden":"0","portada":"1","idioma":"spa","editorial":[{"ID":6206,"post_author":"3","post_date":"2022-07-28 17:47:08","post_date_gmt":"2022-07-28 15:47:08","post_content":"","post_title":"Ediciones Paid\u00f3s","post_excerpt":"","post_status":"publish","comment_status":"closed","ping_status":"closed","post_password":"","post_name":"ediciones-paidos","to_ping":"","pinged":"","post_modified":"2022-07-28 17:47:08","post_modified_gmt":"2022-07-28 15:47:08","post_content_filtered":"","post_parent":0,"guid":"http:\/\/dev.claret.cat\/editorial\/ediciones-paidos\/","menu_order":0,"post_type":"editorial","post_mime_type":"","comment_count":"0","filter":"raw"}]},"aioseo_notices":[],"_links":{"self":[{"href":"https:\/\/www.claret.cat\/es\/wp-json\/wp\/v2\/product\/959152","targetHints":{"allow":["GET"]}}],"collection":[{"href":"https:\/\/www.claret.cat\/es\/wp-json\/wp\/v2\/product"}],"about":[{"href":"https:\/\/www.claret.cat\/es\/wp-json\/wp\/v2\/types\/product"}],"wp:featuredmedia":[{"embeddable":true,"href":"https:\/\/www.claret.cat\/es\/wp-json\/wp\/v2\/media\/959200"}],"wp:attachment":[{"href":"https:\/\/www.claret.cat\/es\/wp-json\/wp\/v2\/media?parent=959152"}],"wp:term":[{"taxonomy":"product_brand","embeddable":true,"href":"https:\/\/www.claret.cat\/es\/wp-json\/wp\/v2\/product_brand?post=959152"},{"taxonomy":"product_cat","embeddable":true,"href":"https:\/\/www.claret.cat\/es\/wp-json\/wp\/v2\/product_cat?post=959152"},{"taxonomy":"product_tag","embeddable":true,"href":"https:\/\/www.claret.cat\/es\/wp-json\/wp\/v2\/product_tag?post=959152"}],"curies":[{"name":"wp","href":"https:\/\/api.w.org\/{rel}","templated":true}]}}