{"id":959173,"date":"2024-03-26T16:10:36","date_gmt":"2024-03-26T15:10:36","guid":{"rendered":"https:\/\/www.claret.cat\/llibre\/estuche-hooky-serie-completa-9788408285878\/"},"modified":"2024-03-26T16:30:57","modified_gmt":"2024-03-26T15:30:57","slug":"estuche-hooky-serie-completa-9788408285878","status":"publish","type":"product","link":"https:\/\/www.claret.cat\/es\/libro\/estuche-hooky-serie-completa-9788408285878\/","title":{"rendered":"ESTUCHE HOOKY (SERIE COMPLETA)"},"content":{"rendered":"<p>Las extraordinarias aventuras de Dani y Dorian en Hooky, el c\u00f3mic de Webtoon que ha enamorado a m\u00e1s de 800.000 lectores en todo el mundo.<br \/> La serie completa en un estuche exclusivo ilustrado por la autora.Todo se complic\u00f3 el d\u00eda en que los mellizos Dani y Dorian perdieron el autob\u00fas a la Escuela de Magia. Lo que deb\u00eda ser el inicio de su educaci\u00f3n como brujos fue la primera de una serie de \u00e9picas aventuras para salvar al reino de la guerra que lo resquebraj\u00f3 d\u00e9cadas atr\u00e1s. Sus peripecias los llevar\u00e1n a viajar m\u00e1s all\u00e1 de los confines del reino, a reencontrarse con su hermano mayor, Damien, y a conocer a un gran grupo de amigos, entre los que se cuentan la valiente princesa M\u00f3nica, el graciosillo de Nico y el apuesto y noble Mark.<br \/> Con su ingenio y la magia aprendida como \u00fanicas armas, toda la pandilla deber\u00e1 reunir el valor necesario para enfrentarse al mundo que han creado sus padres y decidir c\u00f3mo es el mundo en el que quieren vivir.<\/p>\n","protected":false},"excerpt":{"rendered":"<p>BONASTRE TUR, M\u00cdRIAM<\/p>\n","protected":false},"featured_media":959174,"template":"","meta":{"_acf_changed":false,"om_disable_all_campaigns":false,"rs_blank_template":"","rs_page_bg_color":"","slide_template_v7":"","inline_featured_image":false,"_monsterinsights_skip_tracking":false,"_monsterinsights_sitenote_active":false,"_monsterinsights_sitenote_note":"","_monsterinsights_sitenote_category":0},"product_brand":[],"product_cat":[132,362],"product_tag":[],"class_list":{"0":"post-959173","1":"product","2":"type-product","3":"status-publish","4":"has-post-thumbnail","6":"product_cat-lectures-per-preadolescents-6-12-anys","7":"product_cat-libros-preadolescentes-6-12-anos","9":"first","10":"instock","11":"taxable","12":"shipping-taxable","13":"purchasable","14":"product-type-simple"},"acf":{"autor":"BONASTRE TUR, M\u00cdRIAM","codart":"840828587","libros-coleccion":"Mart\u00ednez Roca","ediciones":"1","encuadernacion":"R\u00fastica","fecha_de_publicacion":"01\/03\/2024","novedad":"1","paginas":"0","subtitulo":"","orden":"0","portada":"0","idioma":"spa","editorial":[{"ID":6233,"post_author":"3","post_date":"2022-07-28 17:47:48","post_date_gmt":"2022-07-28 15:47:48","post_content":"","post_title":"EDITORIAL PLANETA","post_excerpt":"","post_status":"publish","comment_status":"closed","ping_status":"closed","post_password":"","post_name":"editorial-planeta","to_ping":"","pinged":"","post_modified":"2022-07-28 17:47:48","post_modified_gmt":"2022-07-28 15:47:48","post_content_filtered":"","post_parent":0,"guid":"http:\/\/dev.claret.cat\/editorial\/editorial-planeta\/","menu_order":0,"post_type":"editorial","post_mime_type":"","comment_count":"0","filter":"raw"}]},"aioseo_notices":[],"_links":{"self":[{"href":"https:\/\/www.claret.cat\/es\/wp-json\/wp\/v2\/product\/959173","targetHints":{"allow":["GET"]}}],"collection":[{"href":"https:\/\/www.claret.cat\/es\/wp-json\/wp\/v2\/product"}],"about":[{"href":"https:\/\/www.claret.cat\/es\/wp-json\/wp\/v2\/types\/product"}],"wp:featuredmedia":[{"embeddable":true,"href":"https:\/\/www.claret.cat\/es\/wp-json\/wp\/v2\/media\/959174"}],"wp:attachment":[{"href":"https:\/\/www.claret.cat\/es\/wp-json\/wp\/v2\/media?parent=959173"}],"wp:term":[{"taxonomy":"product_brand","embeddable":true,"href":"https:\/\/www.claret.cat\/es\/wp-json\/wp\/v2\/product_brand?post=959173"},{"taxonomy":"product_cat","embeddable":true,"href":"https:\/\/www.claret.cat\/es\/wp-json\/wp\/v2\/product_cat?post=959173"},{"taxonomy":"product_tag","embeddable":true,"href":"https:\/\/www.claret.cat\/es\/wp-json\/wp\/v2\/product_tag?post=959173"}],"curies":[{"name":"wp","href":"https:\/\/api.w.org\/{rel}","templated":true}]}}