{"id":959191,"date":"2024-03-26T16:20:36","date_gmt":"2024-03-26T15:20:36","guid":{"rendered":"https:\/\/www.claret.cat\/llibre\/el-rulas-2-el-rulas-y-la-copa-legendaria-9788408282501\/"},"modified":"2026-01-27T17:51:56","modified_gmt":"2026-01-27T16:51:56","slug":"el-rulas-2-el-rulas-y-la-copa-legendaria-9788408282501","status":"publish","type":"product","link":"https:\/\/www.claret.cat\/es\/libro\/el-rulas-2-el-rulas-y-la-copa-legendaria-9788408282501\/","title":{"rendered":"EL RULAS 2. EL RULAS Y LA COPA LEGENDARIA"},"content":{"rendered":"<p>EL RULAS, el personaje m\u00e1s macarra y divertido de ANIMALIZE21, quiere cumplir su sue\u00f1o de ser futbolista en esta \u00e9pica aventura a todo color.<br \/> \u00a1PERO NECESITA TU AYUDA!<br \/> Quiere demostrar a todo el mundo que es capaz de ganar LA COPA LEGENDARIA, el torneo de f\u00fatbol m\u00e1s \u00e9pico de la ciudad.<br \/> Solo si lees este libro y super\u00e1is juntos los distintos retos que os ir\u00e9is encontrando podr\u00e1 hacerse con el trofeo.<br \/> Para conseguirlo, tendr\u00e9is que:<br \/> -Seleccionar a los mejores jugadores del barrio. \u00a1Bueno, en realidad, entre los que est\u00e9n disponibles: el Ruso, la Abuela, la Rulos, Santi&#8230;<br \/> -Encontrar un nombre\u00a0to flama para el equipo y dise\u00f1ar el escudo m\u00e1s \u00e9pico y las equipaciones m\u00e1s espectaculares.<br \/> -Superar los retos interactivos que os vais a ir encontrando en cada cap\u00edtulo: laberintos, sopas de letras, puzles, elige tu propia aventura&#8230;<br \/> -E intentar llegar a la final y encontrar la manera de vencer al todopoderoso equipo de Los Pros FC.<br \/> Si todo sale bien, el Rulas habr\u00e1 cumplido su sue\u00f1o de infancia y podr\u00e1 llevarse la Copa Legendaria a casa. \u00bfAceptas el reto? \u00a1Pues calienta, que sales!<\/p>\n","protected":false},"excerpt":{"rendered":"<p>ANIMALIZE21<\/p>\n","protected":false},"featured_media":959192,"template":"","meta":{"_acf_changed":false,"om_disable_all_campaigns":false,"rs_blank_template":"","rs_page_bg_color":"","slide_template_v7":"","inline_featured_image":false,"_monsterinsights_skip_tracking":false,"_monsterinsights_sitenote_active":false,"_monsterinsights_sitenote_note":"","_monsterinsights_sitenote_category":0},"product_brand":[],"product_cat":[132,362],"product_tag":[],"class_list":{"0":"post-959191","1":"product","2":"type-product","3":"status-publish","4":"has-post-thumbnail","6":"product_cat-lectures-per-preadolescents-6-12-anys","7":"product_cat-libros-preadolescentes-6-12-anos","9":"first","10":"instock","11":"taxable","12":"shipping-taxable","13":"purchasable","14":"product-type-simple"},"acf":{"autor":"ANIMALIZE21","codart":"840828250","libros-coleccion":"FORA DE COL.LECCI\u00d3","ediciones":"1","encuadernacion":"Carton\u00e9","fecha_de_publicacion":"01\/03\/2024","novedad":"1","paginas":"138","subtitulo":"","orden":"0","portada":"0","idioma":"spa","editorial":[{"ID":6233,"post_author":"3","post_date":"2022-07-28 17:47:48","post_date_gmt":"2022-07-28 15:47:48","post_content":"","post_title":"EDITORIAL PLANETA","post_excerpt":"","post_status":"publish","comment_status":"closed","ping_status":"closed","post_password":"","post_name":"editorial-planeta","to_ping":"","pinged":"","post_modified":"2022-07-28 17:47:48","post_modified_gmt":"2022-07-28 15:47:48","post_content_filtered":"","post_parent":0,"guid":"http:\/\/dev.claret.cat\/editorial\/editorial-planeta\/","menu_order":0,"post_type":"editorial","post_mime_type":"","comment_count":"0","filter":"raw"}],"booktrailer":"","resenas":""},"aioseo_notices":[],"_links":{"self":[{"href":"https:\/\/www.claret.cat\/es\/wp-json\/wp\/v2\/product\/959191","targetHints":{"allow":["GET"]}}],"collection":[{"href":"https:\/\/www.claret.cat\/es\/wp-json\/wp\/v2\/product"}],"about":[{"href":"https:\/\/www.claret.cat\/es\/wp-json\/wp\/v2\/types\/product"}],"wp:featuredmedia":[{"embeddable":true,"href":"https:\/\/www.claret.cat\/es\/wp-json\/wp\/v2\/media\/959192"}],"wp:attachment":[{"href":"https:\/\/www.claret.cat\/es\/wp-json\/wp\/v2\/media?parent=959191"}],"wp:term":[{"taxonomy":"product_brand","embeddable":true,"href":"https:\/\/www.claret.cat\/es\/wp-json\/wp\/v2\/product_brand?post=959191"},{"taxonomy":"product_cat","embeddable":true,"href":"https:\/\/www.claret.cat\/es\/wp-json\/wp\/v2\/product_cat?post=959191"},{"taxonomy":"product_tag","embeddable":true,"href":"https:\/\/www.claret.cat\/es\/wp-json\/wp\/v2\/product_tag?post=959191"}],"curies":[{"name":"wp","href":"https:\/\/api.w.org\/{rel}","templated":true}]}}