{"id":959297,"date":"2024-03-27T13:16:01","date_gmt":"2024-03-27T12:16:01","guid":{"rendered":"https:\/\/www.claret.cat\/llibre\/balla-amb-babel-9788410188082\/"},"modified":"2024-11-28T14:19:57","modified_gmt":"2024-11-28T13:19:57","slug":"balla-amb-babel-9788410188082","status":"publish","type":"product","link":"https:\/\/www.claret.cat\/es\/libro\/balla-amb-babel-9788410188082\/","title":{"rendered":"BALLA AMB BABEL"},"content":{"rendered":"<p>Resseguint la hist\u00f2ria de l&#8221;absolutisme ling\u00fc\u00edstic, representat pels estats espanyol i franc\u00e8s, Joan-Llu\u00eds Llu\u00eds rellegeix el c\u00e8lebre mite de la torre de Babel: \u00bfd&#8221;on ens ve, als humans, la tend\u00e8ncia a jerarquitzar les lleng\u00fces? \u00bfQu\u00e8 amaga la superioritat que algunes s&#8221;atorguen? Rere la defensa del monoling\u00fcisme \u2014que al\u00b7lega que les lleng\u00fces nom\u00e9s s\u00f3n mitjans per comunicar-se i que un m\u00f3n monoling\u00fce seria un m\u00f3n m\u00e9s senzill per a tots\u2014 no hi ha res m\u00e9s que voluntat de domini i una concepci\u00f3 banal de la realitat. Joan-Llu\u00eds Llu\u00eds ofereix una cr\u00edtica s\u00f2lida al monoling\u00fcisme d&#8221;estat i una defensa de la perspectiva incomparable que cada llengua suposa per als seus parlants. <br \/> La col\u00b7lecci\u00f3 Assaltar la B\u00edblia ofereix llibres d&#8221;assaig sobre temes contemporanis<br \/> per mitj\u00e0 de la relectura de passatges b\u00edblics c\u00e8lebres. Amb un estil fresc, amb una mirada humanista i transversal, amb el convenciment que els textos cl\u00e0ssics s\u00f3n grans eines per pensar els reptes del present.<\/p>\n","protected":false},"excerpt":{"rendered":"<p>LLU\u00cdS, JOAN-LLU\u00cdS<\/p>\n","protected":false},"featured_media":985810,"template":"","meta":{"_acf_changed":false,"om_disable_all_campaigns":false,"rs_blank_template":"","rs_page_bg_color":"","slide_template_v7":"","inline_featured_image":false,"_monsterinsights_skip_tracking":false,"_monsterinsights_sitenote_active":false,"_monsterinsights_sitenote_note":"","_monsterinsights_sitenote_category":0},"product_brand":[],"product_cat":[195,458],"product_tag":[],"class_list":{"0":"post-959297","1":"product","2":"type-product","3":"status-publish","4":"has-post-thumbnail","6":"product_cat-introduccio-a-t","7":"product_cat-introduccion-a-t","9":"first","10":"instock","11":"taxable","12":"shipping-taxable","13":"purchasable","14":"product-type-simple"},"acf":{"autor":"LLU\u00cdS, JOAN-LLU\u00cdS","codart":"841018808","libros-coleccion":"Assaig","ediciones":"1","encuadernacion":"R\u00fastica","fecha_de_publicacion":"01\/04\/2024","novedad":"1","paginas":"89","subtitulo":"","orden":"0","portada":"0","idioma":"cat","editorial":[{"ID":6258,"post_author":"3","post_date":"2022-07-28 17:48:20","post_date_gmt":"2022-07-28 15:48:20","post_content":"","post_title":"FRAGMENTA EDITORIAL","post_excerpt":"","post_status":"publish","comment_status":"closed","ping_status":"closed","post_password":"","post_name":"fragmenta-editorial","to_ping":"","pinged":"","post_modified":"2022-07-28 17:48:20","post_modified_gmt":"2022-07-28 15:48:20","post_content_filtered":"","post_parent":0,"guid":"http:\/\/dev.claret.cat\/editorial\/fragmenta-editorial\/","menu_order":0,"post_type":"editorial","post_mime_type":"","comment_count":"0","filter":"raw"}]},"aioseo_notices":[],"_links":{"self":[{"href":"https:\/\/www.claret.cat\/es\/wp-json\/wp\/v2\/product\/959297","targetHints":{"allow":["GET"]}}],"collection":[{"href":"https:\/\/www.claret.cat\/es\/wp-json\/wp\/v2\/product"}],"about":[{"href":"https:\/\/www.claret.cat\/es\/wp-json\/wp\/v2\/types\/product"}],"wp:featuredmedia":[{"embeddable":true,"href":"https:\/\/www.claret.cat\/es\/wp-json\/wp\/v2\/media\/985810"}],"wp:attachment":[{"href":"https:\/\/www.claret.cat\/es\/wp-json\/wp\/v2\/media?parent=959297"}],"wp:term":[{"taxonomy":"product_brand","embeddable":true,"href":"https:\/\/www.claret.cat\/es\/wp-json\/wp\/v2\/product_brand?post=959297"},{"taxonomy":"product_cat","embeddable":true,"href":"https:\/\/www.claret.cat\/es\/wp-json\/wp\/v2\/product_cat?post=959297"},{"taxonomy":"product_tag","embeddable":true,"href":"https:\/\/www.claret.cat\/es\/wp-json\/wp\/v2\/product_tag?post=959297"}],"curies":[{"name":"wp","href":"https:\/\/api.w.org\/{rel}","templated":true}]}}