{"id":959379,"date":"2024-03-27T17:15:01","date_gmt":"2024-03-27T16:15:01","guid":{"rendered":"https:\/\/www.claret.cat\/llibre\/estimada-mama-em-fas-mal-9788402429643\/"},"modified":"2024-04-13T13:30:37","modified_gmt":"2024-04-13T11:30:37","slug":"estimada-mama-em-fas-mal-9788402429643","status":"publish","type":"product","link":"https:\/\/www.claret.cat\/es\/libro\/estimada-mama-em-fas-mal-9788402429643\/","title":{"rendered":"ESTIMADA MAMA, EM FAS MAL"},"content":{"rendered":"<p>Un llibre molt especial per sanar les ferides de la inf\u00e0ncia que m\u00e9s petjada deixen: les que estan presents a la relaci\u00f3 amb la nostra mare.  Dona veu a la nena que vas ser en la teva relaci\u00f3 mare-filla i fes les paus amb el present amb la psic\u00f2loga Marta Segrelles. La relaci\u00f3 que tens amb la teva mare no \u00e9s com voldries que fos? En algun moment t&#8221;has sentit sola al seu costat? Creus que ets una mala filla perqu\u00e8 necessites allunyar-te&#8221;n o parlar del malestar que de vegades et genera? Si has resp\u00f2s que s\u00ed a alguna d&#8221;aquestes preguntes, aquest llibre \u00e9s per a tu. <br \/>Amb compassi\u00f3 i empatia, hist\u00f2ries personals i recursos pr\u00e0ctics, Marta Segrelles, psic\u00f2loga referent en ter\u00e0pia amb la nena interior, aferrament i abordament del trauma, et proposa fer en un viatge al passat per explorar la relaci\u00f3 amb la mare: un vincle \u00fanic que deixa una gran empremta. Amb Estimada mama, em fas mal aprendr\u00e0s a abra\u00e7ar la teva hist\u00f2ria per entendre&#8221;t millor avui i per donar-te com a adulta all\u00f2 que vas necessitar com a nena i no vas tenir. Perqu\u00e8 ets m\u00e9s que suficient tal com ets.  Qu\u00e8 trobar\u00e0s en aquest llibre?<br \/>-Relats personals basats en casos reals de consulta i experi\u00e8ncies de l&#8221;autora. -Materials gr\u00e0fics, esquemes i il\u00b7lustracions per facilitar la comprensi\u00f3 dels conceptes.<br \/>-Exercicis pr\u00e0ctics i senzills per reflexionar sobre la teva relaci\u00f3 mare-filla, recon\u00e8ixer experi\u00e8ncies que et van marcar i reconnectar amb la teva nena interior, la part de tu m\u00e9s vulnerable i sensible.<br \/> \u00abParlarde les ferides maternes no \u00e9s gens f\u00e0cil, perqu\u00e8 s\u00f3n molt profundes i ens costa molt recon\u00e8ixer-les. Assumir aquest dolor i acceptar que prov\u00e9 de la persona que, segons la societat, ens estima m\u00e9s que ning\u00fa, aquella que ens ha donat la vida i que ens hauria de cuidar i estimar de totes totes no \u00e9s gens f\u00e0cil, oi? En aquest llibre no arribarem a conclusions ni et dir\u00e9 qu\u00e8 has de fer. No et demanar\u00e9 que perdonis la teva mare, que tallis el contacte amb ella o te&#8221;n distanci\u00efs, i tampoc que l&#8221;estimis m\u00e9s per all\u00f2 que diuen que \u201cde mare, nom\u00e9s n&#8221;hi ha una\u201d. De cap manera. Vull parlar-te del dolor que pateixes i donar-te les eines per travessar-lo. <br \/>Aquest llibre no va de culpar les mares; va d&#8221;acollir el dolor que vas sentir quan eres petita i que encara t&#8221;acompanya. I, sobretot, va d&#8221;abra\u00e7ar-te. Comencem juntes\u00bb. Marta Segrelles<\/p>\n","protected":false},"excerpt":{"rendered":"<p>SEGRELLES, MARTA<\/p>\n","protected":false},"featured_media":959496,"template":"","meta":{"_acf_changed":false,"om_disable_all_campaigns":false,"rs_blank_template":"","rs_page_bg_color":"","slide_template_v7":"","inline_featured_image":false,"_monsterinsights_skip_tracking":false,"_monsterinsights_sitenote_active":false,"_monsterinsights_sitenote_note":"","_monsterinsights_sitenote_category":0},"product_brand":[],"product_cat":[179,377],"product_tag":[],"class_list":{"0":"post-959379","1":"product","2":"type-product","3":"status-publish","4":"has-post-thumbnail","6":"product_cat-autoajuda-i-salut-mental","7":"product_cat-autoayuda-y-salud-mental","9":"first","10":"instock","11":"taxable","12":"shipping-taxable","13":"purchasable","14":"product-type-simple"},"acf":{"autor":"SEGRELLES, MARTA","codart":"840242964","libros-coleccion":"Bruguera Tendencias","ediciones":"1","encuadernacion":"R\u00fastica","fecha_de_publicacion":"01\/04\/2024","novedad":"1","paginas":"301","subtitulo":"","orden":"0","portada":"0","idioma":"spa","editorial":[{"ID":6253,"post_author":"3","post_date":"2022-07-28 17:48:14","post_date_gmt":"2022-07-28 15:48:14","post_content":"","post_title":"Facultat Teologia de Catalunya","post_excerpt":"","post_status":"publish","comment_status":"closed","ping_status":"closed","post_password":"","post_name":"facultat-teologia-de-catalunya","to_ping":"","pinged":"","post_modified":"2022-07-28 17:48:14","post_modified_gmt":"2022-07-28 15:48:14","post_content_filtered":"","post_parent":0,"guid":"http:\/\/dev.claret.cat\/editorial\/facultat-teologia-de-catalunya\/","menu_order":0,"post_type":"editorial","post_mime_type":"","comment_count":"0","filter":"raw"}]},"aioseo_notices":[],"_links":{"self":[{"href":"https:\/\/www.claret.cat\/es\/wp-json\/wp\/v2\/product\/959379","targetHints":{"allow":["GET"]}}],"collection":[{"href":"https:\/\/www.claret.cat\/es\/wp-json\/wp\/v2\/product"}],"about":[{"href":"https:\/\/www.claret.cat\/es\/wp-json\/wp\/v2\/types\/product"}],"wp:featuredmedia":[{"embeddable":true,"href":"https:\/\/www.claret.cat\/es\/wp-json\/wp\/v2\/media\/959496"}],"wp:attachment":[{"href":"https:\/\/www.claret.cat\/es\/wp-json\/wp\/v2\/media?parent=959379"}],"wp:term":[{"taxonomy":"product_brand","embeddable":true,"href":"https:\/\/www.claret.cat\/es\/wp-json\/wp\/v2\/product_brand?post=959379"},{"taxonomy":"product_cat","embeddable":true,"href":"https:\/\/www.claret.cat\/es\/wp-json\/wp\/v2\/product_cat?post=959379"},{"taxonomy":"product_tag","embeddable":true,"href":"https:\/\/www.claret.cat\/es\/wp-json\/wp\/v2\/product_tag?post=959379"}],"curies":[{"name":"wp","href":"https:\/\/api.w.org\/{rel}","templated":true}]}}