{"id":959398,"date":"2024-03-27T17:21:13","date_gmt":"2024-03-27T16:21:13","guid":{"rendered":"https:\/\/www.claret.cat\/llibre\/la-luna-en-verso-9788403524224\/"},"modified":"2024-03-27T19:30:26","modified_gmt":"2024-03-27T18:30:26","slug":"la-luna-en-verso-9788403524224","status":"publish","type":"product","link":"https:\/\/www.claret.cat\/es\/libro\/la-luna-en-verso-9788403524224\/","title":{"rendered":"LA LUNA EN VERSO"},"content":{"rendered":"<p>En este coraz\u00f3n, como en estos versos, todo acaba en agua salada: ya sea de tinta o de Mar Patricia Fern\u00e1ndez inaugura en este poemario una mitolog\u00eda en la que la poes\u00eda brota y se transmite bajo la mirada de la Luna. Una Luna lorquiana testigo de las p\u00e9rdidas, el duelo y las ausencias. Pero tambi\u00e9n una Luna er\u00f3tica que atesora el renacer, el regreso a las ra\u00edces y la aceptaci\u00f3n del cambio. Todo ello construye un c\u00edrculo donde la muerte y el nacimiento se encuentran. La Anciana, la Mujer y la Ni\u00f1a convergen all\u00e1 donde nace la vida: el \u00fatero, el agua y el Mar.<\/p>\n","protected":false},"excerpt":{"rendered":"<p>FERN\u00c1NDEZ, PATRICIA<\/p>\n","protected":false},"featured_media":959499,"template":"","meta":{"_acf_changed":false,"om_disable_all_campaigns":false,"rs_blank_template":"","rs_page_bg_color":"","slide_template_v7":"","inline_featured_image":false,"_monsterinsights_skip_tracking":false,"_monsterinsights_sitenote_active":false,"_monsterinsights_sitenote_note":"","_monsterinsights_sitenote_category":0},"product_brand":[],"product_cat":[121,340],"product_tag":[],"class_list":{"0":"post-959398","1":"product","2":"type-product","3":"status-publish","4":"has-post-thumbnail","6":"product_cat-poesia","7":"product_cat-poesia-5_otras","9":"first","10":"instock","11":"taxable","12":"shipping-taxable","13":"purchasable","14":"product-type-simple"},"acf":{"autor":"FERN\u00c1NDEZ, PATRICIA","codart":"840352422","libros-coleccion":"Verso&Cuento","ediciones":"1","encuadernacion":"R\u00fastica","fecha_de_publicacion":"01\/04\/2024","novedad":"1","paginas":"133","subtitulo":"","orden":"0","portada":"0","idioma":"spa","editorial":[{"ID":6113,"post_author":"3","post_date":"2022-07-28 17:45:10","post_date_gmt":"2022-07-28 15:45:10","post_content":"","post_title":"AGUILAR","post_excerpt":"","post_status":"publish","comment_status":"closed","ping_status":"closed","post_password":"","post_name":"aguilar","to_ping":"","pinged":"","post_modified":"2022-07-28 17:45:10","post_modified_gmt":"2022-07-28 15:45:10","post_content_filtered":"","post_parent":0,"guid":"http:\/\/dev.claret.cat\/editorial\/aguilar\/","menu_order":0,"post_type":"editorial","post_mime_type":"","comment_count":"0","filter":"raw"}]},"aioseo_notices":[],"_links":{"self":[{"href":"https:\/\/www.claret.cat\/es\/wp-json\/wp\/v2\/product\/959398","targetHints":{"allow":["GET"]}}],"collection":[{"href":"https:\/\/www.claret.cat\/es\/wp-json\/wp\/v2\/product"}],"about":[{"href":"https:\/\/www.claret.cat\/es\/wp-json\/wp\/v2\/types\/product"}],"wp:featuredmedia":[{"embeddable":true,"href":"https:\/\/www.claret.cat\/es\/wp-json\/wp\/v2\/media\/959499"}],"wp:attachment":[{"href":"https:\/\/www.claret.cat\/es\/wp-json\/wp\/v2\/media?parent=959398"}],"wp:term":[{"taxonomy":"product_brand","embeddable":true,"href":"https:\/\/www.claret.cat\/es\/wp-json\/wp\/v2\/product_brand?post=959398"},{"taxonomy":"product_cat","embeddable":true,"href":"https:\/\/www.claret.cat\/es\/wp-json\/wp\/v2\/product_cat?post=959398"},{"taxonomy":"product_tag","embeddable":true,"href":"https:\/\/www.claret.cat\/es\/wp-json\/wp\/v2\/product_tag?post=959398"}],"curies":[{"name":"wp","href":"https:\/\/api.w.org\/{rel}","templated":true}]}}