{"id":959434,"date":"2024-03-27T17:35:52","date_gmt":"2024-03-27T16:35:52","guid":{"rendered":"https:\/\/www.claret.cat\/llibre\/orquesta-9788420476940\/"},"modified":"2024-04-24T13:42:25","modified_gmt":"2024-04-24T11:42:25","slug":"orquesta-9788420476940","status":"publish","type":"product","link":"https:\/\/www.claret.cat\/es\/libro\/orquesta-9788420476940\/","title":{"rendered":"ORQUESTA"},"content":{"rendered":"<p>Tras el \u00e9xito de Sim\u00f3n (Premio Ojo Cr\u00edtico de Narrativa), \u00abgran canto a la novela\u00bb (Sara Mesa), vuelve Miqui Otero y su \u00abenorme talento\u00bb (ABC) con una noche de verano inolvidable. Valdeplata amanece despu\u00e9s de la verbena de verano. Sobre el prado, cad\u00e1veres de estorninos, un billete rasgado, una bicicleta roja, una piruleta rota, sangre en una zapatilla. La Orquesta toc\u00f3 toda la noche y ni\u00f1os, j\u00f3venes y viejos bailaron las mismas canciones guardando secretos distintos. Los guardaba el Conde, anciano que pod\u00eda morir en cualquier momento (y con \u00e9l un mundo antiguo de magia y miedo). Tambi\u00e9n Ventura, camionero que sac\u00f3 por fin su vestido de lentejuelas, o Placeres, so\u00f1ando venganza y amores prohibidos. Bailaron y bebieron y parec\u00eda que pod\u00edan entenderse antiguos amantes, enemigos mortales, j\u00f3venes perdidos. La historia de esta noche de verano la cuenta la M\u00fasica, que est\u00e1 dentro y fuera de cada uno de ellos y tambi\u00e9n de ti. Una m\u00fasica queles recuerda a los vivos que est\u00e1n vivos y que convoca a los muertos. Una melod\u00eda que lo mezcla todo en este valle que amanece con los secretos desvelados sobre el prado, como si una gran mano se hubiera abierto por fin.Rese\u00f1as:<br \/>\u00abUna mirada el\u00e9ctrica al servicio de la magia y la precisi\u00f3n\u00bb.<br \/>Carlos Zan\u00f3n \u00abUno de los mejores escritores de su generaci\u00f3n\u00bb.<br \/>In\u00e9s Mart\u00edn Rodrigo \u00abOtero regresa para cautivar nuevamente con su singular voz narrativa y su capacidad para tejer historias. [&#8230;] Una atm\u00f3sfera \u00fanica y envolvente queatrapa al lector desde las primeras l\u00edneas y lo sumerge en un torbellino de emociones y revelaciones\u00bb.<br \/>Pablo Badorrey Gonz\u00e1lez, WhitePaperBy Sobre Sim\u00f3n se ha dicho:<br \/>\u00abQu\u00e9 gran novela. Qu\u00e9 gran canto a la novela\u00bb.<br \/>Sara Mesa \u00abUn fascinante homenaje a los libros como refugio, educaci\u00f3n sentimental, forja de amistad y herramienta para so\u00f1ar futuros\u00bb.<br \/>Irene Vallejo\u00abEn una lista de grandes novelas de este a\u00f1o, esta estar\u00eda muy arriba. O ser\u00eda la primera\u00bb.<br \/>Javier del Pino \u00abUna novela resplandeciente que nos recuerda que todo viaje es hacia adentro\u00bb.<br \/>Santiago Lorenzo \u00abEs dif\u00edcilno enamorarse de Sim\u00f3n. Est\u00e1 llena de luz. Pero, como la gran literatura, de una luz que permanece\u00bb.<br \/>Laura Ferrero \u00abUn libro plet\u00f3rico y exacto, brillante, sobre el dinero y la desigualdad. Una enorme novela\u00bb.<br \/>Isaac Rosa \u00abOtero se pega con amor y dolor a la piel de un pu\u00f1ado de personajes para narrar la ruta plural de sus derrotas y desilusiones\u00bb.<br \/>Jordi Gracia, Babelia, El Pa\u00eds\u00abDif\u00edcil y valiente, en la cuerda floja entre lo amable y lo desgarrador, nos demuestra que toda historia acaba en llanto\u00bb.<br \/>Nadal Suau, El Cultural<\/p>\n","protected":false},"excerpt":{"rendered":"<p>OTERO, MIQUI<\/p>\n","protected":false},"featured_media":959435,"template":"","meta":{"_acf_changed":false,"om_disable_all_campaigns":false,"rs_blank_template":"","rs_page_bg_color":"","slide_template_v7":"","inline_featured_image":false,"_monsterinsights_skip_tracking":false,"_monsterinsights_sitenote_active":false,"_monsterinsights_sitenote_note":"","_monsterinsights_sitenote_category":0},"product_brand":[],"product_cat":[127,357],"product_tag":[],"class_list":{"0":"post-959434","1":"product","2":"type-product","3":"status-publish","4":"has-post-thumbnail","6":"product_cat-novella-contemporania","7":"product_cat-novela-contemporanea","9":"first","10":"instock","11":"taxable","12":"shipping-taxable","13":"purchasable","14":"product-type-simple"},"acf":{"autor":"OTERO, MIQUI","codart":"842047694","libros-coleccion":"HISP\u00c1NICA","ediciones":"1","encuadernacion":"R\u00fastica","fecha_de_publicacion":"01\/04\/2024","novedad":"1","paginas":"282","subtitulo":"","orden":"0","portada":"0","idioma":"spa","editorial":[{"ID":6118,"post_author":"3","post_date":"2022-07-28 17:45:17","post_date_gmt":"2022-07-28 15:45:17","post_content":"","post_title":"ALFAGUARA","post_excerpt":"","post_status":"publish","comment_status":"closed","ping_status":"closed","post_password":"","post_name":"alfaguara","to_ping":"","pinged":"","post_modified":"2022-07-28 17:45:17","post_modified_gmt":"2022-07-28 15:45:17","post_content_filtered":"","post_parent":0,"guid":"http:\/\/dev.claret.cat\/editorial\/alfaguara\/","menu_order":0,"post_type":"editorial","post_mime_type":"","comment_count":"0","filter":"raw"}]},"aioseo_notices":[],"_links":{"self":[{"href":"https:\/\/www.claret.cat\/es\/wp-json\/wp\/v2\/product\/959434","targetHints":{"allow":["GET"]}}],"collection":[{"href":"https:\/\/www.claret.cat\/es\/wp-json\/wp\/v2\/product"}],"about":[{"href":"https:\/\/www.claret.cat\/es\/wp-json\/wp\/v2\/types\/product"}],"wp:featuredmedia":[{"embeddable":true,"href":"https:\/\/www.claret.cat\/es\/wp-json\/wp\/v2\/media\/959435"}],"wp:attachment":[{"href":"https:\/\/www.claret.cat\/es\/wp-json\/wp\/v2\/media?parent=959434"}],"wp:term":[{"taxonomy":"product_brand","embeddable":true,"href":"https:\/\/www.claret.cat\/es\/wp-json\/wp\/v2\/product_brand?post=959434"},{"taxonomy":"product_cat","embeddable":true,"href":"https:\/\/www.claret.cat\/es\/wp-json\/wp\/v2\/product_cat?post=959434"},{"taxonomy":"product_tag","embeddable":true,"href":"https:\/\/www.claret.cat\/es\/wp-json\/wp\/v2\/product_tag?post=959434"}],"curies":[{"name":"wp","href":"https:\/\/api.w.org\/{rel}","templated":true}]}}