{"id":959586,"date":"2024-03-28T12:05:47","date_gmt":"2024-03-28T11:05:47","guid":{"rendered":"https:\/\/www.claret.cat\/llibre\/el-calamar-gegant-9788419332493\/"},"modified":"2024-04-19T13:05:08","modified_gmt":"2024-04-19T11:05:08","slug":"el-calamar-gegant-9788419332493","status":"publish","type":"product","link":"https:\/\/www.claret.cat\/es\/libro\/el-calamar-gegant-9788419332493\/","title":{"rendered":"EL CALAMAR GEGANT"},"content":{"rendered":"<p>Del mar, en realitat, en sabem ben poca cosa. En la seva immensitat hi caben criatures estranyes, lluminoses i tamb\u00e9 m\u00edtiques, com el calamar gegant. L&#8217;afany per capturar-lo ha inspirat aventures inesperades que ja formen part de la hist\u00f2ria de la humanitat. Per\u00f2, avui, l&#8217;home \u00e9s incapa\u00e7 de veure m\u00e9s enll\u00e0 del que \u00e9s palpable i ha oblidat l&#8217;emoci\u00f3 per les narracions i els descobriments impensables.<\/p>\n<p> En aquest text bell i llumin\u00f3s, Fabio Genovesi ens convida a perseguir els nostres somnis, a visitar territoris inexplorats i a tornar a creure que la hist\u00f2ria m\u00e9s inversemblant \u00e9s, sempre, la realitat.<\/p>\n","protected":false},"excerpt":{"rendered":"<p>GENOVESI, FABIO<\/p>\n","protected":false},"featured_media":959678,"template":"","meta":{"_acf_changed":false,"om_disable_all_campaigns":false,"rs_blank_template":"","rs_page_bg_color":"","slide_template_v7":"","inline_featured_image":false,"_monsterinsights_skip_tracking":false,"_monsterinsights_sitenote_active":false,"_monsterinsights_sitenote_note":"","_monsterinsights_sitenote_category":0},"product_brand":[],"product_cat":[524,300],"product_tag":[],"class_list":{"0":"post-959586","1":"product","2":"type-product","3":"status-publish","4":"has-post-thumbnail","6":"product_cat-guias-y-viajes","7":"product_cat-guies-i-viatges","9":"first","10":"instock","11":"taxable","12":"shipping-taxable","13":"purchasable","14":"product-type-simple"},"acf":{"autor":"GENOVESI, FABIO","codart":"841933249","libros-coleccion":"Astrolabi","ediciones":"1","encuadernacion":"R\u00fastica","fecha_de_publicacion":"01\/09\/2023","novedad":"1","paginas":"192","subtitulo":"","orden":"0","portada":"0","idioma":"cat","editorial":[{"ID":6213,"post_author":"3","post_date":"2022-07-28 17:47:17","post_date_gmt":"2022-07-28 15:47:17","post_content":"","post_title":"EDICIONS DEL PERISCOPI","post_excerpt":"","post_status":"publish","comment_status":"closed","ping_status":"closed","post_password":"","post_name":"edicions-del-periscopi","to_ping":"","pinged":"","post_modified":"2022-07-28 17:47:17","post_modified_gmt":"2022-07-28 15:47:17","post_content_filtered":"","post_parent":0,"guid":"http:\/\/dev.claret.cat\/editorial\/edicions-del-periscopi\/","menu_order":0,"post_type":"editorial","post_mime_type":"","comment_count":"0","filter":"raw"}]},"aioseo_notices":[],"_links":{"self":[{"href":"https:\/\/www.claret.cat\/es\/wp-json\/wp\/v2\/product\/959586","targetHints":{"allow":["GET"]}}],"collection":[{"href":"https:\/\/www.claret.cat\/es\/wp-json\/wp\/v2\/product"}],"about":[{"href":"https:\/\/www.claret.cat\/es\/wp-json\/wp\/v2\/types\/product"}],"wp:featuredmedia":[{"embeddable":true,"href":"https:\/\/www.claret.cat\/es\/wp-json\/wp\/v2\/media\/959678"}],"wp:attachment":[{"href":"https:\/\/www.claret.cat\/es\/wp-json\/wp\/v2\/media?parent=959586"}],"wp:term":[{"taxonomy":"product_brand","embeddable":true,"href":"https:\/\/www.claret.cat\/es\/wp-json\/wp\/v2\/product_brand?post=959586"},{"taxonomy":"product_cat","embeddable":true,"href":"https:\/\/www.claret.cat\/es\/wp-json\/wp\/v2\/product_cat?post=959586"},{"taxonomy":"product_tag","embeddable":true,"href":"https:\/\/www.claret.cat\/es\/wp-json\/wp\/v2\/product_tag?post=959586"}],"curies":[{"name":"wp","href":"https:\/\/api.w.org\/{rel}","templated":true}]}}