{"id":959797,"date":"2024-04-03T04:55:59","date_gmt":"2024-04-03T02:55:59","guid":{"rendered":"https:\/\/www.claret.cat\/llibre\/dune-9788412838510\/"},"modified":"2026-01-05T18:55:22","modified_gmt":"2026-01-05T17:55:22","slug":"dune-9788412838510","status":"publish","type":"product","link":"https:\/\/www.claret.cat\/es\/libro\/dune-9788412838510\/","title":{"rendered":"DUNE"},"content":{"rendered":"<p>Dune&nbsp;\u00e9s el primer llibre d\u00c6un cicle que ha estat considerada com una de les millors obres de ci\u00e8ncia-ficci\u00f3 de tots els temps. En un futur indefinit, l\u00c6imperialisme i el feudalisme que governen el sistema estan a punt de ser escenari d\u00c6uns esdeveniments que canviaran el curs de la hist.ria. Paul Atreides \u00e9s l\u00c6hereu d\u00c6una casa noble immers de sobte en una aventura interplanet\u00e0ria que el portar\u00e0 a enfrontar-se a les forces m\u00e9s poderoses del m\u00f3n per tal de defensar all. que estima. Acompanyat del jove protagonista, Frank Herbert crea un incomparable univers que li serveix per reflexionar sobre l\u00c6ecologisme, la pol\u00edtica, el poder, el misticisme, la tecnologia i les emocions humanes.&nbsp;Dune&nbsp;va guanyar el Premi Hugo i el Premi Nebula de ci\u00e8ncia ficci\u00f3 i ha estat adaptada a la gran pantalla per David Lynch el 1984 i per Denis Villeneuve el 2021.<\/p>\n","protected":false},"excerpt":{"rendered":"<p>HERBERT, FRANK<\/p>\n","protected":false},"featured_media":959798,"template":"","meta":{"_acf_changed":false,"om_disable_all_campaigns":false,"rs_blank_template":"","rs_page_bg_color":"","slide_template_v7":"","inline_featured_image":false,"_monsterinsights_skip_tracking":false,"_monsterinsights_sitenote_active":false,"_monsterinsights_sitenote_note":"","_monsterinsights_sitenote_category":0},"product_brand":[],"product_cat":[130,360],"product_tag":[],"class_list":{"0":"post-959797","1":"product","2":"type-product","3":"status-publish","4":"has-post-thumbnail","6":"product_cat-novella-historica-i-ficcio","7":"product_cat-novela-historica-y-ficcion","9":"first","10":"instock","11":"taxable","12":"shipping-taxable","13":"purchasable","14":"product-type-simple"},"acf":{"autor":"HERBERT, FRANK","codart":"841283851","libros-coleccion":"FORA DE COL.LECCI\u00d3","ediciones":"1","encuadernacion":"R\u00fastica","fecha_de_publicacion":"01\/04\/2024","novedad":"1","paginas":"753","subtitulo":"","orden":"0","portada":"0","idioma":"cat","editorial":[{"ID":413836,"post_author":"3","post_date":"2023-03-23 13:41:42","post_date_gmt":"2023-03-23 12:41:42","post_content":"","post_title":"Duna Llibres","post_excerpt":"","post_status":"publish","comment_status":"closed","ping_status":"closed","post_password":"","post_name":"duna-llibres-4","to_ping":"","pinged":"","post_modified":"2023-03-23 13:41:42","post_modified_gmt":"2023-03-23 12:41:42","post_content_filtered":"","post_parent":0,"guid":"https:\/\/www.claret.cat\/editorial\/duna-llibres-4\/","menu_order":0,"post_type":"editorial","post_mime_type":"","comment_count":"0","filter":"raw"}],"booktrailer":"","resenas":""},"aioseo_notices":[],"_links":{"self":[{"href":"https:\/\/www.claret.cat\/es\/wp-json\/wp\/v2\/product\/959797","targetHints":{"allow":["GET"]}}],"collection":[{"href":"https:\/\/www.claret.cat\/es\/wp-json\/wp\/v2\/product"}],"about":[{"href":"https:\/\/www.claret.cat\/es\/wp-json\/wp\/v2\/types\/product"}],"wp:featuredmedia":[{"embeddable":true,"href":"https:\/\/www.claret.cat\/es\/wp-json\/wp\/v2\/media\/959798"}],"wp:attachment":[{"href":"https:\/\/www.claret.cat\/es\/wp-json\/wp\/v2\/media?parent=959797"}],"wp:term":[{"taxonomy":"product_brand","embeddable":true,"href":"https:\/\/www.claret.cat\/es\/wp-json\/wp\/v2\/product_brand?post=959797"},{"taxonomy":"product_cat","embeddable":true,"href":"https:\/\/www.claret.cat\/es\/wp-json\/wp\/v2\/product_cat?post=959797"},{"taxonomy":"product_tag","embeddable":true,"href":"https:\/\/www.claret.cat\/es\/wp-json\/wp\/v2\/product_tag?post=959797"}],"curies":[{"name":"wp","href":"https:\/\/api.w.org\/{rel}","templated":true}]}}