{"id":960063,"date":"2024-04-03T11:35:02","date_gmt":"2024-04-03T09:35:02","guid":{"rendered":"https:\/\/www.claret.cat\/llibre\/la-familia-imperfecta-9788432167171\/"},"modified":"2026-04-07T17:05:59","modified_gmt":"2026-04-07T15:05:59","slug":"la-familia-imperfecta-9788432167171","status":"publish","type":"product","link":"https:\/\/www.claret.cat\/es\/libro\/la-familia-imperfecta-9788432167171\/","title":{"rendered":"LA FAMILIA IMPERFECTA"},"content":{"rendered":"<p>PSICOLOG\u00cdA INFANTIL Y EDUCACI\u00d3N, SIN SOLUCIONES PREFABRICADAS, CON LA INTENCI\u00d3N DE REPENSAR NUESTRO MODO DE EDUCAR, CON UNA VISI\u00d3N SIEMPRE POSITIVA.<\/p>\n<p>\u00abEn los \u00faltimos a\u00f1os, he sido invitada con frecuencia a hablar sobre temas psicol\u00f3gicos y educativos. Y al final de nuestros apasionantes intercambios de ideas, alguien me preguntaba: doctora, \u00bfno ha escrito algo que podamos leer? As\u00ed ha nacido este libro en el que dejado por escrito mi forma de trabajar con los padres. El desaf\u00edo es el mismo que les transmito a ellos: no quiero facilitar soluciones, sino compartir un modo de pensar. Quiero dar elementos que pongan a cada uno en condiciones de reflexionar, y que nos puedan hacer a todos algo m\u00e1s capaces de tomar solos las mejores decisiones\u00bb.<\/p>\n<p><\/p>\n<p>\u00abSobrevuela hoy una profunda desconfianza sobre nuestro modo de educar. Si es realmente tan delicada la misi\u00f3n, y si nuestros inevitables errores pueden originar resultados tan funestos, \u00bfqu\u00e9 puede movernos a asumir semejante riesgo?\u00bb<\/p>\n<p><\/p>\n<p>\u00abEn realidad, el ni\u00f1o que nace lleva consigo algo valioso: la confianza absoluta en aquel a quien ha sido confiado. Cada hijo que viene al mundo busca y merece el mejor trato posible por parte de sus padres, y no por parte de otros, hipot\u00e9ticamente m\u00e1s perfectos&#8230; Nuestros hijos nos quieren a nosotros, tal como somos\u00bb.<\/p>\n<p><\/p>\n<p>Mariolina Ceriotti Migliarese es m\u00e9dico, y trabaja en Mil\u00e1n como neurosiquiatra infantil y psicoterapeuta para adultos y parejas. Es conocida por sus conferencias y art\u00edculos sobre la familia, dirigidos a padres y profesores, y es autora de varios libros. Es madre de seis hijos.<\/p>\n","protected":false},"excerpt":{"rendered":"<p>CERIOTTI MIGLIARESE, MARIOLINA<\/p>\n","protected":false},"featured_media":1095252,"template":"","meta":{"_acf_changed":false,"om_disable_all_campaigns":false,"rs_blank_template":"","rs_page_bg_color":"","slide_template_v7":"","inline_featured_image":false,"_monsterinsights_skip_tracking":false,"_monsterinsights_sitenote_active":false,"_monsterinsights_sitenote_note":"","_monsterinsights_sitenote_category":0},"product_brand":[],"product_cat":[90,540],"product_tag":[],"class_list":{"0":"post-960063","1":"product","2":"type-product","3":"status-publish","4":"has-post-thumbnail","6":"product_cat-altres","7":"product_cat-otros","9":"first","10":"instock","11":"taxable","12":"shipping-taxable","13":"purchasable","14":"product-type-simple"},"acf":{"autor":"CERIOTTI MIGLIARESE, MARIOLINA","codart":"8432167171","libros-coleccion":"","ediciones":"3","encuadernacion":"R\u00fastica","fecha_de_publicacion":"03\/04\/2024","novedad":"1","paginas":"162","subtitulo":"C\u00d3MO TRANSFORMAR LOS PROBLEMAS EN RETOS","orden":"0","portada":"0","idioma":"spa","editorial":[{"ID":6348,"post_author":"3","post_date":"2022-07-28 17:50:16","post_date_gmt":"2022-07-28 15:50:16","post_content":"","post_title":"Rialp","post_excerpt":"","post_status":"publish","comment_status":"closed","ping_status":"closed","post_password":"","post_name":"rialp","to_ping":"","pinged":"","post_modified":"2022-07-28 17:50:16","post_modified_gmt":"2022-07-28 15:50:16","post_content_filtered":"","post_parent":0,"guid":"http:\/\/dev.claret.cat\/editorial\/rialp\/","menu_order":0,"post_type":"editorial","post_mime_type":"","comment_count":"0","filter":"raw"}],"booktrailer":"","resenas":""},"aioseo_notices":[],"_links":{"self":[{"href":"https:\/\/www.claret.cat\/es\/wp-json\/wp\/v2\/product\/960063","targetHints":{"allow":["GET"]}}],"collection":[{"href":"https:\/\/www.claret.cat\/es\/wp-json\/wp\/v2\/product"}],"about":[{"href":"https:\/\/www.claret.cat\/es\/wp-json\/wp\/v2\/types\/product"}],"wp:featuredmedia":[{"embeddable":true,"href":"https:\/\/www.claret.cat\/es\/wp-json\/wp\/v2\/media\/1095252"}],"wp:attachment":[{"href":"https:\/\/www.claret.cat\/es\/wp-json\/wp\/v2\/media?parent=960063"}],"wp:term":[{"taxonomy":"product_brand","embeddable":true,"href":"https:\/\/www.claret.cat\/es\/wp-json\/wp\/v2\/product_brand?post=960063"},{"taxonomy":"product_cat","embeddable":true,"href":"https:\/\/www.claret.cat\/es\/wp-json\/wp\/v2\/product_cat?post=960063"},{"taxonomy":"product_tag","embeddable":true,"href":"https:\/\/www.claret.cat\/es\/wp-json\/wp\/v2\/product_tag?post=960063"}],"curies":[{"name":"wp","href":"https:\/\/api.w.org\/{rel}","templated":true}]}}