{"id":96027,"date":"2022-10-12T06:52:30","date_gmt":"2022-10-12T04:52:30","guid":{"rendered":"http:\/\/dev.claret.cat\/producte\/el-nuevo-gran-libro-de-las-terapias-esenias-y-egipcias\/"},"modified":"2023-01-28T23:50:25","modified_gmt":"2023-01-28T22:50:25","slug":"el-nuevo-gran-libro-de-las-terapias-esenias-y-egipcias-9788417230890","status":"publish","type":"product","link":"https:\/\/www.claret.cat\/es\/libro\/el-nuevo-gran-libro-de-las-terapias-esenias-y-egipcias-9788417230890\/","title":{"rendered":"EL NUEVO GRAN LIBRO DE LAS TERAPIAS ESENIAS Y EGIPCIAS"},"content":{"rendered":"<p>Los esenios, igual que los antiguos egipcios, fueron unos maestros en el arte de las terapias energ\u00e9ticas. Este libro, que representa la quintaesencia de muchos a\u00f1os de investigaciones y de pr\u00e1cticas, pone hoy a disposici\u00f3n del p\u00fablico el conjunto m\u00e1s completo que existe de sus t\u00e9cnicas y de sus percepciones de la anatom\u00eda sutil del ser humano. Es una obra bien ilustrada, clara, precisa e instructiva. M\u00e1s que nunca, tanto el simple lector como el terapeuta ser\u00e1n conducidos a comprender mejor el maravilloso v\u00ednculo que une al ser humano, cuerpo, alma y esp\u00edritu, con la Fuerza de Vida universal, la Divinidad englob\u00e1ndolo todo. \u201cEl Gran libro de las Terapias Esenias y Egipcias\u201d es a partir de ahora una obra de referencia incuestionable\u2026 <br \/> Esta nueva versi\u00f3n del Gran Libro de las Terapias Esenias y Egipcias se ampl\u00eda con 14 pr\u00e1cticas de tratamiento y numerosas aclaraciones. Una importante base de datos adicional que indiscutiblemente viene a enriquecer este libro de referencias&#8230;<\/p>\n","protected":false},"excerpt":{"rendered":"<p>MEUROIS, DANIEL<\/p>\n","protected":false},"featured_media":96028,"template":"","meta":{"_acf_changed":false,"om_disable_all_campaigns":false,"rs_blank_template":"","rs_page_bg_color":"","slide_template_v7":"","inline_featured_image":false,"_monsterinsights_skip_tracking":false,"_monsterinsights_sitenote_active":false,"_monsterinsights_sitenote_note":"","_monsterinsights_sitenote_category":0},"product_brand":[],"product_cat":[16],"product_tag":[],"class_list":{"0":"post-96027","1":"product","2":"type-product","3":"status-publish","4":"has-post-thumbnail","6":"product_cat-sense-categoria","8":"first","9":"instock","10":"taxable","11":"shipping-taxable","12":"purchasable","13":"product-type-simple"},"acf":{"autor":"MEUROIS, DANIEL","codart":"841723089","libros-coleccion":"ISTHAR LUNA","ediciones":"1","encuadernacion":"R\u00fastica","fecha_de_publicacion":"01\/09\/2020","novedad":"0","paginas":"350","subtitulo":"","orden":"0","portada":"0","idioma":"spa","editorial":[{"ID":148307,"post_author":"3","post_date":"2022-10-14 11:57:14","post_date_gmt":"2022-10-14 09:57:14","post_content":"","post_title":"ISTHAR LUNA SOL","post_excerpt":"","post_status":"publish","comment_status":"closed","ping_status":"closed","post_password":"","post_name":"isthar-luna-sol","to_ping":"","pinged":"","post_modified":"2022-10-14 11:57:14","post_modified_gmt":"2022-10-14 09:57:14","post_content_filtered":"","post_parent":0,"guid":"http:\/\/dev.claret.cat\/editorial\/isthar-luna-sol\/","menu_order":0,"post_type":"editorial","post_mime_type":"","comment_count":"0","filter":"raw"}],"autores-libros":[{"ID":153614,"post_author":"3","post_date":"2022-10-14 14:58:09","post_date_gmt":"2022-10-14 12:58:09","post_content":"","post_title":"DANIEL MEUROIS","post_excerpt":"","post_status":"publish","comment_status":"closed","ping_status":"closed","post_password":"","post_name":"daniel-meurois","to_ping":"","pinged":"","post_modified":"2022-10-14 14:58:09","post_modified_gmt":"2022-10-14 12:58:09","post_content_filtered":"","post_parent":0,"guid":"http:\/\/dev.claret.cat\/autor\/daniel-meurois\/","menu_order":0,"post_type":"autor","post_mime_type":"","comment_count":"0","filter":"raw"}]},"aioseo_notices":[],"_links":{"self":[{"href":"https:\/\/www.claret.cat\/es\/wp-json\/wp\/v2\/product\/96027","targetHints":{"allow":["GET"]}}],"collection":[{"href":"https:\/\/www.claret.cat\/es\/wp-json\/wp\/v2\/product"}],"about":[{"href":"https:\/\/www.claret.cat\/es\/wp-json\/wp\/v2\/types\/product"}],"wp:featuredmedia":[{"embeddable":true,"href":"https:\/\/www.claret.cat\/es\/wp-json\/wp\/v2\/media\/96028"}],"wp:attachment":[{"href":"https:\/\/www.claret.cat\/es\/wp-json\/wp\/v2\/media?parent=96027"}],"wp:term":[{"taxonomy":"product_brand","embeddable":true,"href":"https:\/\/www.claret.cat\/es\/wp-json\/wp\/v2\/product_brand?post=96027"},{"taxonomy":"product_cat","embeddable":true,"href":"https:\/\/www.claret.cat\/es\/wp-json\/wp\/v2\/product_cat?post=96027"},{"taxonomy":"product_tag","embeddable":true,"href":"https:\/\/www.claret.cat\/es\/wp-json\/wp\/v2\/product_tag?post=96027"}],"curies":[{"name":"wp","href":"https:\/\/api.w.org\/{rel}","templated":true}]}}