{"id":960351,"date":"2024-04-04T13:50:07","date_gmt":"2024-04-04T11:50:07","guid":{"rendered":"https:\/\/www.claret.cat\/llibre\/poesia-bonita-y-que-se-entiende-2-9788412715873\/"},"modified":"2024-04-05T10:40:38","modified_gmt":"2024-04-05T08:40:38","slug":"poesia-bonita-y-que-se-entiende-2-9788412715873","status":"publish","type":"product","link":"https:\/\/www.claret.cat\/es\/libro\/poesia-bonita-y-que-se-entiende-2-9788412715873\/","title":{"rendered":"POES\u00cdA BONITA Y QUE SE ENTIENDE 2"},"content":{"rendered":"<p>Mares\u00eda presenta la segunda antolog\u00eda de poes\u00eda bonita y que se entiende, una selecci\u00f3n de poemas de diecis\u00e9is autores con una gran proyecci\u00f3n en el panorama po\u00e9tico actual: Jos\u00e9 Mar\u00eda Castellano Mart\u00ednez, Malena Ulcina Cabello, Amanda Plaza, M\u00edriam de los R\u00edos, \u00c1lvaro Mac\u00edas Rond\u00e1n, Aurora H. Camero, Andr\u00e9s Rubio Blanco, Cris Rivero, Paula S\u00e1nchez Santiago, Obed Higueras, Javier Vay\u00e1 Albert, Jes\u00fas Dur\u00e1n, Pablo R. Carratal\u00e1, Berta Algaba, Mar\u00eda Jos\u00e9 Coronado e Ismael Rodr\u00edguez Lara. Junto a estos, se incluyen otros textos po\u00e9ticos de Francisco Padilla Chac\u00f3n y Jos\u00e9 Fern\u00e1ndez del Cacho. Alentados por el \u00e9xito de la primera antolog\u00eda, mantenemos el sistema de acompa\u00f1ar cada poema con un comentario de su autor y una explicaci\u00f3n del editor que justifica la elecci\u00f3n. Poes\u00eda bonita y que se entiende 2. Nueva antolog\u00eda comentada de poes\u00eda actual contin\u00faa la l\u00ednea de Mares\u00eda de acercar la poes\u00eda a todos.<\/p>\n","protected":false},"excerpt":{"rendered":"<p>VV. AA.<\/p>\n","protected":false},"featured_media":960480,"template":"","meta":{"_acf_changed":false,"om_disable_all_campaigns":false,"rs_blank_template":"","rs_page_bg_color":"","slide_template_v7":"","inline_featured_image":false,"_monsterinsights_skip_tracking":false,"_monsterinsights_sitenote_active":false,"_monsterinsights_sitenote_note":"","_monsterinsights_sitenote_category":0},"product_brand":[],"product_cat":[121,340],"product_tag":[],"class_list":{"0":"post-960351","1":"product","2":"type-product","3":"status-publish","4":"has-post-thumbnail","6":"product_cat-poesia","7":"product_cat-poesia-5_otras","9":"first","10":"instock","11":"taxable","12":"shipping-taxable","13":"purchasable","14":"product-type-simple"},"acf":{"autor":"VV. AA.","codart":"841271587","libros-coleccion":"FORA DE COL.LECCI\u00d3","ediciones":"1","encuadernacion":"R\u00fastica","fecha_de_publicacion":"01\/02\/2024","novedad":"1","paginas":"204","subtitulo":"NUEVA ANTOLOG\u00cdA COMENTADA DE POES\u00cdA ACTUAL","orden":"0","portada":"0","idioma":"spa","editorial":[{"ID":960350,"post_author":"3","post_date":"2024-04-04 13:50:02","post_date_gmt":"2024-04-04 11:50:02","post_content":"","post_title":"Pie de P\u00e1gina","post_excerpt":"","post_status":"publish","comment_status":"closed","ping_status":"closed","post_password":"","post_name":"pie-de-pagina","to_ping":"","pinged":"","post_modified":"2024-04-04 13:50:02","post_modified_gmt":"2024-04-04 11:50:02","post_content_filtered":"","post_parent":0,"guid":"https:\/\/www.claret.cat\/editorial\/pie-de-pagina\/","menu_order":0,"post_type":"editorial","post_mime_type":"","comment_count":"0","filter":"raw"}]},"aioseo_notices":[],"_links":{"self":[{"href":"https:\/\/www.claret.cat\/es\/wp-json\/wp\/v2\/product\/960351","targetHints":{"allow":["GET"]}}],"collection":[{"href":"https:\/\/www.claret.cat\/es\/wp-json\/wp\/v2\/product"}],"about":[{"href":"https:\/\/www.claret.cat\/es\/wp-json\/wp\/v2\/types\/product"}],"wp:featuredmedia":[{"embeddable":true,"href":"https:\/\/www.claret.cat\/es\/wp-json\/wp\/v2\/media\/960480"}],"wp:attachment":[{"href":"https:\/\/www.claret.cat\/es\/wp-json\/wp\/v2\/media?parent=960351"}],"wp:term":[{"taxonomy":"product_brand","embeddable":true,"href":"https:\/\/www.claret.cat\/es\/wp-json\/wp\/v2\/product_brand?post=960351"},{"taxonomy":"product_cat","embeddable":true,"href":"https:\/\/www.claret.cat\/es\/wp-json\/wp\/v2\/product_cat?post=960351"},{"taxonomy":"product_tag","embeddable":true,"href":"https:\/\/www.claret.cat\/es\/wp-json\/wp\/v2\/product_tag?post=960351"}],"curies":[{"name":"wp","href":"https:\/\/api.w.org\/{rel}","templated":true}]}}