{"id":96036,"date":"2022-10-12T06:52:37","date_gmt":"2022-10-12T04:52:37","guid":{"rendered":"http:\/\/dev.claret.cat\/producte\/laigua-que-vols\/"},"modified":"2023-01-28T08:46:54","modified_gmt":"2023-01-28T07:46:54","slug":"laigua-que-vols-9788441232280","status":"publish","type":"product","link":"https:\/\/www.claret.cat\/es\/libro\/laigua-que-vols-9788441232280\/","title":{"rendered":"L&#8217;AIGUA QUE VOLS"},"content":{"rendered":"<p>Una reuni\u00f3 familiar provoca una catarsi inesperada.<\/p>\n<p>La Marie Tremblaypierre aprofita la bonan\u00e7a de l&#8217;estiu quebequ\u00e8s per organitzar una trobada familiar a l&#8221;antic xalet de vacances. L&#8217;excusa de celebrar el setanta-sis\u00e8 aniversari \u00e9s for\u00e7ada, per\u00f2 les filles i el fill no s&#8217;hi capfiquen: rememorar els banys al llac i reviure la infantesa els sembla una bona idea per retrobar-se al cap de tant de temps. Hi duen les fam\u00edlies respectives, o el que en queda, per\u00f2 tamb\u00e9 els seus secrets, les seves viv\u00e8ncies i, sobretot, els silencis de les coses que no es van dir quan tocava. <\/p>\n<p>Una extraordin\u00e0ria novel\u00b7la sobre la fam\u00edlia, els records, la infantesa perduda i la identitat galardonada amb el Premi Sant Jordi.<\/p>\n","protected":false},"excerpt":{"rendered":"<p>GARC\u00cdA TUR, V\u00cdCTOR<\/p>\n","protected":false},"featured_media":96037,"template":"","meta":{"_acf_changed":false,"om_disable_all_campaigns":false,"rs_blank_template":"","rs_page_bg_color":"","slide_template_v7":"","inline_featured_image":false,"_monsterinsights_skip_tracking":false,"_monsterinsights_sitenote_active":false,"_monsterinsights_sitenote_note":"","_monsterinsights_sitenote_category":0},"product_brand":[],"product_cat":[127],"product_tag":[],"class_list":{"0":"post-96036","1":"product","2":"type-product","3":"status-publish","4":"has-post-thumbnail","6":"product_cat-novella-contemporania","8":"first","9":"instock","10":"taxable","11":"shipping-taxable","12":"purchasable","13":"product-type-simple"},"acf":{"editorial":[{"ID":6242,"post_author":"3","post_date":"2022-07-28 17:48:01","post_date_gmt":"2022-07-28 15:48:01","post_content":"","post_title":"Enciclop\u00e8dia Catalana","post_excerpt":"","post_status":"publish","comment_status":"closed","ping_status":"closed","post_password":"","post_name":"enciclopedia-catalana","to_ping":"","pinged":"","post_modified":"2022-07-28 17:48:01","post_modified_gmt":"2022-07-28 15:48:01","post_content_filtered":"","post_parent":0,"guid":"http:\/\/dev.claret.cat\/editorial\/enciclopedia-catalana\/","menu_order":0,"post_type":"editorial","post_mime_type":"","comment_count":"0","filter":"raw"}],"autor":"GARC\u00cdA TUR, V\u00cdCTOR","codart":"844123228","libros-coleccion":"Enciclop\u00e8dia","ediciones":"1","encuadernacion":"R\u00fastica","fecha_de_publicacion":"01\/02\/2021","novedad":"1","paginas":"426","subtitulo":"PREMI SANT JORDI","orden":"0","portada":"0","idioma":"cat","autores-libros":[{"ID":171006,"post_author":"3","post_date":"2022-10-14 22:39:56","post_date_gmt":"2022-10-14 20:39:56","post_content":"","post_title":"VICTOR GARCIA TUR","post_excerpt":"","post_status":"publish","comment_status":"closed","ping_status":"closed","post_password":"","post_name":"victor-garcia-tur","to_ping":"","pinged":"","post_modified":"2022-10-14 22:39:56","post_modified_gmt":"2022-10-14 20:39:56","post_content_filtered":"","post_parent":0,"guid":"http:\/\/dev.claret.cat\/autor\/victor-garcia-tur\/","menu_order":0,"post_type":"autor","post_mime_type":"","comment_count":"0","filter":"raw"}]},"aioseo_notices":[],"_links":{"self":[{"href":"https:\/\/www.claret.cat\/es\/wp-json\/wp\/v2\/product\/96036","targetHints":{"allow":["GET"]}}],"collection":[{"href":"https:\/\/www.claret.cat\/es\/wp-json\/wp\/v2\/product"}],"about":[{"href":"https:\/\/www.claret.cat\/es\/wp-json\/wp\/v2\/types\/product"}],"wp:featuredmedia":[{"embeddable":true,"href":"https:\/\/www.claret.cat\/es\/wp-json\/wp\/v2\/media\/96037"}],"wp:attachment":[{"href":"https:\/\/www.claret.cat\/es\/wp-json\/wp\/v2\/media?parent=96036"}],"wp:term":[{"taxonomy":"product_brand","embeddable":true,"href":"https:\/\/www.claret.cat\/es\/wp-json\/wp\/v2\/product_brand?post=96036"},{"taxonomy":"product_cat","embeddable":true,"href":"https:\/\/www.claret.cat\/es\/wp-json\/wp\/v2\/product_cat?post=96036"},{"taxonomy":"product_tag","embeddable":true,"href":"https:\/\/www.claret.cat\/es\/wp-json\/wp\/v2\/product_tag?post=96036"}],"curies":[{"name":"wp","href":"https:\/\/api.w.org\/{rel}","templated":true}]}}