{"id":960360,"date":"2024-04-04T13:50:43","date_gmt":"2024-04-04T11:50:43","guid":{"rendered":"https:\/\/www.claret.cat\/llibre\/mobils-i-pantalles-a-les-infancies-i-adolescencies-9788410054790\/"},"modified":"2024-04-05T10:46:46","modified_gmt":"2024-04-05T08:46:46","slug":"mobils-i-pantalles-a-les-infancies-i-adolescencies-9788410054790","status":"publish","type":"product","link":"https:\/\/www.claret.cat\/es\/libro\/mobils-i-pantalles-a-les-infancies-i-adolescencies-9788410054790\/","title":{"rendered":"M\u00d2BILS I PANTALLES A LES INF\u00c0NCIES I ADOLESC\u00c8NCIES"},"content":{"rendered":"<p>La manera com anomenem el que els passa als infants i els adolescents t\u00e9 unes conseq\u00fc\u00e8ncies, en les seves vides i en la nostra possibilitat d&#8221;interlocuci\u00f3 amb ells. No \u00e9s el mateix definir la seva relaci\u00f3 amb els gadgets (pantalles, m\u00f2bils, consoles) en termes d&#8221;addicci\u00f3 que al\u00b7ludint al vincle amor\u00f3s (que no exclou la seva dosi de patologia) que mantenen amb aquests objectes. Addictes que interactuen a tota hora amb altres persones perqu\u00e8 no en tenen prou amb l&#8221;objecte? Sembla una paradoxa. Proposem suspendre aquests qualificatius i substituir-los per una pregunta: s\u00f3n addictes o amants? Aix\u00f2 ens ajudar\u00e0 a llegir les seves vides amb claus del segle XXI i acollir la diversitat de situacions que una etiqueta r\u00e0pida (\u00abaddictes\u00bb) esborra d&#8221;un cop de ploma, com si tots els usos i tots els casos fossin iguals. El llibre planteja algunes estrat\u00e8gies per acompanyar-los en els bons usos del digital.<\/p>\n","protected":false},"excerpt":{"rendered":"<p>JOS\u00c9 R., UBIETO<\/p>\n","protected":false},"featured_media":960497,"template":"","meta":{"_acf_changed":false,"om_disable_all_campaigns":false,"rs_blank_template":"","rs_page_bg_color":"","slide_template_v7":"","inline_featured_image":false,"_monsterinsights_skip_tracking":false,"_monsterinsights_sitenote_active":false,"_monsterinsights_sitenote_note":"","_monsterinsights_sitenote_category":0},"product_brand":[],"product_cat":[376,178],"product_tag":[],"class_list":{"0":"post-960360","1":"product","2":"type-product","3":"status-publish","4":"has-post-thumbnail","6":"product_cat-autores-psicologia-2_humanidades","7":"product_cat-autors-psicologia","9":"first","10":"instock","11":"taxable","12":"shipping-taxable","13":"purchasable","14":"product-type-simple"},"acf":{"autor":"JOS\u00c9 R., UBIETO","codart":"841005479","libros-coleccion":"FORA DE COL.LECCI\u00d3","ediciones":"1","encuadernacion":"R\u00fastica","fecha_de_publicacion":"01\/03\/2024","novedad":"1","paginas":"175","subtitulo":"ADDICTES O AMANTS?","orden":"0","portada":"0","idioma":"cat","editorial":[{"ID":148014,"post_author":"3","post_date":"2022-10-14 11:54:58","post_date_gmt":"2022-10-14 09:54:58","post_content":"","post_title":"Editorial Octaedro","post_excerpt":"","post_status":"publish","comment_status":"closed","ping_status":"closed","post_password":"","post_name":"editorial-octaedro","to_ping":"","pinged":"","post_modified":"2022-10-14 11:54:58","post_modified_gmt":"2022-10-14 09:54:58","post_content_filtered":"","post_parent":0,"guid":"http:\/\/dev.claret.cat\/editorial\/editorial-octaedro\/","menu_order":0,"post_type":"editorial","post_mime_type":"","comment_count":"0","filter":"raw"}]},"aioseo_notices":[],"_links":{"self":[{"href":"https:\/\/www.claret.cat\/es\/wp-json\/wp\/v2\/product\/960360","targetHints":{"allow":["GET"]}}],"collection":[{"href":"https:\/\/www.claret.cat\/es\/wp-json\/wp\/v2\/product"}],"about":[{"href":"https:\/\/www.claret.cat\/es\/wp-json\/wp\/v2\/types\/product"}],"wp:featuredmedia":[{"embeddable":true,"href":"https:\/\/www.claret.cat\/es\/wp-json\/wp\/v2\/media\/960497"}],"wp:attachment":[{"href":"https:\/\/www.claret.cat\/es\/wp-json\/wp\/v2\/media?parent=960360"}],"wp:term":[{"taxonomy":"product_brand","embeddable":true,"href":"https:\/\/www.claret.cat\/es\/wp-json\/wp\/v2\/product_brand?post=960360"},{"taxonomy":"product_cat","embeddable":true,"href":"https:\/\/www.claret.cat\/es\/wp-json\/wp\/v2\/product_cat?post=960360"},{"taxonomy":"product_tag","embeddable":true,"href":"https:\/\/www.claret.cat\/es\/wp-json\/wp\/v2\/product_tag?post=960360"}],"curies":[{"name":"wp","href":"https:\/\/api.w.org\/{rel}","templated":true}]}}