{"id":960590,"date":"2024-04-05T14:20:03","date_gmt":"2024-04-05T12:20:03","guid":{"rendered":"https:\/\/www.claret.cat\/llibre\/el-discipulo-queer-jesus-amaba-9788883331558\/"},"modified":"2024-04-05T16:30:49","modified_gmt":"2024-04-05T14:30:49","slug":"el-discipulo-queer-jesus-amaba-9788883331558","status":"publish","type":"product","link":"https:\/\/www.claret.cat\/es\/libro\/el-discipulo-queer-jesus-amaba-9788883331558\/","title":{"rendered":"EL DISC\u00cdPULO QUE[ER] JES\u00daS AMABA"},"content":{"rendered":"<p>Carlos Osma nos ofrece en este libro una lectura original e innovadora de las siete escenas del Cuarto Evangelio donde aparece &#8216;El disc\u00edpulo que[er] Jes\u00fas amaba&#8217;. Una lectura que \u00e9l mismo define como narratol\u00f3gica-queer. Es decir, que se sirve tanto de las aportacines de te\u00f3logues que llevan a\u00f1os utilizando el m\u00e9todo narratol\u00f3gico para analizar el Cuarto Evangelio, como de pensadoras y autores queer que realizan una cr\u00edtica del statu quo y a quienes se benefician de \u00e9l. Una invitaci\u00f3n para que las lectoras nos dejemos sorprender mientras caminamos entre las escenas del Cuarto Evangelio donde &#8216;El disc\u00edpulo que[er] Jes\u00fas amaba&#8217; nos acompa\u00f1a en el seguimiento de Jes\u00fas.<\/p>\n","protected":false},"excerpt":{"rendered":"<p>OSMA, CARLOS<\/p>\n","protected":false},"featured_media":960606,"template":"","meta":{"_acf_changed":false,"om_disable_all_campaigns":false,"rs_blank_template":"","rs_page_bg_color":"","slide_template_v7":"","inline_featured_image":false,"_monsterinsights_skip_tracking":false,"_monsterinsights_sitenote_active":false,"_monsterinsights_sitenote_note":"","_monsterinsights_sitenote_category":0},"product_brand":[],"product_cat":[92,542],"product_tag":[],"class_list":{"0":"post-960590","1":"product","2":"type-product","3":"status-publish","4":"has-post-thumbnail","6":"product_cat-vida-religiosa","7":"product_cat-vida-religiosa-1_espiritualidad-spa","9":"first","10":"instock","11":"taxable","12":"shipping-taxable","13":"purchasable","14":"product-type-simple"},"acf":{"autor":"OSMA, CARLOS","codart":"888333155","libros-coleccion":"","ediciones":"1","encuadernacion":"R\u00fastica","fecha_de_publicacion":"05\/04\/2024","novedad":"1","paginas":"270","subtitulo":"","orden":"0","portada":"0","idioma":"spa","editorial":[{"ID":960593,"post_author":"3","post_date":"2024-04-05 14:25:01","post_date_gmt":"2024-04-05 12:25:01","post_content":"","post_title":"EDICIONES HOMOPROTESTANTES","post_excerpt":"","post_status":"publish","comment_status":"closed","ping_status":"closed","post_password":"","post_name":"ediciones-homoprotestantes","to_ping":"","pinged":"","post_modified":"2024-04-05 14:25:01","post_modified_gmt":"2024-04-05 12:25:01","post_content_filtered":"","post_parent":0,"guid":"https:\/\/www.claret.cat\/editorial\/ediciones-homoprotestantes\/","menu_order":0,"post_type":"editorial","post_mime_type":"","comment_count":"0","filter":"raw"}]},"aioseo_notices":[],"_links":{"self":[{"href":"https:\/\/www.claret.cat\/es\/wp-json\/wp\/v2\/product\/960590","targetHints":{"allow":["GET"]}}],"collection":[{"href":"https:\/\/www.claret.cat\/es\/wp-json\/wp\/v2\/product"}],"about":[{"href":"https:\/\/www.claret.cat\/es\/wp-json\/wp\/v2\/types\/product"}],"wp:featuredmedia":[{"embeddable":true,"href":"https:\/\/www.claret.cat\/es\/wp-json\/wp\/v2\/media\/960606"}],"wp:attachment":[{"href":"https:\/\/www.claret.cat\/es\/wp-json\/wp\/v2\/media?parent=960590"}],"wp:term":[{"taxonomy":"product_brand","embeddable":true,"href":"https:\/\/www.claret.cat\/es\/wp-json\/wp\/v2\/product_brand?post=960590"},{"taxonomy":"product_cat","embeddable":true,"href":"https:\/\/www.claret.cat\/es\/wp-json\/wp\/v2\/product_cat?post=960590"},{"taxonomy":"product_tag","embeddable":true,"href":"https:\/\/www.claret.cat\/es\/wp-json\/wp\/v2\/product_tag?post=960590"}],"curies":[{"name":"wp","href":"https:\/\/api.w.org\/{rel}","templated":true}]}}