{"id":960594,"date":"2024-04-05T16:25:02","date_gmt":"2024-04-05T14:25:02","guid":{"rendered":"https:\/\/www.claret.cat\/llibre\/lovecraft-cat-9788412609899\/"},"modified":"2024-04-08T18:05:51","modified_gmt":"2024-04-08T16:05:51","slug":"lovecraft-cat-9788412609899","status":"publish","type":"product","link":"https:\/\/www.claret.cat\/es\/libro\/lovecraft-cat-9788412609899\/","title":{"rendered":"LOVECRAFT (CAT)"},"content":{"rendered":"<p>L\u2019evoluci\u00f3 liter\u00e0ria de H.P. Lovecraft va experimentar tres per\u00edodes. Del 1905 al 1920 va tenir una primera fase g\u00f2tica, a la qual va seguir una etapa on\u00edrica fins al 1927, i una fase final en la qual el cosmos es va presentar com un tot immens i hostil. La seva fosca obra \u00e9s un reflex de la seva vida, la qual va triar transitar a\u00efllat com ermit\u00e0 i abstret en els seus extravagants universos literaris. Va ser un creador de mons paral\u00b7lels amb els quals va aconseguir sublimar el seu immens dolor i creativitat.<br \/>Al minillibre Lovecraft -Contes de terror- hi vam reunir quatre relats curts, representants d\u2019un estil que segueix sumant adeptes amb el pas dels anys.<\/p>\n<p>El 20 d\u2019agost de 1890 va n\u00e9ixer a Providence, Estats Units, H. P. Lovecraft, que es convertiria en un dels majors contistes de terror i ci\u00e8ncia ficci\u00f3 de tot el m\u00f3n.<br \/>Amant dels gelats i els gats, va ser protagonista d\u2019una inf\u00e0ncia dif\u00edcil amb un pare mort de primerenca edat i una mare sobreprotectora. Aquests fets van fer que al jove Howard Phillips li cost\u00e9s relacionar-se amb el seu entorn, el port\u00e9s a evadir-se de l\u2019estricte dogma matern i es refugi\u00e9s en paratges solitaris fent cr\u00e9ixer una f\u00e8rtil imaginaci\u00f3.<br \/>De la m\u00e0 del seu avi va con\u00e8ixer el plaer de freq\u00fcentar per llargues hores les biblioteques, on la mitologia cl\u00e0ssica o els antics contes de l\u2019Orient l\u2019inspiren per desenvolupar el futur ofici.<br \/>La seva prodigiosa curiositat intel\u00b7lectual el va portar a plasmar els primers escrits als 6 anys. Influenciat pel g\u00e8nere polic\u00edac als 13 anys va crear una Ag\u00e8ncia de Detectius i als 15 va escriure el seu primer relat: La b\u00e8stia a la cova. Ja en la seva etapa adulta crearia l\u2019anomenat Cercle de Lovecraft, una particular associaci\u00f3 on els autors compartien les seves idees a trav\u00e9s d\u2019un pseud\u00f2nim, i on desenvoluparia el seu particular m\u00f3n literari.<br \/>Fruit d\u2019un divorci, va ser enva\u00eft per una profunda sensaci\u00f3 de solitud i frustraci\u00f3, i va escriure en aquesta etapa les seves obres m\u00e9s importants, inscrites al fam\u00f3s cicle dels Mites de Cthulhu.<br \/>El 15 de mar\u00e7 de 1937, moria a l\u2019anonimat ia la pobresa m\u00e9s absoluta.<br \/>Amo d\u2019una mitologia pr\u00f2pia, els seus relats es van encarregar d\u2019enlairar-lo com un dels autors m\u00e9s imaginatius i foscos del segle XX.<br \/>Presentem al minillibre Lovecraft -Contes de terror- els relats La decisi\u00f3 de Randolph Carter, La clau de plata, Fets tocants al difunt Arthur Jermyn i la seva fam\u00edlia i l\u2019aclamat Dag\u00f3n.<\/p>\n<p>Detalls del minillibre Lovecraft -Contes de terror-<br \/>300 p\u00e0gines<br \/>6cm x 5cm<br \/>Tapa tova<\/p>\n","protected":false},"excerpt":{"rendered":"<p>LOVECRAFT, H.P.<\/p>\n","protected":false},"featured_media":960595,"template":"","meta":{"_acf_changed":false,"om_disable_all_campaigns":false,"rs_blank_template":"","rs_page_bg_color":"","slide_template_v7":"","inline_featured_image":false,"_monsterinsights_skip_tracking":false,"_monsterinsights_sitenote_active":false,"_monsterinsights_sitenote_note":"","_monsterinsights_sitenote_category":0},"product_brand":[],"product_cat":[105,555],"product_tag":[],"class_list":{"0":"post-960594","1":"product","2":"type-product","3":"status-publish","4":"has-post-thumbnail","6":"product_cat-regal","7":"product_cat-regalo","9":"first","10":"instock","11":"taxable","12":"shipping-taxable","13":"purchasable","14":"product-type-simple"},"acf":{"autor":"LOVECRAFT, H.P.","codart":"841260989","libros-coleccion":"","ediciones":"1","encuadernacion":"R\u00fastica","fecha_de_publicacion":"01\/10\/2022","novedad":"1","paginas":"300","subtitulo":"CONTES DE TERROR","orden":"0","portada":"0","idioma":"cat","editorial":[{"ID":147579,"post_author":"3","post_date":"2022-10-14 11:51:39","post_date_gmt":"2022-10-14 09:51:39","post_content":"","post_title":"Caballo Regalado","post_excerpt":"","post_status":"publish","comment_status":"closed","ping_status":"closed","post_password":"","post_name":"caballo-regalado","to_ping":"","pinged":"","post_modified":"2022-10-14 11:51:39","post_modified_gmt":"2022-10-14 09:51:39","post_content_filtered":"","post_parent":0,"guid":"http:\/\/dev.claret.cat\/editorial\/caballo-regalado\/","menu_order":0,"post_type":"editorial","post_mime_type":"","comment_count":"0","filter":"raw"}]},"aioseo_notices":[],"_links":{"self":[{"href":"https:\/\/www.claret.cat\/es\/wp-json\/wp\/v2\/product\/960594","targetHints":{"allow":["GET"]}}],"collection":[{"href":"https:\/\/www.claret.cat\/es\/wp-json\/wp\/v2\/product"}],"about":[{"href":"https:\/\/www.claret.cat\/es\/wp-json\/wp\/v2\/types\/product"}],"wp:featuredmedia":[{"embeddable":true,"href":"https:\/\/www.claret.cat\/es\/wp-json\/wp\/v2\/media\/960595"}],"wp:attachment":[{"href":"https:\/\/www.claret.cat\/es\/wp-json\/wp\/v2\/media?parent=960594"}],"wp:term":[{"taxonomy":"product_brand","embeddable":true,"href":"https:\/\/www.claret.cat\/es\/wp-json\/wp\/v2\/product_brand?post=960594"},{"taxonomy":"product_cat","embeddable":true,"href":"https:\/\/www.claret.cat\/es\/wp-json\/wp\/v2\/product_cat?post=960594"},{"taxonomy":"product_tag","embeddable":true,"href":"https:\/\/www.claret.cat\/es\/wp-json\/wp\/v2\/product_tag?post=960594"}],"curies":[{"name":"wp","href":"https:\/\/api.w.org\/{rel}","templated":true}]}}