{"id":96060,"date":"2022-10-12T06:52:56","date_gmt":"2022-10-12T04:52:56","guid":{"rendered":"http:\/\/dev.claret.cat\/producte\/la-sabiduria-picara\/"},"modified":"2023-01-28T02:38:55","modified_gmt":"2023-01-28T01:38:55","slug":"la-sabiduria-picara-9788416737901","status":"publish","type":"product","link":"https:\/\/www.claret.cat\/es\/libro\/la-sabiduria-picara-9788416737901\/","title":{"rendered":"LA SABIDUR\u00cdA P\u00cdCARA"},"content":{"rendered":"<p>\u00bfQu\u00e9 hacer con las heridas profundas del alma y los traumas que se resisten? \u00bfC\u00f3mo integrar el dolor y la tragedia en la historia personal? Jollien fue diagnosticado con una par\u00e1lisis cerebral nada m\u00e1s nacer, pero su actitud resiliente y el amor por la filosof\u00eda le permitieron afrontar las limitaciones y sobreponerse a las dificultades para avanzar y brillar. Ya lo dijo Zaratustra: \u00abes preciso tener todav\u00eda caos dentro de s\u00ed para poder dar a luz una estrella danzarina\u00bb.<br \/> Jollien acogi\u00f3 sin miedo al caos ps\u00edquico y al dolor cr\u00f3nico a la vez que busc\u00f3 un estilo de vida alegre y un saber humanista que le ayudara a superar lo tr\u00e1gico. Su viaje le llev\u00f3 a veces a tomar caminos inesperados, como dialogar con los estoicos, Ch\u00f6gyam Trungpa, Rousseau, Spinoza, Bukowski y Nietzsche, entre otros.<br \/> Jollien ha elegido la forma de diario para compartir estos caminos y ofrecer una suerte de tratado de sabidur\u00eda p\u00edcara. Un palpitante libro de filosof\u00eda pr\u00e1ctica que dibuja un brillante arte de vivir surgido del caos y las profundidades del ser.<\/p>\n","protected":false},"excerpt":{"rendered":"<p>JOLLIEN, ALEXANDRE<\/p>\n","protected":false},"featured_media":96061,"template":"","meta":{"_acf_changed":false,"om_disable_all_campaigns":false,"rs_blank_template":"","rs_page_bg_color":"","slide_template_v7":"","inline_featured_image":false,"_monsterinsights_skip_tracking":false,"_monsterinsights_sitenote_active":false,"_monsterinsights_sitenote_note":"","_monsterinsights_sitenote_category":0},"product_brand":[],"product_cat":[166],"product_tag":[],"class_list":{"0":"post-96060","1":"product","2":"type-product","3":"status-publish","4":"has-post-thumbnail","6":"product_cat-autors-filosofia","8":"first","9":"instock","10":"taxable","11":"shipping-taxable","12":"purchasable","13":"product-type-simple"},"acf":{"editorial":[{"ID":148596,"post_author":"3","post_date":"2022-10-14 11:59:29","post_date_gmt":"2022-10-14 09:59:29","post_content":"","post_title":"Nuevos Emprendimientos (NED)","post_excerpt":"","post_status":"publish","comment_status":"closed","ping_status":"closed","post_password":"","post_name":"nuevos-emprendimientos-ned","to_ping":"","pinged":"","post_modified":"2022-10-14 11:59:29","post_modified_gmt":"2022-10-14 09:59:29","post_content_filtered":"","post_parent":0,"guid":"http:\/\/dev.claret.cat\/editorial\/nuevos-emprendimientos-ned\/","menu_order":0,"post_type":"editorial","post_mime_type":"","comment_count":"0","filter":"raw"}],"autores-libros":[{"ID":149716,"post_author":"3","post_date":"2022-10-14 14:27:08","post_date_gmt":"2022-10-14 12:27:08","post_content":"","post_title":"ALEXANDRE JOLLIEN","post_excerpt":"","post_status":"publish","comment_status":"closed","ping_status":"closed","post_password":"","post_name":"alexandre-jollien","to_ping":"","pinged":"","post_modified":"2022-10-14 14:27:08","post_modified_gmt":"2022-10-14 12:27:08","post_content_filtered":"","post_parent":0,"guid":"http:\/\/dev.claret.cat\/autor\/alexandre-jollien\/","menu_order":0,"post_type":"autor","post_mime_type":"","comment_count":"0","filter":"raw"}],"autor":"JOLLIEN, ALEXANDRE","codart":"841673790","libros-coleccion":"FORA DE COL.LECCI\u00d3","ediciones":"1","encuadernacion":"R\u00fastica","fecha_de_publicacion":"01\/02\/2021","novedad":"1","paginas":"240","subtitulo":"","orden":"0","portada":"0","idioma":"spa"},"aioseo_notices":[],"_links":{"self":[{"href":"https:\/\/www.claret.cat\/es\/wp-json\/wp\/v2\/product\/96060","targetHints":{"allow":["GET"]}}],"collection":[{"href":"https:\/\/www.claret.cat\/es\/wp-json\/wp\/v2\/product"}],"about":[{"href":"https:\/\/www.claret.cat\/es\/wp-json\/wp\/v2\/types\/product"}],"wp:featuredmedia":[{"embeddable":true,"href":"https:\/\/www.claret.cat\/es\/wp-json\/wp\/v2\/media\/96061"}],"wp:attachment":[{"href":"https:\/\/www.claret.cat\/es\/wp-json\/wp\/v2\/media?parent=96060"}],"wp:term":[{"taxonomy":"product_brand","embeddable":true,"href":"https:\/\/www.claret.cat\/es\/wp-json\/wp\/v2\/product_brand?post=96060"},{"taxonomy":"product_cat","embeddable":true,"href":"https:\/\/www.claret.cat\/es\/wp-json\/wp\/v2\/product_cat?post=96060"},{"taxonomy":"product_tag","embeddable":true,"href":"https:\/\/www.claret.cat\/es\/wp-json\/wp\/v2\/product_tag?post=96060"}],"curies":[{"name":"wp","href":"https:\/\/api.w.org\/{rel}","templated":true}]}}