{"id":96066,"date":"2022-10-12T06:53:01","date_gmt":"2022-10-12T04:53:01","guid":{"rendered":"http:\/\/dev.claret.cat\/producte\/nietzsche\/"},"modified":"2026-01-28T13:10:17","modified_gmt":"2026-01-28T12:10:17","slug":"nietzsche-9788417786311","status":"publish","type":"product","link":"https:\/\/www.claret.cat\/es\/libro\/nietzsche-9788417786311\/","title":{"rendered":"NIETZSCHE"},"content":{"rendered":"<p>Este volumen, que recorre el pensamiento de Nietzsche en todas sus vertientes, incluye una entrevista con el  especialista en el pensador alem\u00e1n y profesor Jorge Polo Blanco (autor del libro Anti-Nietzsche. La crueldad de  lo pol\u00edtico, publicado en Taugenit), as\u00ed como con el estudioso de la obra nietzscheana Toni Ll\u00e1cer.    El pensamiento de Friedrich Nietzsche es dinamita. \u00c9l mismo lo explica en su libro Ecce homo. Piensa, escribe y hace saltar por los aires todo lo que hasta ese momento hay y se cree: la confianza en la raz\u00f3n y la verdad, en los valores, en la fe, en el propio ser humano. Y retrata un mundo sin convicciones. \u00abUn nihilista es alguien que prefiere creer en la nada a no creer en nada\u00bb, dice el fil\u00f3logo-fil\u00f3sofo para quien la muerte de Dios, que \u00e9l mismo anuncia, nos deja hu\u00e9rfanos de referentes e instalados en un enorme vac\u00edo. Repasamos la vida, la obra y las ideas de este pensador que muri\u00f3 sin ser consciente ?\u00bfo si\u00e9ndolo?? de la enorme influencia que tendr\u00eda en los siglos XX y XXI.<\/p>\n","protected":false},"excerpt":{"rendered":"<p>FILCO<\/p>\n","protected":false},"featured_media":96067,"template":"","meta":{"_acf_changed":false,"om_disable_all_campaigns":false,"rs_blank_template":"","rs_page_bg_color":"","slide_template_v7":"","inline_featured_image":false,"_monsterinsights_skip_tracking":false,"_monsterinsights_sitenote_active":false,"_monsterinsights_sitenote_note":"","_monsterinsights_sitenote_category":0},"product_brand":[],"product_cat":[373,166],"product_tag":[],"class_list":{"0":"post-96066","1":"product","2":"type-product","3":"status-publish","4":"has-post-thumbnail","6":"product_cat-autores","7":"product_cat-autors-filosofia","9":"first","10":"instock","11":"taxable","12":"shipping-taxable","13":"purchasable","14":"product-type-simple"},"acf":{"autor":"FILCO","codart":"841778631","libros-coleccion":"FORA DE COL.LECCI\u00d3","ediciones":"1","encuadernacion":"R\u00fastica","fecha_de_publicacion":"01\/02\/2021","novedad":"1","paginas":"88","subtitulo":"","orden":"0","portada":"0","idioma":"spa","editorial":[{"ID":148859,"post_author":"3","post_date":"2022-10-14 12:01:33","post_date_gmt":"2022-10-14 10:01:33","post_content":"","post_title":"TAUGENIT","post_excerpt":"","post_status":"publish","comment_status":"closed","ping_status":"closed","post_password":"","post_name":"taugenit","to_ping":"","pinged":"","post_modified":"2022-10-14 12:01:33","post_modified_gmt":"2022-10-14 10:01:33","post_content_filtered":"","post_parent":0,"guid":"http:\/\/dev.claret.cat\/editorial\/taugenit\/","menu_order":0,"post_type":"editorial","post_mime_type":"","comment_count":"0","filter":"raw"}],"autores-libros":[{"ID":155929,"post_author":"3","post_date":"2022-10-14 15:16:45","post_date_gmt":"2022-10-14 13:16:45","post_content":"","post_title":"FILCO","post_excerpt":"","post_status":"publish","comment_status":"closed","ping_status":"closed","post_password":"","post_name":"filco","to_ping":"","pinged":"","post_modified":"2022-10-14 15:16:45","post_modified_gmt":"2022-10-14 13:16:45","post_content_filtered":"","post_parent":0,"guid":"http:\/\/dev.claret.cat\/autor\/filco\/","menu_order":0,"post_type":"autor","post_mime_type":"","comment_count":"0","filter":"raw"}],"booktrailer":"","resenas":""},"aioseo_notices":[],"_links":{"self":[{"href":"https:\/\/www.claret.cat\/es\/wp-json\/wp\/v2\/product\/96066","targetHints":{"allow":["GET"]}}],"collection":[{"href":"https:\/\/www.claret.cat\/es\/wp-json\/wp\/v2\/product"}],"about":[{"href":"https:\/\/www.claret.cat\/es\/wp-json\/wp\/v2\/types\/product"}],"wp:featuredmedia":[{"embeddable":true,"href":"https:\/\/www.claret.cat\/es\/wp-json\/wp\/v2\/media\/96067"}],"wp:attachment":[{"href":"https:\/\/www.claret.cat\/es\/wp-json\/wp\/v2\/media?parent=96066"}],"wp:term":[{"taxonomy":"product_brand","embeddable":true,"href":"https:\/\/www.claret.cat\/es\/wp-json\/wp\/v2\/product_brand?post=96066"},{"taxonomy":"product_cat","embeddable":true,"href":"https:\/\/www.claret.cat\/es\/wp-json\/wp\/v2\/product_cat?post=96066"},{"taxonomy":"product_tag","embeddable":true,"href":"https:\/\/www.claret.cat\/es\/wp-json\/wp\/v2\/product_tag?post=96066"}],"curies":[{"name":"wp","href":"https:\/\/api.w.org\/{rel}","templated":true}]}}