{"id":960667,"date":"2024-04-05T17:55:07","date_gmt":"2024-04-05T15:55:07","guid":{"rendered":"https:\/\/www.claret.cat\/llibre\/de-que-te-ries-tapa-dura-9788412680676\/"},"modified":"2024-04-08T18:06:35","modified_gmt":"2024-04-08T16:06:35","slug":"de-que-te-ries-tapa-dura-9788412680676","status":"publish","type":"product","link":"https:\/\/www.claret.cat\/es\/libro\/de-que-te-ries-tapa-dura-9788412680676\/","title":{"rendered":"\u00bfDE QU\u00c9 TE R\u00cdES? &#8211; TAPA DURA"},"content":{"rendered":"<p>Nos gust\u00f3 esta frase:<br \/>\u201cDefinir el humor es como pretender pinchar una mariposa con el palo de un tel\u00e9grafo.\u201d<br \/>Y ah\u00ed lo dejamos.<\/p>\n","protected":false},"excerpt":{"rendered":"<p>CABALLO REGALADO<\/p>\n","protected":false},"featured_media":960668,"template":"","meta":{"_acf_changed":false,"om_disable_all_campaigns":false,"rs_blank_template":"","rs_page_bg_color":"","slide_template_v7":"","inline_featured_image":false,"_monsterinsights_skip_tracking":false,"_monsterinsights_sitenote_active":false,"_monsterinsights_sitenote_note":"","_monsterinsights_sitenote_category":0},"product_brand":[],"product_cat":[105,555],"product_tag":[],"class_list":{"0":"post-960667","1":"product","2":"type-product","3":"status-publish","4":"has-post-thumbnail","6":"product_cat-regal","7":"product_cat-regalo","9":"first","10":"instock","11":"taxable","12":"shipping-taxable","13":"purchasable","14":"product-type-simple"},"acf":{"autor":"CABALLO REGALADO","codart":"841268067","libros-coleccion":"","ediciones":"1","encuadernacion":"Carton\u00e9","fecha_de_publicacion":"01\/07\/2023","novedad":"1","paginas":"300","subtitulo":"CHISTES PARA ADULTOS","orden":"0","portada":"0","idioma":"spa","editorial":[{"ID":147579,"post_author":"3","post_date":"2022-10-14 11:51:39","post_date_gmt":"2022-10-14 09:51:39","post_content":"","post_title":"Caballo Regalado","post_excerpt":"","post_status":"publish","comment_status":"closed","ping_status":"closed","post_password":"","post_name":"caballo-regalado","to_ping":"","pinged":"","post_modified":"2022-10-14 11:51:39","post_modified_gmt":"2022-10-14 09:51:39","post_content_filtered":"","post_parent":0,"guid":"http:\/\/dev.claret.cat\/editorial\/caballo-regalado\/","menu_order":0,"post_type":"editorial","post_mime_type":"","comment_count":"0","filter":"raw"}]},"aioseo_notices":[],"_links":{"self":[{"href":"https:\/\/www.claret.cat\/es\/wp-json\/wp\/v2\/product\/960667","targetHints":{"allow":["GET"]}}],"collection":[{"href":"https:\/\/www.claret.cat\/es\/wp-json\/wp\/v2\/product"}],"about":[{"href":"https:\/\/www.claret.cat\/es\/wp-json\/wp\/v2\/types\/product"}],"wp:featuredmedia":[{"embeddable":true,"href":"https:\/\/www.claret.cat\/es\/wp-json\/wp\/v2\/media\/960668"}],"wp:attachment":[{"href":"https:\/\/www.claret.cat\/es\/wp-json\/wp\/v2\/media?parent=960667"}],"wp:term":[{"taxonomy":"product_brand","embeddable":true,"href":"https:\/\/www.claret.cat\/es\/wp-json\/wp\/v2\/product_brand?post=960667"},{"taxonomy":"product_cat","embeddable":true,"href":"https:\/\/www.claret.cat\/es\/wp-json\/wp\/v2\/product_cat?post=960667"},{"taxonomy":"product_tag","embeddable":true,"href":"https:\/\/www.claret.cat\/es\/wp-json\/wp\/v2\/product_tag?post=960667"}],"curies":[{"name":"wp","href":"https:\/\/api.w.org\/{rel}","templated":true}]}}