{"id":96069,"date":"2022-10-12T06:53:03","date_gmt":"2022-10-12T04:53:03","guid":{"rendered":"http:\/\/dev.claret.cat\/producte\/schopenhauer\/"},"modified":"2026-01-28T13:10:11","modified_gmt":"2026-01-28T12:10:11","slug":"schopenhauer-9788417786298","status":"publish","type":"product","link":"https:\/\/www.claret.cat\/es\/libro\/schopenhauer-9788417786298\/","title":{"rendered":"SCHOPENHAUER"},"content":{"rendered":"<p>Este volumen, que recorre el pensamiento de Schopenhauer en todas sus vertientes, incluye una entrevista con  el especialista en el pensador alem\u00e1n Carlos Javier Gonz\u00e1lez Serrano, presidente de la Sociedad de Estudios en  Espa\u00f1ol sobre Schopenhauer (SEES).    Arthur Schopenhauer (1788-1860) es sin duda uno de los fil\u00f3sofos menos atendidos y estudiados en nuestra lengua en entornos acad\u00e9micos y, sin embargo, uno de los pensadores m\u00e1s le\u00eddos por el p\u00fablico general. Un aut\u00e9ntico bestseller. Este libro introductorio pero muy completo se adentra en los hondos y ricos pasadizos de sus obras, en los que, a pesar de su fama pesimista y fatalista, podemos encontrar un pesimismo que redime y nos ayuda a afrontar los dilemas de la existencia.<\/p>\n","protected":false},"excerpt":{"rendered":"<p>FILCO<\/p>\n","protected":false},"featured_media":96070,"template":"","meta":{"_acf_changed":false,"om_disable_all_campaigns":false,"rs_blank_template":"","rs_page_bg_color":"","slide_template_v7":"","inline_featured_image":false,"_monsterinsights_skip_tracking":false,"_monsterinsights_sitenote_active":false,"_monsterinsights_sitenote_note":"","_monsterinsights_sitenote_category":0},"product_brand":[],"product_cat":[373,166],"product_tag":[],"class_list":{"0":"post-96069","1":"product","2":"type-product","3":"status-publish","4":"has-post-thumbnail","6":"product_cat-autores","7":"product_cat-autors-filosofia","9":"first","10":"instock","11":"taxable","12":"shipping-taxable","13":"purchasable","14":"product-type-simple"},"acf":{"autor":"FILCO","codart":"841778629","libros-coleccion":"FORA DE COL.LECCI\u00d3","ediciones":"1","encuadernacion":"R\u00fastica","fecha_de_publicacion":"01\/02\/2021","novedad":"1","paginas":"72","subtitulo":"","orden":"0","portada":"0","idioma":"spa","editorial":[{"ID":148859,"post_author":"3","post_date":"2022-10-14 12:01:33","post_date_gmt":"2022-10-14 10:01:33","post_content":"","post_title":"TAUGENIT","post_excerpt":"","post_status":"publish","comment_status":"closed","ping_status":"closed","post_password":"","post_name":"taugenit","to_ping":"","pinged":"","post_modified":"2022-10-14 12:01:33","post_modified_gmt":"2022-10-14 10:01:33","post_content_filtered":"","post_parent":0,"guid":"http:\/\/dev.claret.cat\/editorial\/taugenit\/","menu_order":0,"post_type":"editorial","post_mime_type":"","comment_count":"0","filter":"raw"}],"autores-libros":[{"ID":155929,"post_author":"3","post_date":"2022-10-14 15:16:45","post_date_gmt":"2022-10-14 13:16:45","post_content":"","post_title":"FILCO","post_excerpt":"","post_status":"publish","comment_status":"closed","ping_status":"closed","post_password":"","post_name":"filco","to_ping":"","pinged":"","post_modified":"2022-10-14 15:16:45","post_modified_gmt":"2022-10-14 13:16:45","post_content_filtered":"","post_parent":0,"guid":"http:\/\/dev.claret.cat\/autor\/filco\/","menu_order":0,"post_type":"autor","post_mime_type":"","comment_count":"0","filter":"raw"}],"booktrailer":"","resenas":""},"aioseo_notices":[],"_links":{"self":[{"href":"https:\/\/www.claret.cat\/es\/wp-json\/wp\/v2\/product\/96069","targetHints":{"allow":["GET"]}}],"collection":[{"href":"https:\/\/www.claret.cat\/es\/wp-json\/wp\/v2\/product"}],"about":[{"href":"https:\/\/www.claret.cat\/es\/wp-json\/wp\/v2\/types\/product"}],"wp:featuredmedia":[{"embeddable":true,"href":"https:\/\/www.claret.cat\/es\/wp-json\/wp\/v2\/media\/96070"}],"wp:attachment":[{"href":"https:\/\/www.claret.cat\/es\/wp-json\/wp\/v2\/media?parent=96069"}],"wp:term":[{"taxonomy":"product_brand","embeddable":true,"href":"https:\/\/www.claret.cat\/es\/wp-json\/wp\/v2\/product_brand?post=96069"},{"taxonomy":"product_cat","embeddable":true,"href":"https:\/\/www.claret.cat\/es\/wp-json\/wp\/v2\/product_cat?post=96069"},{"taxonomy":"product_tag","embeddable":true,"href":"https:\/\/www.claret.cat\/es\/wp-json\/wp\/v2\/product_tag?post=96069"}],"curies":[{"name":"wp","href":"https:\/\/api.w.org\/{rel}","templated":true}]}}