{"id":960833,"date":"2024-04-08T12:45:49","date_gmt":"2024-04-08T10:45:49","guid":{"rendered":"https:\/\/www.claret.cat\/llibre\/tu-salud-empieza-aqui-9788425358975\/"},"modified":"2026-04-14T12:05:17","modified_gmt":"2026-04-14T10:05:17","slug":"tu-salud-empieza-aqui-9788425358975","status":"publish","type":"product","link":"https:\/\/www.claret.cat\/es\/libro\/tu-salud-empieza-aqui-9788425358975\/","title":{"rendered":"TU SALUD EMPIEZA AQU\u00cd"},"content":{"rendered":"<p>REVOLUCIONAR TU SALUD EST\u00c1 AHORA EN TUS MANOS.  Xevi Verdaguer fue el primero en hablar de microbiota. Ahora regresa para revolucionar nuestra salud y llevarla a un estado superior. El intestino tiene un papel vital en la conducta y las emociones, as\u00ed como en los sistemas nervioso, inmunitario y endocrino. Tanto es as\u00ed que de su equilibrio dependen tu salud f\u00edsica y mental, pero si adem\u00e1s no tienes en cuenta otros factores igual de importantes, nunca gozar\u00e1s de ese bienestar general. En este libro descubrir\u00e1s los \u00faltimos avances cient\u00edficos que velan por la vida y la salud de las personas. Si conoces lo que esconden tus gases y la relaci\u00f3n de la microbiota con el cerebro, con el sistema inmunitario y con el intestino, sabr\u00e1s c\u00f3mo detectar y paliar la temida inflamaci\u00f3n. Tambi\u00e9n aprender\u00e1s c\u00f3mo limpiar tu intestino y tu cerebro, y los beneficios de seguir los ritmos circadianos. El objetivo es motivarte a hacer cambios sostenibles proporcion\u00e1ndote herramientas y consejos que te convertir\u00e1n en una fuente de vitalidad y de inspiraci\u00f3n para los dem\u00e1s.<\/p>\n","protected":false},"excerpt":{"rendered":"<p>VERDAGUER, XEVI<\/p>\n","protected":false},"featured_media":960935,"template":"","meta":{"_acf_changed":false,"om_disable_all_campaigns":false,"rs_blank_template":"","rs_page_bg_color":"","slide_template_v7":"","inline_featured_image":false,"_monsterinsights_skip_tracking":false,"_monsterinsights_sitenote_active":false,"_monsterinsights_sitenote_note":"","_monsterinsights_sitenote_category":0},"product_brand":[],"product_cat":[547,97],"product_tag":[],"class_list":{"0":"post-960833","1":"product","2":"type-product","3":"status-publish","4":"has-post-thumbnail","6":"product_cat-salud","7":"product_cat-salut","9":"first","10":"instock","11":"taxable","12":"shipping-taxable","13":"purchasable","14":"product-type-simple"},"acf":{"autor":"VERDAGUER, XEVI","codart":"842535897","libros-coleccion":"FORA DE COL.LECCI\u00d3","ediciones":"1","encuadernacion":"R\u00fastica","fecha_de_publicacion":"01\/04\/2024","novedad":"1","paginas":"506","subtitulo":"APRENDE A CUIDARTE Y DISFRUTA DE UNA VIDA SANA","orden":"0","portada":"0","idioma":"spa","editorial":[{"ID":6263,"post_author":"3","post_date":"2022-07-28 17:48:27","post_date_gmt":"2022-07-28 15:48:27","post_content":"","post_title":"GRIJALBO","post_excerpt":"","post_status":"publish","comment_status":"closed","ping_status":"closed","post_password":"","post_name":"grijalbo","to_ping":"","pinged":"","post_modified":"2022-07-28 17:48:27","post_modified_gmt":"2022-07-28 15:48:27","post_content_filtered":"","post_parent":0,"guid":"http:\/\/dev.claret.cat\/editorial\/grijalbo\/","menu_order":0,"post_type":"editorial","post_mime_type":"","comment_count":"0","filter":"raw"}],"booktrailer":"","resenas":""},"aioseo_notices":[],"_links":{"self":[{"href":"https:\/\/www.claret.cat\/es\/wp-json\/wp\/v2\/product\/960833","targetHints":{"allow":["GET"]}}],"collection":[{"href":"https:\/\/www.claret.cat\/es\/wp-json\/wp\/v2\/product"}],"about":[{"href":"https:\/\/www.claret.cat\/es\/wp-json\/wp\/v2\/types\/product"}],"wp:featuredmedia":[{"embeddable":true,"href":"https:\/\/www.claret.cat\/es\/wp-json\/wp\/v2\/media\/960935"}],"wp:attachment":[{"href":"https:\/\/www.claret.cat\/es\/wp-json\/wp\/v2\/media?parent=960833"}],"wp:term":[{"taxonomy":"product_brand","embeddable":true,"href":"https:\/\/www.claret.cat\/es\/wp-json\/wp\/v2\/product_brand?post=960833"},{"taxonomy":"product_cat","embeddable":true,"href":"https:\/\/www.claret.cat\/es\/wp-json\/wp\/v2\/product_cat?post=960833"},{"taxonomy":"product_tag","embeddable":true,"href":"https:\/\/www.claret.cat\/es\/wp-json\/wp\/v2\/product_tag?post=960833"}],"curies":[{"name":"wp","href":"https:\/\/api.w.org\/{rel}","templated":true}]}}