{"id":961121,"date":"2024-04-09T16:15:03","date_gmt":"2024-04-09T14:15:03","guid":{"rendered":"https:\/\/www.claret.cat\/llibre\/apren-a-llegir-amb-els-detectius-pocazooltes-3-lluna-plena-i-el-mussolllop-9788413897851\/"},"modified":"2026-02-28T12:40:16","modified_gmt":"2026-02-28T11:40:16","slug":"apren-a-llegir-amb-els-detectius-pocazooltes-3-lluna-plena-i-el-mussolllop-9788413897851","status":"publish","type":"product","link":"https:\/\/www.claret.cat\/es\/libro\/apren-a-llegir-amb-els-detectius-pocazooltes-3-lluna-plena-i-el-mussolllop-9788413897851\/","title":{"rendered":"APR\u00c8N A LLEGIR AMB&#8230; ELS DETECTIUS POCA-ZOOLTES 3. LLUNA PLENA I EL MUSSOL-LLOP"},"content":{"rendered":"<p>APRENDRE A LLEGIR \u00c9S F\u00c0CIL AMB ELS POCA-ZOOLTES:<br \/> DETECTIUS ANIMALS PER A CASOS ESPECIALS!Mar Benegas, traductora d&#8217;ESCOLA DE MONSTRES, presenta ara la seva pr\u00f2pia col\u00b7lecci\u00f3 de llibres per APRENDRE A LLEGIR.<br \/> Inclou solapes perqu\u00e8 els petits aprenents de lectors tri\u00efn el seu propi final!<br \/> Els animals del bosc estan molt alterats: hi ha un monstre que apareix les nits de lluna plena i ho destrueix tot al seu pas. Qui deu ser aquest misteri\u00f3s \u00e9sser nocturn? Un nou cas per als Detectius Poca-zooltes!<br \/> PER QU\u00c8 ELS POCA-ZOOLTES \u00c9S LA MILLOR COL\u00b7LECCI\u00d3 PER APRENDRE A LLEGIR?<br \/> -Lletres maj\u00fascules + text rimat.<br \/> -Mar Benegas\u00a0\u00e9s una de les grans promotores de la lectura a l&#8217;estat espanyol. Amb la seva tasca incansable i la seva experi\u00e8ncia aconsegueix que milers de nens i nenes queden captivats per la m\u00e0gia de la lectura.<br \/> -Rimes originals creades per l&#8217;autora. Textos pensats perqu\u00e8 nens i nenes a partir de 5 anys puguin aproximar-se al seu ritme al coneixement de les lletres, les paraules, les frases, i s&#8217;inici\u00efn en la lectura aut\u00f2noma.<br \/> -Cont\u00e9 unes solapes on podran triar quin final volen entre dues opcions: el seu primer TRIA LA TEVA AVENTURA!<br \/> -Uns protagonistes molt originals:\u00a0un ratpenat, una hiena i un porc, tres animals molt poc habituals en els llibres infantils, per\u00f2 que faran que nens i nenes es petin de riure amb el seu humor esbojarrat i surrealista.<br \/> -Inclou\u00a0activitats divertides\u00a0relacionades amb les lletres, les paraules i l&#8217;aventura que acaben de llegir.<\/p>\n","protected":false},"excerpt":{"rendered":"<p>BENEGAS, MAR<\/p>\n","protected":false},"featured_media":1058473,"template":"","meta":{"_acf_changed":false,"om_disable_all_campaigns":false,"rs_blank_template":"","rs_page_bg_color":"","slide_template_v7":"","inline_featured_image":false,"_monsterinsights_skip_tracking":false,"_monsterinsights_sitenote_active":false,"_monsterinsights_sitenote_note":"","_monsterinsights_sitenote_category":0},"product_brand":[],"product_cat":[131,361],"product_tag":[],"class_list":{"0":"post-961121","1":"product","2":"type-product","3":"status-publish","4":"has-post-thumbnail","6":"product_cat-contes-per-infants-0-6-anys","7":"product_cat-cuentos-para-ninos-0-6-anos","9":"first","10":"instock","11":"taxable","12":"shipping-taxable","13":"purchasable","14":"product-type-simple"},"acf":{"autor":"BENEGAS, MAR","codart":"841389785","libros-coleccion":"Primers lectors","ediciones":"1","encuadernacion":"R\u00fastica","fecha_de_publicacion":"01\/04\/2024","novedad":"1","paginas":"56","subtitulo":"","orden":"0","portada":"0","idioma":"cat","editorial":[{"ID":6249,"post_author":"3","post_date":"2022-07-28 17:48:09","post_date_gmt":"2022-07-28 15:48:09","post_content":"","post_title":"Estrella Polar","post_excerpt":"","post_status":"publish","comment_status":"closed","ping_status":"closed","post_password":"","post_name":"estrella-polar","to_ping":"","pinged":"","post_modified":"2022-07-28 17:48:09","post_modified_gmt":"2022-07-28 15:48:09","post_content_filtered":"","post_parent":0,"guid":"http:\/\/dev.claret.cat\/editorial\/estrella-polar\/","menu_order":0,"post_type":"editorial","post_mime_type":"","comment_count":"0","filter":"raw"}],"booktrailer":"","resenas":""},"aioseo_notices":[],"_links":{"self":[{"href":"https:\/\/www.claret.cat\/es\/wp-json\/wp\/v2\/product\/961121","targetHints":{"allow":["GET"]}}],"collection":[{"href":"https:\/\/www.claret.cat\/es\/wp-json\/wp\/v2\/product"}],"about":[{"href":"https:\/\/www.claret.cat\/es\/wp-json\/wp\/v2\/types\/product"}],"wp:featuredmedia":[{"embeddable":true,"href":"https:\/\/www.claret.cat\/es\/wp-json\/wp\/v2\/media\/1058473"}],"wp:attachment":[{"href":"https:\/\/www.claret.cat\/es\/wp-json\/wp\/v2\/media?parent=961121"}],"wp:term":[{"taxonomy":"product_brand","embeddable":true,"href":"https:\/\/www.claret.cat\/es\/wp-json\/wp\/v2\/product_brand?post=961121"},{"taxonomy":"product_cat","embeddable":true,"href":"https:\/\/www.claret.cat\/es\/wp-json\/wp\/v2\/product_cat?post=961121"},{"taxonomy":"product_tag","embeddable":true,"href":"https:\/\/www.claret.cat\/es\/wp-json\/wp\/v2\/product_tag?post=961121"}],"curies":[{"name":"wp","href":"https:\/\/api.w.org\/{rel}","templated":true}]}}